{"id":1357,"date":"2017-03-26T18:20:33","date_gmt":"2017-03-26T15:20:33","guid":{"rendered":"http:\/\/sirrimedia.fi\/helas\/membership-login\/"},"modified":"2023-09-01T09:27:49","modified_gmt":"2023-09-01T06:27:49","slug":"membership-login","status":"publish","type":"page","link":"https:\/\/helas.fi\/sv\/membership-login\/","title":{"rendered":"Logga in"},"content":{"rendered":"<div data-elementor-type=\"wp-page\" data-elementor-id=\"1357\" class=\"elementor elementor-1357\">\n\t\t\t\t\t\t<section class=\"elementor-section elementor-top-section elementor-element elementor-element-f7d8e84 elementor-section-full_width elementor-section-height-default elementor-section-height-default\" data-id=\"f7d8e84\" data-element_type=\"section\">\n\t\t\t\t\t\t<div class=\"elementor-container elementor-column-gap-default\">\n\t\t\t\t\t<div class=\"elementor-column elementor-col-100 elementor-top-column elementor-element elementor-element-af873d2\" data-id=\"af873d2\" data-element_type=\"column\">\n\t\t\t<div class=\"elementor-widget-wrap elementor-element-populated\">\n\t\t\t\t\t\t<div class=\"elementor-element elementor-element-3ee0c93 elementor-widget elementor-widget-heading\" data-id=\"3ee0c93\" data-element_type=\"widget\" data-widget_type=\"heading.default\">\n\t\t\t\t<div class=\"elementor-widget-container\">\n\t\t\t<h2 class=\"elementor-heading-title elementor-size-default\">Logga in<\/h2>\t\t<\/div>\n\t\t\t\t<\/div>\n\t\t\t\t\t<\/div>\n\t\t<\/div>\n\t\t\t\t\t<\/div>\n\t\t<\/section>\n\t\t\t\t<section class=\"elementor-section elementor-top-section elementor-element elementor-element-10a6a717 elementor-section-full_width elementor-section-height-default elementor-section-height-default\" data-id=\"10a6a717\" data-element_type=\"section\">\n\t\t\t\t\t\t<div class=\"elementor-container elementor-column-gap-default\">\n\t\t\t\t\t<div class=\"elementor-column elementor-col-100 elementor-top-column elementor-element elementor-element-32881f2f\" data-id=\"32881f2f\" data-element_type=\"column\">\n\t\t\t<div class=\"elementor-widget-wrap elementor-element-populated\">\n\t\t\t\t\t\t<div class=\"elementor-element elementor-element-41e00f3a elementor-widget elementor-widget-shortcode\" data-id=\"41e00f3a\" data-element_type=\"widget\" data-widget_type=\"shortcode.default\">\n\t\t\t\t<div class=\"elementor-widget-container\">\n\t\t\t\t\t<div class=\"elementor-shortcode\"><div class=\"swpm-login-widget-form\">\n    <form id=\"swpm-login-form\" name=\"swpm-login-form\" method=\"post\" action=\"\" data-trp-original-action=\"\">\n        <div class=\"swpm-login-form-inner\">\n            <div class=\"swpm-username-label\">\n                <label for=\"swpm_user_name\" class=\"swpm-label\">Anv\u00e4ndarnamn eller E-post<\/label>\n            <\/div>\n            <div class=\"swpm-username-input\">\n                <input type=\"text\" class=\"swpm-text-field swpm-username-field\" id=\"swpm_user_name\" value=\"\" size=\"25\" name=\"swpm_user_name\" \/>\n            <\/div>\n            <div class=\"swpm-password-label\">\n                <label for=\"swpm_password\" class=\"swpm-label\">L\u00f6senord<\/label>\n            <\/div>\n            <div class=\"swpm-password-input\">                \n                <input type=\"password\" class=\"swpm-text-field swpm-password-field\" id=\"swpm_password\" value=\"\" size=\"25\" name=\"swpm_password\" \/>                \n            <\/div>\n                        <div class=\"swpm-remember-me\">\n                <span class=\"swpm-remember-checkbox\"><input type=\"checkbox\" name=\"rememberme\" id=\"swpm-rememberme\"><\/span>\n                <label for=\"swpm-rememberme\" class=\"swpm-rememberme-label\">\n                    <span class=\"swpm-rember-label\"> Kom ih\u00e5g mig<\/span>\n                <\/label>\n            <\/div>\n\n            <div class=\"swpm-before-login-submit-section\"><\/div>\n\n            <div class=\"swpm-login-submit\">\n                <input type=\"submit\" class=\"swpm-login-form-submit\" name=\"swpm-login\" value=\"Logga in\"\/>\n            <\/div>\n            <div class=\"swpm-forgot-pass-link\">\n                <a id=\"forgot_pass\" class=\"swpm-login-form-pw-reset-link\"  href=\"https:\/\/helas.fi\/sv\/salasanan-palautus\/\">Gl\u00f6mt ditt l\u00f6senord?<\/a>\n            <\/div>\n                        <div class=\"swpm-join-us-link\">\n                <a id=\"register\" class=\"swpm-login-form-register-link\" href=\"https:\/\/helas.fi\/sv\/rekisteroidy\/\">Bli medlem.<\/a>\n            <\/div>\n                        <div class=\"swpm-login-action-msg\">\n                <span class=\"swpm-login-widget-action-msg\"><\/span>\n            <\/div>\n        <\/div>\n    <input type=\"hidden\" name=\"trp-form-language\" value=\"sv\"\/><\/form>\n<\/div>\n<\/div>\n\t\t\t\t<\/div>\n\t\t\t\t<\/div>\n\t\t\t\t\t<\/div>\n\t\t<\/div>\n\t\t\t\t\t<\/div>\n\t\t<\/section>\n\t\t\t\t<\/div>","protected":false},"excerpt":{"rendered":"<p>Logga in<\/p>","protected":false},"author":73,"featured_media":0,"parent":0,"menu_order":0,"comment_status":"closed","ping_status":"closed","template":"","meta":{"_bbp_topic_count":0,"_bbp_reply_count":0,"_bbp_total_topic_count":0,"_bbp_total_reply_count":0,"_bbp_voice_count":0,"_bbp_anonymous_reply_count":0,"_bbp_topic_count_hidden":0,"_bbp_reply_count_hidden":0,"_bbp_forum_subforum_count":0,"site-sidebar-layout":"default","site-content-layout":"","ast-site-content-layout":"default","site-content-style":"default","site-sidebar-style":"default","ast-global-header-display":"","ast-banner-title-visibility":"","ast-main-header-display":"","ast-hfb-above-header-display":"","ast-hfb-below-header-display":"","ast-hfb-mobile-header-display":"","site-post-title":"","ast-breadcrumbs-content":"","ast-featured-img":"","footer-sml-layout":"","theme-transparent-header-meta":"","adv-header-id-meta":"","stick-header-meta":"","header-above-stick-meta":"","header-main-stick-meta":"","header-below-stick-meta":"","astra-migrate-meta-layouts":"set","ast-page-background-enabled":"default","ast-page-background-meta":{"desktop":{"background-color":"var(--ast-global-color-4)","background-image":"","background-repeat":"repeat","background-position":"center center","background-size":"auto","background-attachment":"scroll","background-type":"","background-media":"","overlay-type":"","overlay-color":"","overlay-opacity":"","overlay-gradient":""},"tablet":{"background-color":"","background-image":"","background-repeat":"repeat","background-position":"center center","background-size":"auto","background-attachment":"scroll","background-type":"","background-media":"","overlay-type":"","overlay-color":"","overlay-opacity":"","overlay-gradient":""},"mobile":{"background-color":"","background-image":"","background-repeat":"repeat","background-position":"center center","background-size":"auto","background-attachment":"scroll","background-type":"","background-media":"","overlay-type":"","overlay-color":"","overlay-opacity":"","overlay-gradient":""}},"ast-content-background-meta":{"desktop":{"background-color":"var(--ast-global-color-5)","background-image":"","background-repeat":"repeat","background-position":"center center","background-size":"auto","background-attachment":"scroll","background-type":"","background-media":"","overlay-type":"","overlay-color":"","overlay-opacity":"","overlay-gradient":""},"tablet":{"background-color":"var(--ast-global-color-5)","background-image":"","background-repeat":"repeat","background-position":"center center","background-size":"auto","background-attachment":"scroll","background-type":"","background-media":"","overlay-type":"","overlay-color":"","overlay-opacity":"","overlay-gradient":""},"mobile":{"background-color":"var(--ast-global-color-5)","background-image":"","background-repeat":"repeat","background-position":"center center","background-size":"auto","background-attachment":"scroll","background-type":"","background-media":"","overlay-type":"","overlay-color":"","overlay-opacity":"","overlay-gradient":""}},"iawp_total_views":805,"footnotes":""},"class_list":["post-1357","page","type-page","status-publish","hentry"],"yoast_head":"<!-- This site is optimized with the Yoast SEO plugin v23.7 - https:\/\/yoast.com\/wordpress\/plugins\/seo\/ -->\n<title>HELAS Asumisoikeusasunnot | Kirjaudu sis\u00e4\u00e4n<\/title>\n<meta name=\"robots\" content=\"noindex, nofollow\" \/>\n<meta property=\"og:locale\" content=\"sv_SE\" \/>\n<meta property=\"og:type\" content=\"article\" \/>\n<meta property=\"og:title\" content=\"HELAS Asumisoikeusasunnot | Kirjaudu sis\u00e4\u00e4n\" \/>\n<meta property=\"og:description\" content=\"Kirjaudu sis\u00e4\u00e4n\" \/>\n<meta property=\"og:url\" content=\"https:\/\/helas-fi.hel8.wp-cloud.dev\/membership-login\/\" \/>\n<meta property=\"article:modified_time\" content=\"2023-09-01T06:27:49+00:00\" \/>\n<meta name=\"twitter:card\" content=\"summary_large_image\" \/>\n<meta name=\"twitter:label1\" content=\"Ber\u00e4knad l\u00e4stid\" \/>\n\t<meta name=\"twitter:data1\" content=\"1 minut\" \/>\n<script type=\"application\/ld+json\" class=\"yoast-schema-graph\">{\"@context\":\"https:\/\/schema.org\",\"@graph\":[{\"@type\":\"WebPage\",\"@id\":\"https:\/\/helas-fi.hel8.wp-cloud.dev\/membership-login\/\",\"url\":\"https:\/\/helas-fi.hel8.wp-cloud.dev\/membership-login\/\",\"name\":\"HELAS Asumisoikeusasunnot | Kirjaudu sis\u00e4\u00e4n\",\"isPartOf\":{\"@id\":\"https:\/\/helas.fi\/#website\"},\"datePublished\":\"2017-03-26T15:20:33+00:00\",\"dateModified\":\"2023-09-01T06:27:49+00:00\",\"breadcrumb\":{\"@id\":\"https:\/\/helas-fi.hel8.wp-cloud.dev\/membership-login\/#breadcrumb\"},\"inLanguage\":\"sv-SE\",\"potentialAction\":[{\"@type\":\"ReadAction\",\"target\":[\"https:\/\/helas-fi.hel8.wp-cloud.dev\/membership-login\/\"]}]},{\"@type\":\"BreadcrumbList\",\"@id\":\"https:\/\/helas-fi.hel8.wp-cloud.dev\/membership-login\/#breadcrumb\",\"itemListElement\":[{\"@type\":\"ListItem\",\"position\":1,\"name\":\"Home\",\"item\":\"https:\/\/helas.fi\/\"},{\"@type\":\"ListItem\",\"position\":2,\"name\":\"Kirjaudu sis\u00e4\u00e4n\"}]},{\"@type\":\"WebSite\",\"@id\":\"https:\/\/helas.fi\/#website\",\"url\":\"https:\/\/helas.fi\/\",\"name\":\"\",\"description\":\"Asumisoikeusasunnot Helsingiss\u00e4, Espoossa, Vantaalla ja Vihdiss\u00e4\",\"potentialAction\":[{\"@type\":\"SearchAction\",\"target\":{\"@type\":\"EntryPoint\",\"urlTemplate\":\"https:\/\/helas.fi\/?s={search_term_string}\"},\"query-input\":{\"@type\":\"PropertyValueSpecification\",\"valueRequired\":true,\"valueName\":\"search_term_string\"}}],\"inLanguage\":\"sv-SE\"}]}<\/script>\n<!-- \/ Yoast SEO plugin. -->","yoast_head_json":{"title":"HELAS Asumisoikeusasunnot | Kirjaudu sis\u00e4\u00e4n","robots":{"index":"noindex","follow":"nofollow"},"og_locale":"sv_SE","og_type":"article","og_title":"HELAS Asumisoikeusasunnot | Kirjaudu sis\u00e4\u00e4n","og_description":"Kirjaudu sis\u00e4\u00e4n","og_url":"https:\/\/helas-fi.hel8.wp-cloud.dev\/membership-login\/","article_modified_time":"2023-09-01T06:27:49+00:00","twitter_card":"summary_large_image","twitter_misc":{"Ber\u00e4knad l\u00e4stid":"1 minut"},"schema":{"@context":"https:\/\/schema.org","@graph":[{"@type":"WebPage","@id":"https:\/\/helas-fi.hel8.wp-cloud.dev\/membership-login\/","url":"https:\/\/helas-fi.hel8.wp-cloud.dev\/membership-login\/","name":"HELAS Asumisoikeusasunnot | Kirjaudu sis\u00e4\u00e4n","isPartOf":{"@id":"https:\/\/helas.fi\/#website"},"datePublished":"2017-03-26T15:20:33+00:00","dateModified":"2023-09-01T06:27:49+00:00","breadcrumb":{"@id":"https:\/\/helas-fi.hel8.wp-cloud.dev\/membership-login\/#breadcrumb"},"inLanguage":"sv-SE","potentialAction":[{"@type":"ReadAction","target":["https:\/\/helas-fi.hel8.wp-cloud.dev\/membership-login\/"]}]},{"@type":"BreadcrumbList","@id":"https:\/\/helas-fi.hel8.wp-cloud.dev\/membership-login\/#breadcrumb","itemListElement":[{"@type":"ListItem","position":1,"name":"Home","item":"https:\/\/helas.fi\/"},{"@type":"ListItem","position":2,"name":"Kirjaudu sis\u00e4\u00e4n"}]},{"@type":"WebSite","@id":"https:\/\/helas.fi\/#website","url":"https:\/\/helas.fi\/","name":"","description":"Asumisoikeusasunnot Helsingiss\u00e4, Espoossa, Vantaalla ja Vihdiss\u00e4","potentialAction":[{"@type":"SearchAction","target":{"@type":"EntryPoint","urlTemplate":"https:\/\/helas.fi\/?s={search_term_string}"},"query-input":{"@type":"PropertyValueSpecification","valueRequired":true,"valueName":"search_term_string"}}],"inLanguage":"sv-SE"}]}},"_links":{"self":[{"href":"https:\/\/helas.fi\/sv\/wp-json\/wp\/v2\/pages\/1357"}],"collection":[{"href":"https:\/\/helas.fi\/sv\/wp-json\/wp\/v2\/pages"}],"about":[{"href":"https:\/\/helas.fi\/sv\/wp-json\/wp\/v2\/types\/page"}],"author":[{"embeddable":true,"href":"https:\/\/helas.fi\/sv\/wp-json\/wp\/v2\/users\/73"}],"replies":[{"embeddable":true,"href":"https:\/\/helas.fi\/sv\/wp-json\/wp\/v2\/comments?post=1357"}],"version-history":[{"count":11,"href":"https:\/\/helas.fi\/sv\/wp-json\/wp\/v2\/pages\/1357\/revisions"}],"predecessor-version":[{"id":13583,"href":"https:\/\/helas.fi\/sv\/wp-json\/wp\/v2\/pages\/1357\/revisions\/13583"}],"wp:attachment":[{"href":"https:\/\/helas.fi\/sv\/wp-json\/wp\/v2\/media?parent=1357"}],"curies":[{"name":"wp","href":"https:\/\/api.w.org\/{rel}","templated":true}]}}