{"id":140,"date":"2023-02-06T11:32:05","date_gmt":"2023-02-06T09:32:05","guid":{"rendered":"http:\/\/localhost:8888\/Mallisivu\/?page_id=140"},"modified":"2023-08-31T19:29:07","modified_gmt":"2023-08-31T16:29:07","slug":"vihti-huhdanmaki-kyostinpolku","status":"publish","type":"page","link":"https:\/\/helas.fi\/sv\/vihti-huhdanmaki-kyostinpolku\/","title":{"rendered":"Vihti, Huhdanm\u00e4ki, Ky\u00f6stinpolku"},"content":{"rendered":"<div data-elementor-type=\"wp-post\" data-elementor-id=\"140\" class=\"elementor elementor-140\">\n\t\t\t\t\t\t<section class=\"elementor-section elementor-top-section elementor-element elementor-element-42bc12d5 elementor-section-boxed elementor-section-height-default elementor-section-height-default\" data-id=\"42bc12d5\" data-element_type=\"section\">\n\t\t\t\t\t\t<div class=\"elementor-container elementor-column-gap-default\">\n\t\t\t\t\t<div class=\"elementor-column elementor-col-100 elementor-top-column elementor-element elementor-element-5a769dda\" data-id=\"5a769dda\" data-element_type=\"column\">\n\t\t\t<div class=\"elementor-widget-wrap elementor-element-populated\">\n\t\t\t\t\t\t<div class=\"elementor-element elementor-element-15821432 elementor-widget elementor-widget-heading\" data-id=\"15821432\" data-element_type=\"widget\" data-widget_type=\"heading.default\">\n\t\t\t\t<div class=\"elementor-widget-container\">\n\t\t\t<h1 class=\"elementor-heading-title elementor-size-default\">Ky\u00f6stinpolku<\/h1>\t\t<\/div>\n\t\t\t\t<\/div>\n\t\t\t\t<div class=\"elementor-element elementor-element-fe7bbf elementor-widget elementor-widget-heading\" data-id=\"fe7bbf\" data-element_type=\"widget\" data-widget_type=\"heading.default\">\n\t\t\t\t<div class=\"elementor-widget-container\">\n\t\t\t<h2 class=\"elementor-heading-title elementor-size-default\">Flerv\u00e5ningshus i Nummela, Vichtis<\/h2>\t\t<\/div>\n\t\t\t\t<\/div>\n\t\t\t\t\t<\/div>\n\t\t<\/div>\n\t\t\t\t\t<\/div>\n\t\t<\/section>\n\t\t\t\t<section class=\"elementor-section elementor-top-section elementor-element elementor-element-93cba78 elementor-section-boxed elementor-section-height-default elementor-section-height-default\" data-id=\"93cba78\" data-element_type=\"section\">\n\t\t\t\t\t\t<div class=\"elementor-container elementor-column-gap-extended\">\n\t\t\t\t\t<div class=\"elementor-column elementor-col-50 elementor-top-column elementor-element elementor-element-3e34024\" data-id=\"3e34024\" data-element_type=\"column\">\n\t\t\t<div class=\"elementor-widget-wrap elementor-element-populated\">\n\t\t\t\t\t\t<div class=\"elementor-element elementor-element-8deffec elementor-widget elementor-widget-text-editor\" data-id=\"8deffec\" data-element_type=\"widget\" data-widget_type=\"text-editor.default\">\n\t\t\t\t<div class=\"elementor-widget-container\">\n\t\t\t\t\t\t\t<p>Ky\u00f6stinpolku \u00e4r ett mysigt flerv\u00e5ningshus som ligger i ett lugnt l\u00e4ge i utkanten av Nummela centrum, p\u00e5 g\u00e5ngavst\u00e5nd fr\u00e5n de omfattande tj\u00e4nsterna i Vichtis st\u00f6rsta centrum.<\/p><p>Varje bostad har egen bastu, balkong eller liten innerg\u00e5rd.<\/p><p>Omr\u00e5det ligger ca 45 km fr\u00e5n Helsingfors centrum och har goda kommunikationer. I omr\u00e5det finns ett brett utbud av fritidsaktiviteter och utm\u00e4rkta friluftsomr\u00e5den.<\/p>\t\t\t\t\t\t<\/div>\n\t\t\t\t<\/div>\n\t\t\t\t\t<\/div>\n\t\t<\/div>\n\t\t\t\t<div class=\"elementor-column elementor-col-50 elementor-top-column elementor-element elementor-element-ec1a2c4\" data-id=\"ec1a2c4\" data-element_type=\"column\">\n\t\t\t<div class=\"elementor-widget-wrap elementor-element-populated\">\n\t\t\t\t\t\t<div class=\"elementor-element elementor-element-34df2b9 elementor-widget elementor-widget-image\" data-id=\"34df2b9\" data-element_type=\"widget\" data-widget_type=\"image.default\">\n\t\t\t\t<div class=\"elementor-widget-container\">\n\t\t\t\t\t\t\t\t\t\t\t\t\t<img fetchpriority=\"high\" decoding=\"async\" width=\"500\" height=\"400\" src=\"https:\/\/helas.fi\/wp-content\/uploads\/kyostinpolku_1.webp\" class=\"attachment-full size-full wp-image-12057\" alt=\"Ky\u00f6stinpolun talo kadulta p\u00e4in\" \/>\t\t\t\t\t\t\t\t\t\t\t\t\t<\/div>\n\t\t\t\t<\/div>\n\t\t\t\t\t<\/div>\n\t\t<\/div>\n\t\t\t\t\t<\/div>\n\t\t<\/section>\n\t\t\t\t<section class=\"elementor-section elementor-top-section elementor-element elementor-element-2ce9595 elementor-reverse-mobile elementor-section-boxed elementor-section-height-default elementor-section-height-default\" data-id=\"2ce9595\" data-element_type=\"section\">\n\t\t\t\t\t\t<div class=\"elementor-container elementor-column-gap-default\">\n\t\t\t\t\t<div class=\"elementor-column elementor-col-50 elementor-top-column elementor-element elementor-element-f285cdc\" data-id=\"f285cdc\" data-element_type=\"column\">\n\t\t\t<div class=\"elementor-widget-wrap elementor-element-populated\">\n\t\t\t\t\t\t<div class=\"elementor-element elementor-element-b7b29cb elementor-widget elementor-widget-google_maps\" data-id=\"b7b29cb\" data-element_type=\"widget\" data-widget_type=\"google_maps.default\">\n\t\t\t\t<div class=\"elementor-widget-container\">\n\t\t\t\t\t<div class=\"elementor-custom-embed\">\n\t\t\t<iframe loading=\"lazy\"\n\t\t\t\t\tsrc=\"https:\/\/maps.google.com\/maps?q=ky%C3%B6stinpolku%20nummela&#038;t=m&#038;z=10&#038;output=embed&#038;iwloc=near\"\n\t\t\t\t\ttitle=\"ky\u00f6stinpolku nummela\"\n\t\t\t\t\taria-label=\"ky\u00f6stinpolku nummela\"\n\t\t\t><\/iframe>\n\t\t<\/div>\n\t\t\t\t<\/div>\n\t\t\t\t<\/div>\n\t\t\t\t\t<\/div>\n\t\t<\/div>\n\t\t\t\t<div class=\"elementor-column elementor-col-50 elementor-top-column elementor-element elementor-element-af76393\" data-id=\"af76393\" data-element_type=\"column\">\n\t\t\t<div class=\"elementor-widget-wrap elementor-element-populated\">\n\t\t\t\t\t\t<div class=\"elementor-element elementor-element-426df25 elementor-widget elementor-widget-heading\" data-id=\"426df25\" data-element_type=\"widget\" data-widget_type=\"heading.default\">\n\t\t\t\t<div class=\"elementor-widget-container\">\n\t\t\t<h3 class=\"elementor-heading-title elementor-size-default\">Bost\u00e4der<\/h3>\t\t<\/div>\n\t\t\t\t<\/div>\n\t\t\t\t<div class=\"elementor-element elementor-element-25a4157 elementor-widget elementor-widget-text-editor\" data-id=\"25a4157\" data-element_type=\"widget\" data-widget_type=\"text-editor.default\">\n\t\t\t\t<div class=\"elementor-widget-container\">\n\t\t\t\t\t\t\t<p>B14  60,5 m2, 2R + K + B<br \/>B15  75 m2, 3R+ K+ B<br \/>B16  60,5 m2, 2R + K + B<br \/>B17  60 m2, 2R+ K + B<br \/>B18  75 m2, 3R + K + B<br \/>B19  60 m2, 2R+ K+ B<br \/>B20  48 m2, 2R + K + B<br \/>B22  75 m2, 3R + K + B<br \/>B23  60 m2, 2R + K+ B<br \/>B24  48 m2, 2R + K + B<\/p>\t\t\t\t\t\t<\/div>\n\t\t\t\t<\/div>\n\t\t\t\t\t<\/div>\n\t\t<\/div>\n\t\t\t\t\t<\/div>\n\t\t<\/section>\n\t\t\t\t<\/div>","protected":false},"excerpt":{"rendered":"<p>Ky\u00f6stinpolku Kerrostalokohde Vihdin Nummelassa Ky\u00f6stinpolun viihtyis\u00e4 kerrostalokohde sijaitsee rauhallisella paikalla Nummelan keskustan laidalla, k\u00e4velymatkan p\u00e4\u00e4ss\u00e4 Vihdin suurimman keskuksen kattavista palveluista. Jokaiseen asuinhuoneistoon kuuluu oma sauna, parveke tai pieni piha. Kohde sijaitsee noin 45 kilometrin p\u00e4\u00e4ss\u00e4 Helsingin keskustasta hyvien kulkuyhteyksien p\u00e4\u00e4ss\u00e4. Alueelta l\u00f6ytyy monipuoliset harrastusmahdollisuudet ja loistavia ulkoilumaastoja. Asunnot B14 60,5 m2, 2 h + k [&hellip;]<\/p>","protected":false},"author":73,"featured_media":0,"parent":0,"menu_order":0,"comment_status":"closed","ping_status":"closed","template":"","meta":{"_bbp_topic_count":0,"_bbp_reply_count":0,"_bbp_total_topic_count":0,"_bbp_total_reply_count":0,"_bbp_voice_count":0,"_bbp_anonymous_reply_count":0,"_bbp_topic_count_hidden":0,"_bbp_reply_count_hidden":0,"_bbp_forum_subforum_count":0,"site-sidebar-layout":"no-sidebar","site-content-layout":"plain-container","ast-site-content-layout":"normal-width-container","site-content-style":"unboxed","site-sidebar-style":"unboxed","ast-global-header-display":"","ast-banner-title-visibility":"","ast-main-header-display":"","ast-hfb-above-header-display":"","ast-hfb-below-header-display":"","ast-hfb-mobile-header-display":"","site-post-title":"disabled","ast-breadcrumbs-content":"","ast-featured-img":"disabled","footer-sml-layout":"","theme-transparent-header-meta":"default","adv-header-id-meta":"","stick-header-meta":"","header-above-stick-meta":"","header-main-stick-meta":"","header-below-stick-meta":"","astra-migrate-meta-layouts":"set","ast-page-background-enabled":"default","ast-page-background-meta":{"desktop":{"background-color":"var(--ast-global-color-4)","background-image":"","background-repeat":"repeat","background-position":"center center","background-size":"auto","background-attachment":"scroll","background-type":"","background-media":"","overlay-type":"","overlay-color":"","overlay-opacity":"","overlay-gradient":""},"tablet":{"background-color":"","background-image":"","background-repeat":"repeat","background-position":"center center","background-size":"auto","background-attachment":"scroll","background-type":"","background-media":"","overlay-type":"","overlay-color":"","overlay-opacity":"","overlay-gradient":""},"mobile":{"background-color":"","background-image":"","background-repeat":"repeat","background-position":"center center","background-size":"auto","background-attachment":"scroll","background-type":"","background-media":"","overlay-type":"","overlay-color":"","overlay-opacity":"","overlay-gradient":""}},"ast-content-background-meta":{"desktop":{"background-color":"var(--ast-global-color-5)","background-image":"","background-repeat":"repeat","background-position":"center center","background-size":"auto","background-attachment":"scroll","background-type":"","background-media":"","overlay-type":"","overlay-color":"","overlay-opacity":"","overlay-gradient":""},"tablet":{"background-color":"var(--ast-global-color-5)","background-image":"","background-repeat":"repeat","background-position":"center center","background-size":"auto","background-attachment":"scroll","background-type":"","background-media":"","overlay-type":"","overlay-color":"","overlay-opacity":"","overlay-gradient":""},"mobile":{"background-color":"var(--ast-global-color-5)","background-image":"","background-repeat":"repeat","background-position":"center center","background-size":"auto","background-attachment":"scroll","background-type":"","background-media":"","overlay-type":"","overlay-color":"","overlay-opacity":"","overlay-gradient":""}},"iawp_total_views":224,"footnotes":""},"class_list":["post-140","page","type-page","status-publish","hentry"],"yoast_head":"<!-- This site is optimized with the Yoast SEO plugin v23.7 - https:\/\/yoast.com\/wordpress\/plugins\/seo\/ -->\n<title>Vihti Huhdanm\u00e4ki | Helas asumisoikeusasunnot<\/title>\n<meta name=\"description\" content=\"Vihti Huhdanm\u00e4li, kerrostalokohde Vihdin Nummelassa. Ky\u00f6stinpolulla viihtyis\u00e4t ja valoisat kerrostaloasunnot rauhallisella paikalla Nummelan keskustan laidalla, k\u00e4velymatkan p\u00e4\u00e4ss\u00e4 kaikista Vihdin palveluista.\" \/>\n<meta name=\"robots\" content=\"index, follow, max-snippet:-1, max-image-preview:large, max-video-preview:-1\" \/>\n<link rel=\"canonical\" href=\"https:\/\/helas-fi.hel8.wp-cloud.dev\/vihti-huhdanmaki-kyostinpolku\/\" \/>\n<meta property=\"og:locale\" content=\"sv_SE\" \/>\n<meta property=\"og:type\" content=\"article\" \/>\n<meta property=\"og:title\" content=\"Vihti Huhdanm\u00e4ki | Helas asumisoikeusasunnot\" \/>\n<meta property=\"og:description\" content=\"Vihti Huhdanm\u00e4li, kerrostalokohde Vihdin Nummelassa. Ky\u00f6stinpolulla viihtyis\u00e4t ja valoisat kerrostaloasunnot rauhallisella paikalla Nummelan keskustan laidalla, k\u00e4velymatkan p\u00e4\u00e4ss\u00e4 kaikista Vihdin palveluista.\" \/>\n<meta property=\"og:url\" content=\"https:\/\/helas-fi.hel8.wp-cloud.dev\/vihti-huhdanmaki-kyostinpolku\/\" \/>\n<meta property=\"article:modified_time\" content=\"2023-08-31T16:29:07+00:00\" \/>\n<meta property=\"og:image\" content=\"https:\/\/helas-fi.hel8.wp-cloud.dev\/wp-content\/uploads\/kyostinpolku_1.webp\" \/>\n<meta name=\"twitter:card\" content=\"summary_large_image\" \/>\n<meta name=\"twitter:label1\" content=\"Ber\u00e4knad l\u00e4stid\" \/>\n\t<meta name=\"twitter:data1\" content=\"1 minut\" \/>\n<script type=\"application\/ld+json\" class=\"yoast-schema-graph\">{\"@context\":\"https:\/\/schema.org\",\"@graph\":[{\"@type\":\"WebPage\",\"@id\":\"https:\/\/helas-fi.hel8.wp-cloud.dev\/vihti-huhdanmaki-kyostinpolku\/\",\"url\":\"https:\/\/helas-fi.hel8.wp-cloud.dev\/vihti-huhdanmaki-kyostinpolku\/\",\"name\":\"Vihti Huhdanm\u00e4ki | Helas asumisoikeusasunnot\",\"isPartOf\":{\"@id\":\"https:\/\/helas.fi\/#website\"},\"primaryImageOfPage\":{\"@id\":\"https:\/\/helas-fi.hel8.wp-cloud.dev\/vihti-huhdanmaki-kyostinpolku\/#primaryimage\"},\"image\":{\"@id\":\"https:\/\/helas-fi.hel8.wp-cloud.dev\/vihti-huhdanmaki-kyostinpolku\/#primaryimage\"},\"thumbnailUrl\":\"https:\/\/helas.fi\/wp-content\/uploads\/kyostinpolku_1.webp\",\"datePublished\":\"2023-02-06T09:32:05+00:00\",\"dateModified\":\"2023-08-31T16:29:07+00:00\",\"description\":\"Vihti Huhdanm\u00e4li, kerrostalokohde Vihdin Nummelassa. Ky\u00f6stinpolulla viihtyis\u00e4t ja valoisat kerrostaloasunnot rauhallisella paikalla Nummelan keskustan laidalla, k\u00e4velymatkan p\u00e4\u00e4ss\u00e4 kaikista Vihdin palveluista.\",\"breadcrumb\":{\"@id\":\"https:\/\/helas-fi.hel8.wp-cloud.dev\/vihti-huhdanmaki-kyostinpolku\/#breadcrumb\"},\"inLanguage\":\"sv-SE\",\"potentialAction\":[{\"@type\":\"ReadAction\",\"target\":[\"https:\/\/helas-fi.hel8.wp-cloud.dev\/vihti-huhdanmaki-kyostinpolku\/\"]}]},{\"@type\":\"ImageObject\",\"inLanguage\":\"sv-SE\",\"@id\":\"https:\/\/helas-fi.hel8.wp-cloud.dev\/vihti-huhdanmaki-kyostinpolku\/#primaryimage\",\"url\":\"https:\/\/helas.fi\/wp-content\/uploads\/kyostinpolku_1.webp\",\"contentUrl\":\"https:\/\/helas.fi\/wp-content\/uploads\/kyostinpolku_1.webp\"},{\"@type\":\"BreadcrumbList\",\"@id\":\"https:\/\/helas-fi.hel8.wp-cloud.dev\/vihti-huhdanmaki-kyostinpolku\/#breadcrumb\",\"itemListElement\":[{\"@type\":\"ListItem\",\"position\":1,\"name\":\"Home\",\"item\":\"https:\/\/helas.fi\/\"},{\"@type\":\"ListItem\",\"position\":2,\"name\":\"Vihti, Huhdanm\u00e4ki, Ky\u00f6stinpolku\"}]},{\"@type\":\"WebSite\",\"@id\":\"https:\/\/helas.fi\/#website\",\"url\":\"https:\/\/helas.fi\/\",\"name\":\"\",\"description\":\"Asumisoikeusasunnot Helsingiss\u00e4, Espoossa, Vantaalla ja Vihdiss\u00e4\",\"potentialAction\":[{\"@type\":\"SearchAction\",\"target\":{\"@type\":\"EntryPoint\",\"urlTemplate\":\"https:\/\/helas.fi\/?s={search_term_string}\"},\"query-input\":{\"@type\":\"PropertyValueSpecification\",\"valueRequired\":true,\"valueName\":\"search_term_string\"}}],\"inLanguage\":\"sv-SE\"}]}<\/script>\n<!-- \/ Yoast SEO plugin. -->","yoast_head_json":{"title":"Vihti Huhdanm\u00e4ki | Helas asumisoikeusasunnot","description":"Vihti Huhdanm\u00e4li, kerrostalokohde Vihdin Nummelassa. Ky\u00f6stinpolulla viihtyis\u00e4t ja valoisat kerrostaloasunnot rauhallisella paikalla Nummelan keskustan laidalla, k\u00e4velymatkan p\u00e4\u00e4ss\u00e4 kaikista Vihdin palveluista.","robots":{"index":"index","follow":"follow","max-snippet":"max-snippet:-1","max-image-preview":"max-image-preview:large","max-video-preview":"max-video-preview:-1"},"canonical":"https:\/\/helas-fi.hel8.wp-cloud.dev\/vihti-huhdanmaki-kyostinpolku\/","og_locale":"sv_SE","og_type":"article","og_title":"Vihti Huhdanm\u00e4ki | Helas asumisoikeusasunnot","og_description":"Vihti Huhdanm\u00e4li, kerrostalokohde Vihdin Nummelassa. Ky\u00f6stinpolulla viihtyis\u00e4t ja valoisat kerrostaloasunnot rauhallisella paikalla Nummelan keskustan laidalla, k\u00e4velymatkan p\u00e4\u00e4ss\u00e4 kaikista Vihdin palveluista.","og_url":"https:\/\/helas-fi.hel8.wp-cloud.dev\/vihti-huhdanmaki-kyostinpolku\/","article_modified_time":"2023-08-31T16:29:07+00:00","og_image":[{"url":"https:\/\/helas-fi.hel8.wp-cloud.dev\/wp-content\/uploads\/kyostinpolku_1.webp"}],"twitter_card":"summary_large_image","twitter_misc":{"Ber\u00e4knad l\u00e4stid":"1 minut"},"schema":{"@context":"https:\/\/schema.org","@graph":[{"@type":"WebPage","@id":"https:\/\/helas-fi.hel8.wp-cloud.dev\/vihti-huhdanmaki-kyostinpolku\/","url":"https:\/\/helas-fi.hel8.wp-cloud.dev\/vihti-huhdanmaki-kyostinpolku\/","name":"Vihti Huhdanm\u00e4ki | Helas asumisoikeusasunnot","isPartOf":{"@id":"https:\/\/helas.fi\/#website"},"primaryImageOfPage":{"@id":"https:\/\/helas-fi.hel8.wp-cloud.dev\/vihti-huhdanmaki-kyostinpolku\/#primaryimage"},"image":{"@id":"https:\/\/helas-fi.hel8.wp-cloud.dev\/vihti-huhdanmaki-kyostinpolku\/#primaryimage"},"thumbnailUrl":"https:\/\/helas.fi\/wp-content\/uploads\/kyostinpolku_1.webp","datePublished":"2023-02-06T09:32:05+00:00","dateModified":"2023-08-31T16:29:07+00:00","description":"Vihti Huhdanm\u00e4li, kerrostalokohde Vihdin Nummelassa. Ky\u00f6stinpolulla viihtyis\u00e4t ja valoisat kerrostaloasunnot rauhallisella paikalla Nummelan keskustan laidalla, k\u00e4velymatkan p\u00e4\u00e4ss\u00e4 kaikista Vihdin palveluista.","breadcrumb":{"@id":"https:\/\/helas-fi.hel8.wp-cloud.dev\/vihti-huhdanmaki-kyostinpolku\/#breadcrumb"},"inLanguage":"sv-SE","potentialAction":[{"@type":"ReadAction","target":["https:\/\/helas-fi.hel8.wp-cloud.dev\/vihti-huhdanmaki-kyostinpolku\/"]}]},{"@type":"ImageObject","inLanguage":"sv-SE","@id":"https:\/\/helas-fi.hel8.wp-cloud.dev\/vihti-huhdanmaki-kyostinpolku\/#primaryimage","url":"https:\/\/helas.fi\/wp-content\/uploads\/kyostinpolku_1.webp","contentUrl":"https:\/\/helas.fi\/wp-content\/uploads\/kyostinpolku_1.webp"},{"@type":"BreadcrumbList","@id":"https:\/\/helas-fi.hel8.wp-cloud.dev\/vihti-huhdanmaki-kyostinpolku\/#breadcrumb","itemListElement":[{"@type":"ListItem","position":1,"name":"Home","item":"https:\/\/helas.fi\/"},{"@type":"ListItem","position":2,"name":"Vihti, Huhdanm\u00e4ki, Ky\u00f6stinpolku"}]},{"@type":"WebSite","@id":"https:\/\/helas.fi\/#website","url":"https:\/\/helas.fi\/","name":"","description":"Asumisoikeusasunnot Helsingiss\u00e4, Espoossa, Vantaalla ja Vihdiss\u00e4","potentialAction":[{"@type":"SearchAction","target":{"@type":"EntryPoint","urlTemplate":"https:\/\/helas.fi\/?s={search_term_string}"},"query-input":{"@type":"PropertyValueSpecification","valueRequired":true,"valueName":"search_term_string"}}],"inLanguage":"sv-SE"}]}},"_links":{"self":[{"href":"https:\/\/helas.fi\/sv\/wp-json\/wp\/v2\/pages\/140"}],"collection":[{"href":"https:\/\/helas.fi\/sv\/wp-json\/wp\/v2\/pages"}],"about":[{"href":"https:\/\/helas.fi\/sv\/wp-json\/wp\/v2\/types\/page"}],"author":[{"embeddable":true,"href":"https:\/\/helas.fi\/sv\/wp-json\/wp\/v2\/users\/73"}],"replies":[{"embeddable":true,"href":"https:\/\/helas.fi\/sv\/wp-json\/wp\/v2\/comments?post=140"}],"version-history":[{"count":20,"href":"https:\/\/helas.fi\/sv\/wp-json\/wp\/v2\/pages\/140\/revisions"}],"predecessor-version":[{"id":13545,"href":"https:\/\/helas.fi\/sv\/wp-json\/wp\/v2\/pages\/140\/revisions\/13545"}],"wp:attachment":[{"href":"https:\/\/helas.fi\/sv\/wp-json\/wp\/v2\/media?parent=140"}],"curies":[{"name":"wp","href":"https:\/\/api.w.org\/{rel}","templated":true}]}}