{"id":14847,"date":"2023-10-12T17:52:52","date_gmt":"2023-10-12T14:52:52","guid":{"rendered":"https:\/\/helas.fi\/?page_id=14847"},"modified":"2024-05-29T16:11:58","modified_gmt":"2024-05-29T13:11:58","slug":"asukkaille","status":"publish","type":"page","link":"https:\/\/helas.fi\/sv\/asukkaille\/","title":{"rendered":"Asukkaille"},"content":{"rendered":"<div data-elementor-type=\"wp-page\" data-elementor-id=\"14847\" class=\"elementor elementor-14847\">\n\t\t\t\t<div class=\"elementor-element elementor-element-3fa8738 e-flex e-con-boxed e-con e-parent\" data-id=\"3fa8738\" data-element_type=\"container\">\n\t\t\t\t\t<div class=\"e-con-inner\">\n\t\t\t\t<div class=\"elementor-element elementor-element-45d0d78 elementor-widget elementor-widget-heading\" data-id=\"45d0d78\" data-element_type=\"widget\" data-widget_type=\"heading.default\">\n\t\t\t\t<div class=\"elementor-widget-container\">\n\t\t\t<h2 class=\"elementor-heading-title elementor-size-default\">Asukkaille<\/h2>\t\t<\/div>\n\t\t\t\t<\/div>\n\t\t\t\t<div class=\"elementor-element elementor-element-60b8272 elementor-widget elementor-widget-text-editor\" data-id=\"60b8272\" data-element_type=\"widget\" data-widget_type=\"text-editor.default\">\n\t\t\t\t<div class=\"elementor-widget-container\">\n\t\t\t\t\t\t\t<p>Infoteksti, johdantotekstin paikka<\/p>\t\t\t\t\t\t<\/div>\n\t\t\t\t<\/div>\n\t\t\t\t\t<\/div>\n\t\t\t\t<\/div>\n\t\t<div class=\"elementor-element elementor-element-e4d9c77 e-flex e-con-boxed e-con e-parent\" data-id=\"e4d9c77\" data-element_type=\"container\">\n\t\t\t\t\t<div class=\"e-con-inner\">\n\t\t\t\t<div class=\"elementor-element elementor-element-c2ad7b5 elementor-widget elementor-widget-toggle\" data-id=\"c2ad7b5\" data-element_type=\"widget\" data-widget_type=\"toggle.default\">\n\t\t\t\t<div class=\"elementor-widget-container\">\n\t\t\t\t\t<div class=\"elementor-toggle\">\n\t\t\t\t\t\t\t<div class=\"elementor-toggle-item\">\n\t\t\t\t\t<div id=\"elementor-tab-title-2041\" class=\"elementor-tab-title\" data-tab=\"1\" role=\"button\" aria-controls=\"elementor-tab-content-2041\" aria-expanded=\"false\">\n\t\t\t\t\t\t\t\t\t\t\t\t<span class=\"elementor-toggle-icon elementor-toggle-icon-left\" aria-hidden=\"true\">\n\t\t\t\t\t\t\t\t\t\t\t\t\t\t\t<span class=\"elementor-toggle-icon-closed\"><i class=\"fas fa-caret-right\"><\/i><\/span>\n\t\t\t\t\t\t\t\t<span class=\"elementor-toggle-icon-opened\"><i class=\"elementor-toggle-icon-opened fas fa-caret-up\"><\/i><\/span>\n\t\t\t\t\t\t\t\t\t\t\t\t\t<\/span>\n\t\t\t\t\t\t\t\t\t\t\t\t<a class=\"elementor-toggle-title\" tabindex=\"0\">YHDISTYKSEN ASIAT<\/a>\n\t\t\t\t\t<\/div>\n\n\t\t\t\t\t<div id=\"elementor-tab-content-2041\" class=\"elementor-tab-content elementor-clearfix\" data-tab=\"1\" role=\"region\" aria-labelledby=\"elementor-tab-title-2041\"><p>Infoteksti, johdantotekstin paikka<\/p><p><strong><a href=\"https:\/\/helas.fi\/wp-content\/uploads\/2021\/09\/Helas-saannot-2021.pdf\" target=\"_blank\" rel=\"noopener\">S\u00e4\u00e4nn\u00f6t<\/a><\/strong><br \/><strong><a href=\"https:\/\/helas.fi\/sv\/helasin-kokousten-poytakirjat-ja-talousasiakirjat\/\" target=\"_blank\" rel=\"noopener\">P\u00f6yt\u00e4kirjat ja tilinp\u00e4\u00e4t\u00f6kset<\/a><\/strong><br \/>Linkit lakeihin<br \/><strong><a href=\"https:\/\/helas.fi\/wp-content\/uploads\/2019\/09\/HELAS_Tilityslomake.pdf\" target=\"_blank\" rel=\"noopener\">Tilityslomake<\/a><\/strong><br \/><strong><a href=\"https:\/\/helas.fi\/wp-content\/uploads\/Helasin-hallitus-2023.pdf\" target=\"_blank\" rel=\"noopener\">Helasin hallitus 2023<\/a><\/strong><\/p><\/div>\n\t\t\t\t<\/div>\n\t\t\t\t\t\t\t<div class=\"elementor-toggle-item\">\n\t\t\t\t\t<div id=\"elementor-tab-title-2042\" class=\"elementor-tab-title\" data-tab=\"2\" role=\"button\" aria-controls=\"elementor-tab-content-2042\" aria-expanded=\"false\">\n\t\t\t\t\t\t\t\t\t\t\t\t<span class=\"elementor-toggle-icon elementor-toggle-icon-left\" aria-hidden=\"true\">\n\t\t\t\t\t\t\t\t\t\t\t\t\t\t\t<span class=\"elementor-toggle-icon-closed\"><i class=\"fas fa-caret-right\"><\/i><\/span>\n\t\t\t\t\t\t\t\t<span class=\"elementor-toggle-icon-opened\"><i class=\"elementor-toggle-icon-opened fas fa-caret-up\"><\/i><\/span>\n\t\t\t\t\t\t\t\t\t\t\t\t\t<\/span>\n\t\t\t\t\t\t\t\t\t\t\t\t<a class=\"elementor-toggle-title\" tabindex=\"0\">TIEDOTTEET ASUKKAILLE<\/a>\n\t\t\t\t\t<\/div>\n\n\t\t\t\t\t<div id=\"elementor-tab-content-2042\" class=\"elementor-tab-content elementor-clearfix\" data-tab=\"2\" role=\"region\" aria-labelledby=\"elementor-tab-title-2042\"><p>Infoteksti, johdantotekstin paikka<\/p><p><strong><a href=\"https:\/\/helas.fi\/sv\/tiedotteet-jasenille\/\">Tiedotteet asukkaille<\/a><\/strong><\/p><\/div>\n\t\t\t\t<\/div>\n\t\t\t\t\t\t\t<div class=\"elementor-toggle-item\">\n\t\t\t\t\t<div id=\"elementor-tab-title-2043\" class=\"elementor-tab-title\" data-tab=\"3\" role=\"button\" aria-controls=\"elementor-tab-content-2043\" aria-expanded=\"false\">\n\t\t\t\t\t\t\t\t\t\t\t\t<span class=\"elementor-toggle-icon elementor-toggle-icon-left\" aria-hidden=\"true\">\n\t\t\t\t\t\t\t\t\t\t\t\t\t\t\t<span class=\"elementor-toggle-icon-closed\"><i class=\"fas fa-caret-right\"><\/i><\/span>\n\t\t\t\t\t\t\t\t<span class=\"elementor-toggle-icon-opened\"><i class=\"elementor-toggle-icon-opened fas fa-caret-up\"><\/i><\/span>\n\t\t\t\t\t\t\t\t\t\t\t\t\t<\/span>\n\t\t\t\t\t\t\t\t\t\t\t\t<a class=\"elementor-toggle-title\" tabindex=\"0\"> ASUKKAAN VASTUUT JA MUUTOSTY\u00d6T<\/a>\n\t\t\t\t\t<\/div>\n\n\t\t\t\t\t<div id=\"elementor-tab-content-2043\" class=\"elementor-tab-content elementor-clearfix\" data-tab=\"3\" role=\"region\" aria-labelledby=\"elementor-tab-title-2043\"><p>Infoteksti, johdantotekstin paikka<\/p><p><a href=\"https:\/\/helas.fi\/wp-content\/uploads\/Helas-ohjeet-5-2022-vastuunjakotaulukko-muutostyot-muuttoremontit.pdf\" target=\"_blank\" rel=\"noopener\"><strong>Helasin ohjeet\u00a0<\/strong><\/a> <br \/><strong><a href=\"https:\/\/helas.fi\/wp-content\/uploads\/2019\/01\/lisa_jamuutostyolupahakemus.pdf\" target=\"_blank\" rel=\"noopener\">Lis\u00e4- ja muutosty\u00f6lupahakemus<\/a><\/strong><br \/>Linkki Matinkyl\u00e4nhuollon muutosty\u00f6sivulle<br \/>Ilmal\u00e4mp\u00f6pumppuohjeistus<br \/>S\u00e4hk\u00f6auton latauspisteen ohjeistus<\/p><\/div>\n\t\t\t\t<\/div>\n\t\t\t\t\t\t\t<div class=\"elementor-toggle-item\">\n\t\t\t\t\t<div id=\"elementor-tab-title-2044\" class=\"elementor-tab-title\" data-tab=\"4\" role=\"button\" aria-controls=\"elementor-tab-content-2044\" aria-expanded=\"false\">\n\t\t\t\t\t\t\t\t\t\t\t\t<span class=\"elementor-toggle-icon elementor-toggle-icon-left\" aria-hidden=\"true\">\n\t\t\t\t\t\t\t\t\t\t\t\t\t\t\t<span class=\"elementor-toggle-icon-closed\"><i class=\"fas fa-caret-right\"><\/i><\/span>\n\t\t\t\t\t\t\t\t<span class=\"elementor-toggle-icon-opened\"><i class=\"elementor-toggle-icon-opened fas fa-caret-up\"><\/i><\/span>\n\t\t\t\t\t\t\t\t\t\t\t\t\t<\/span>\n\t\t\t\t\t\t\t\t\t\t\t\t<a class=\"elementor-toggle-title\" tabindex=\"0\"> VIKAILMOITUKSET JA HUOLTO<\/a>\n\t\t\t\t\t<\/div>\n\n\t\t\t\t\t<div id=\"elementor-tab-content-2044\" class=\"elementor-tab-content elementor-clearfix\" data-tab=\"4\" role=\"region\" aria-labelledby=\"elementor-tab-title-2044\"><p>Infoteksti, johdantotekstin paikka<\/p><p>Is\u00e4nn\u00f6itsij\u00e4 Matinkyl\u00e4n huolto Oy \/ Heli Packal\u00e9n<br \/><a href=\"mailto:isannointi@matinkylanhuolto.fi\">isannointi@matinkylanhuolto.fi<\/a> (is\u00e4nn\u00f6intiin liittyv\u00e4t asiat)<br \/><a href=\"mailto:vastikevalvonta@matinkylanhuolto.fi\">vastikevalvonta@matinkylanhuolto.fi<\/a> (vederlags- och hyresregleringsfr\u00e5gor)<\/p><h4>\u00a0<\/h4><h4><strong>Huoltoyhti\u00f6t<\/strong><\/h4><p><strong>Hilatie ja Nuppukuja:<\/strong> SOL Kiinteist\u00f6palvelut Oy<\/p><p><a href=\"https:\/\/helas.fi\/wp-content\/uploads\/2018\/10\/SOL_Huoltosopimus_1.pdf\" target=\"_blank\" rel=\"noopener\"><strong>SOL Huoltosopimus 1.10.2018<\/strong><\/a><br \/><a href=\"https:\/\/helas.fi\/wp-content\/uploads\/2018\/10\/SOL_Huoltosopimus.pdf\" target=\"_blank\" rel=\"noopener\"><strong>SOL Huoltosopimus 8.10.2018<\/strong><\/a><br \/><a href=\"https:\/\/helas.fi\/wp-content\/uploads\/2018\/10\/Liite-2._SOL_erillispalveluhinnasto.pdf\" target=\"_blank\" rel=\"noopener\"><strong>SOL Erillispalveluhinnasto<\/strong><\/a><\/p><p><strong>Impilahdenpiha:<\/strong> SKIPA Kiinteist\u00f6palvelut Oy<\/p><p><a href=\"https:\/\/helas.fi\/wp-content\/uploads\/2018\/10\/Skipa_sopimus_2018.pdf\" target=\"_blank\" rel=\"noopener\"><strong>SKIPA Huoltosopimus 6.6.2018<\/strong><\/a><br \/><a href=\"https:\/\/helas.fi\/wp-content\/uploads\/2018\/10\/Skipa_erillisveloitushinnasto_1.1.2018.pdf\" target=\"_blank\" rel=\"noopener\"><strong>SKIPA Erillispalveluhinnasto<\/strong><\/a><\/p><p><strong>Ky\u00f6stinpolku:<\/strong> Nummelan Huoltokaksikko Oy<\/p><p><strong>Bredbergsgr\u00e4nden<\/strong>: Moxley Kiinteist\u00f6huolto Oy<\/p><p><strong>Nupikuja:<\/strong> HT Kiinteist\u00f6palvelu Oy<br \/><a href=\"https:\/\/helas.fi\/wp-content\/uploads\/2021\/04\/Huoltoyhtio_vaihtunut_tiedote.pdf\" target=\"_blank\" rel=\"noopener\"><strong>Tiedote ja yhteystiedot<\/strong><\/a><\/p><\/div>\n\t\t\t\t<\/div>\n\t\t\t\t\t\t\t<div class=\"elementor-toggle-item\">\n\t\t\t\t\t<div id=\"elementor-tab-title-2045\" class=\"elementor-tab-title\" data-tab=\"5\" role=\"button\" aria-controls=\"elementor-tab-content-2045\" aria-expanded=\"false\">\n\t\t\t\t\t\t\t\t\t\t\t\t<span class=\"elementor-toggle-icon elementor-toggle-icon-left\" aria-hidden=\"true\">\n\t\t\t\t\t\t\t\t\t\t\t\t\t\t\t<span class=\"elementor-toggle-icon-closed\"><i class=\"fas fa-caret-right\"><\/i><\/span>\n\t\t\t\t\t\t\t\t<span class=\"elementor-toggle-icon-opened\"><i class=\"elementor-toggle-icon-opened fas fa-caret-up\"><\/i><\/span>\n\t\t\t\t\t\t\t\t\t\t\t\t\t<\/span>\n\t\t\t\t\t\t\t\t\t\t\t\t<a class=\"elementor-toggle-title\" tabindex=\"0\"> ASUNTOJEN VAIHDOT<\/a>\n\t\t\t\t\t<\/div>\n\n\t\t\t\t\t<div id=\"elementor-tab-content-2045\" class=\"elementor-tab-content elementor-clearfix\" data-tab=\"5\" role=\"region\" aria-labelledby=\"elementor-tab-title-2045\"><p>Asuntoa vaihtaessa tulee olla voimassa oleva Helasin asuntohakemus<\/p><p>Keskin\u00e4iset vaihdot<br \/>Lomake<\/p><p>Sukupolvenvaihdos<br \/>Lomake<\/p><\/div>\n\t\t\t\t<\/div>\n\t\t\t\t\t\t\t<div class=\"elementor-toggle-item\">\n\t\t\t\t\t<div id=\"elementor-tab-title-2046\" class=\"elementor-tab-title\" data-tab=\"6\" role=\"button\" aria-controls=\"elementor-tab-content-2046\" aria-expanded=\"false\">\n\t\t\t\t\t\t\t\t\t\t\t\t<span class=\"elementor-toggle-icon elementor-toggle-icon-left\" aria-hidden=\"true\">\n\t\t\t\t\t\t\t\t\t\t\t\t\t\t\t<span class=\"elementor-toggle-icon-closed\"><i class=\"fas fa-caret-right\"><\/i><\/span>\n\t\t\t\t\t\t\t\t<span class=\"elementor-toggle-icon-opened\"><i class=\"elementor-toggle-icon-opened fas fa-caret-up\"><\/i><\/span>\n\t\t\t\t\t\t\t\t\t\t\t\t\t<\/span>\n\t\t\t\t\t\t\t\t\t\t\t\t<a class=\"elementor-toggle-title\" tabindex=\"0\"> IRTISANOMINEN JA POISMUUTTO<\/a>\n\t\t\t\t\t<\/div>\n\n\t\t\t\t\t<div id=\"elementor-tab-content-2046\" class=\"elementor-tab-content elementor-clearfix\" data-tab=\"6\" role=\"region\" aria-labelledby=\"elementor-tab-title-2046\"><p>Johdantoteksti<\/p><p><strong><a href=\"https:\/\/helas.fi\/wp-content\/uploads\/HELAS-luovutus_irtis-ilmoitus-2024.pdf\" target=\"_blank\" rel=\"noopener\">Asumisoikeusasunnon luovutusilmoitus<\/a><\/strong><br \/><strong><a href=\"https:\/\/helas.fi\/wp-content\/uploads\/Muuttosiivous-2024.pdf\" target=\"_blank\" rel=\"noopener\">Muutto-ohje<\/a><\/strong><br \/>Siivousohje<\/p><\/div>\n\t\t\t\t<\/div>\n\t\t\t\t\t\t\t\t<\/div>\n\t\t\t\t<\/div>\n\t\t\t\t<\/div>\n\t\t\t\t\t<\/div>\n\t\t\t\t<\/div>\n\t\t\t\t<\/div>","protected":false},"excerpt":{"rendered":"<p>Asukkaille Infoteksti, johdantotekstin paikka YHDISTYKSEN ASIAT Infoteksti, johdantotekstin paikka S\u00e4\u00e4nn\u00f6tP\u00f6yt\u00e4kirjat ja tilinp\u00e4\u00e4t\u00f6ksetLinkit lakeihinTilityslomakeHelasin hallitus 2023 TIEDOTTEET ASUKKAILLE Infoteksti, johdantotekstin paikka Tiedotteet asukkaille ASUKKAAN VASTUUT JA MUUTOSTY\u00d6T Infoteksti, johdantotekstin paikka Helasin ohjeet\u00a0 Lis\u00e4- ja muutosty\u00f6lupahakemusLinkki Matinkyl\u00e4nhuollon muutosty\u00f6sivulleIlmal\u00e4mp\u00f6pumppuohjeistusS\u00e4hk\u00f6auton latauspisteen ohjeistus VIKAILMOITUKSET JA HUOLTO Infoteksti, johdantotekstin paikka Is\u00e4nn\u00f6itsij\u00e4 Matinkyl\u00e4n huolto Oy \/ Heli Packal\u00e9nisannointi@matinkylanhuolto.fi (is\u00e4nn\u00f6intiin liittyv\u00e4t asiat)vastikevalvonta@matinkylanhuolto.fi (vastike- [&hellip;]<\/p>","protected":false},"author":73,"featured_media":0,"parent":0,"menu_order":0,"comment_status":"closed","ping_status":"closed","template":"","meta":{"_bbp_topic_count":0,"_bbp_reply_count":0,"_bbp_total_topic_count":0,"_bbp_total_reply_count":0,"_bbp_voice_count":0,"_bbp_anonymous_reply_count":0,"_bbp_topic_count_hidden":0,"_bbp_reply_count_hidden":0,"_bbp_forum_subforum_count":0,"site-sidebar-layout":"no-sidebar","site-content-layout":"page-builder","ast-site-content-layout":"full-width-container","site-content-style":"default","site-sidebar-style":"default","ast-global-header-display":"","ast-banner-title-visibility":"","ast-main-header-display":"","ast-hfb-above-header-display":"","ast-hfb-below-header-display":"","ast-hfb-mobile-header-display":"","site-post-title":"disabled","ast-breadcrumbs-content":"","ast-featured-img":"disabled","footer-sml-layout":"","theme-transparent-header-meta":"","adv-header-id-meta":"","stick-header-meta":"","header-above-stick-meta":"","header-main-stick-meta":"","header-below-stick-meta":"","astra-migrate-meta-layouts":"set","ast-page-background-enabled":"default","ast-page-background-meta":{"desktop":{"background-color":"var(--ast-global-color-4)","background-image":"","background-repeat":"repeat","background-position":"center center","background-size":"auto","background-attachment":"scroll","background-type":"","background-media":"","overlay-type":"","overlay-color":"","overlay-opacity":"","overlay-gradient":""},"tablet":{"background-color":"","background-image":"","background-repeat":"repeat","background-position":"center center","background-size":"auto","background-attachment":"scroll","background-type":"","background-media":"","overlay-type":"","overlay-color":"","overlay-opacity":"","overlay-gradient":""},"mobile":{"background-color":"","background-image":"","background-repeat":"repeat","background-position":"center center","background-size":"auto","background-attachment":"scroll","background-type":"","background-media":"","overlay-type":"","overlay-color":"","overlay-opacity":"","overlay-gradient":""}},"ast-content-background-meta":{"desktop":{"background-color":"var(--ast-global-color-5)","background-image":"","background-repeat":"repeat","background-position":"center center","background-size":"auto","background-attachment":"scroll","background-type":"","background-media":"","overlay-type":"","overlay-color":"","overlay-opacity":"","overlay-gradient":""},"tablet":{"background-color":"var(--ast-global-color-5)","background-image":"","background-repeat":"repeat","background-position":"center center","background-size":"auto","background-attachment":"scroll","background-type":"","background-media":"","overlay-type":"","overlay-color":"","overlay-opacity":"","overlay-gradient":""},"mobile":{"background-color":"var(--ast-global-color-5)","background-image":"","background-repeat":"repeat","background-position":"center center","background-size":"auto","background-attachment":"scroll","background-type":"","background-media":"","overlay-type":"","overlay-color":"","overlay-opacity":"","overlay-gradient":""}},"iawp_total_views":107,"footnotes":""},"class_list":["post-14847","page","type-page","status-publish","hentry"],"yoast_head":"<!-- This site is optimized with the Yoast SEO plugin v23.7 - https:\/\/yoast.com\/wordpress\/plugins\/seo\/ -->\n<title>Asukkaille -<\/title>\n<meta name=\"robots\" content=\"index, follow, max-snippet:-1, max-image-preview:large, max-video-preview:-1\" \/>\n<link rel=\"canonical\" href=\"https:\/\/helas.fi\/sv\/asukkaille\/\" \/>\n<meta property=\"og:locale\" content=\"sv_SE\" \/>\n<meta property=\"og:type\" content=\"article\" \/>\n<meta property=\"og:title\" content=\"Asukkaille -\" \/>\n<meta property=\"og:description\" content=\"Asukkaille Infoteksti, johdantotekstin paikka YHDISTYKSEN ASIAT Infoteksti, johdantotekstin paikka S\u00e4\u00e4nn\u00f6tP\u00f6yt\u00e4kirjat ja tilinp\u00e4\u00e4t\u00f6ksetLinkit lakeihinTilityslomakeHelasin hallitus 2023 TIEDOTTEET ASUKKAILLE Infoteksti, johdantotekstin paikka Tiedotteet asukkaille ASUKKAAN VASTUUT JA MUUTOSTY\u00d6T Infoteksti, johdantotekstin paikka Helasin ohjeet\u00a0 Lis\u00e4- ja muutosty\u00f6lupahakemusLinkki Matinkyl\u00e4nhuollon muutosty\u00f6sivulleIlmal\u00e4mp\u00f6pumppuohjeistusS\u00e4hk\u00f6auton latauspisteen ohjeistus VIKAILMOITUKSET JA HUOLTO Infoteksti, johdantotekstin paikka Is\u00e4nn\u00f6itsij\u00e4 Matinkyl\u00e4n huolto Oy \/ Heli Packal\u00e9nisannointi@matinkylanhuolto.fi (is\u00e4nn\u00f6intiin liittyv\u00e4t asiat)vastikevalvonta@matinkylanhuolto.fi (vastike- [&hellip;]\" \/>\n<meta property=\"og:url\" content=\"https:\/\/helas.fi\/sv\/asukkaille\/\" \/>\n<meta property=\"article:modified_time\" content=\"2024-05-29T13:11:58+00:00\" \/>\n<meta name=\"twitter:card\" content=\"summary_large_image\" \/>\n<meta name=\"twitter:label1\" content=\"Ber\u00e4knad l\u00e4stid\" \/>\n\t<meta name=\"twitter:data1\" content=\"1 minut\" \/>\n<script type=\"application\/ld+json\" class=\"yoast-schema-graph\">{\"@context\":\"https:\/\/schema.org\",\"@graph\":[{\"@type\":\"WebPage\",\"@id\":\"https:\/\/helas.fi\/asukkaille\/\",\"url\":\"https:\/\/helas.fi\/asukkaille\/\",\"name\":\"Asukkaille -\",\"isPartOf\":{\"@id\":\"https:\/\/helas.fi\/#website\"},\"datePublished\":\"2023-10-12T14:52:52+00:00\",\"dateModified\":\"2024-05-29T13:11:58+00:00\",\"breadcrumb\":{\"@id\":\"https:\/\/helas.fi\/asukkaille\/#breadcrumb\"},\"inLanguage\":\"sv-SE\",\"potentialAction\":[{\"@type\":\"ReadAction\",\"target\":[\"https:\/\/helas.fi\/asukkaille\/\"]}]},{\"@type\":\"BreadcrumbList\",\"@id\":\"https:\/\/helas.fi\/asukkaille\/#breadcrumb\",\"itemListElement\":[{\"@type\":\"ListItem\",\"position\":1,\"name\":\"Home\",\"item\":\"https:\/\/helas.fi\/\"},{\"@type\":\"ListItem\",\"position\":2,\"name\":\"Asukkaille\"}]},{\"@type\":\"WebSite\",\"@id\":\"https:\/\/helas.fi\/#website\",\"url\":\"https:\/\/helas.fi\/\",\"name\":\"\",\"description\":\"Asumisoikeusasunnot Helsingiss\u00e4, Espoossa, Vantaalla ja Vihdiss\u00e4\",\"potentialAction\":[{\"@type\":\"SearchAction\",\"target\":{\"@type\":\"EntryPoint\",\"urlTemplate\":\"https:\/\/helas.fi\/?s={search_term_string}\"},\"query-input\":{\"@type\":\"PropertyValueSpecification\",\"valueRequired\":true,\"valueName\":\"search_term_string\"}}],\"inLanguage\":\"sv-SE\"}]}<\/script>\n<!-- \/ Yoast SEO plugin. -->","yoast_head_json":{"title":"Asukkaille -","robots":{"index":"index","follow":"follow","max-snippet":"max-snippet:-1","max-image-preview":"max-image-preview:large","max-video-preview":"max-video-preview:-1"},"canonical":"https:\/\/helas.fi\/sv\/asukkaille\/","og_locale":"sv_SE","og_type":"article","og_title":"Asukkaille -","og_description":"Asukkaille Infoteksti, johdantotekstin paikka YHDISTYKSEN ASIAT Infoteksti, johdantotekstin paikka S\u00e4\u00e4nn\u00f6tP\u00f6yt\u00e4kirjat ja tilinp\u00e4\u00e4t\u00f6ksetLinkit lakeihinTilityslomakeHelasin hallitus 2023 TIEDOTTEET ASUKKAILLE Infoteksti, johdantotekstin paikka Tiedotteet asukkaille ASUKKAAN VASTUUT JA MUUTOSTY\u00d6T Infoteksti, johdantotekstin paikka Helasin ohjeet\u00a0 Lis\u00e4- ja muutosty\u00f6lupahakemusLinkki Matinkyl\u00e4nhuollon muutosty\u00f6sivulleIlmal\u00e4mp\u00f6pumppuohjeistusS\u00e4hk\u00f6auton latauspisteen ohjeistus VIKAILMOITUKSET JA HUOLTO Infoteksti, johdantotekstin paikka Is\u00e4nn\u00f6itsij\u00e4 Matinkyl\u00e4n huolto Oy \/ Heli Packal\u00e9nisannointi@matinkylanhuolto.fi (is\u00e4nn\u00f6intiin liittyv\u00e4t asiat)vastikevalvonta@matinkylanhuolto.fi (vastike- [&hellip;]","og_url":"https:\/\/helas.fi\/sv\/asukkaille\/","article_modified_time":"2024-05-29T13:11:58+00:00","twitter_card":"summary_large_image","twitter_misc":{"Ber\u00e4knad l\u00e4stid":"1 minut"},"schema":{"@context":"https:\/\/schema.org","@graph":[{"@type":"WebPage","@id":"https:\/\/helas.fi\/asukkaille\/","url":"https:\/\/helas.fi\/asukkaille\/","name":"Asukkaille -","isPartOf":{"@id":"https:\/\/helas.fi\/#website"},"datePublished":"2023-10-12T14:52:52+00:00","dateModified":"2024-05-29T13:11:58+00:00","breadcrumb":{"@id":"https:\/\/helas.fi\/asukkaille\/#breadcrumb"},"inLanguage":"sv-SE","potentialAction":[{"@type":"ReadAction","target":["https:\/\/helas.fi\/asukkaille\/"]}]},{"@type":"BreadcrumbList","@id":"https:\/\/helas.fi\/asukkaille\/#breadcrumb","itemListElement":[{"@type":"ListItem","position":1,"name":"Home","item":"https:\/\/helas.fi\/"},{"@type":"ListItem","position":2,"name":"Asukkaille"}]},{"@type":"WebSite","@id":"https:\/\/helas.fi\/#website","url":"https:\/\/helas.fi\/","name":"","description":"Asumisoikeusasunnot Helsingiss\u00e4, Espoossa, Vantaalla ja Vihdiss\u00e4","potentialAction":[{"@type":"SearchAction","target":{"@type":"EntryPoint","urlTemplate":"https:\/\/helas.fi\/?s={search_term_string}"},"query-input":{"@type":"PropertyValueSpecification","valueRequired":true,"valueName":"search_term_string"}}],"inLanguage":"sv-SE"}]}},"_links":{"self":[{"href":"https:\/\/helas.fi\/sv\/wp-json\/wp\/v2\/pages\/14847"}],"collection":[{"href":"https:\/\/helas.fi\/sv\/wp-json\/wp\/v2\/pages"}],"about":[{"href":"https:\/\/helas.fi\/sv\/wp-json\/wp\/v2\/types\/page"}],"author":[{"embeddable":true,"href":"https:\/\/helas.fi\/sv\/wp-json\/wp\/v2\/users\/73"}],"replies":[{"embeddable":true,"href":"https:\/\/helas.fi\/sv\/wp-json\/wp\/v2\/comments?post=14847"}],"version-history":[{"count":20,"href":"https:\/\/helas.fi\/sv\/wp-json\/wp\/v2\/pages\/14847\/revisions"}],"predecessor-version":[{"id":16020,"href":"https:\/\/helas.fi\/sv\/wp-json\/wp\/v2\/pages\/14847\/revisions\/16020"}],"wp:attachment":[{"href":"https:\/\/helas.fi\/sv\/wp-json\/wp\/v2\/media?parent=14847"}],"curies":[{"name":"wp","href":"https:\/\/api.w.org\/{rel}","templated":true}]}}