{"id":1668,"date":"2017-04-11T22:07:19","date_gmt":"2017-04-11T19:07:19","guid":{"rendered":"http:\/\/sirrimedia.fi\/helas\/?page_id=1668"},"modified":"2023-09-02T18:36:56","modified_gmt":"2023-09-02T15:36:56","slug":"rekisteroidy","status":"publish","type":"page","link":"https:\/\/helas.fi\/sv\/rekisteroidy\/","title":{"rendered":"Rekister\u00f6idy"},"content":{"rendered":"<div data-elementor-type=\"wp-page\" data-elementor-id=\"1668\" class=\"elementor elementor-1668\">\n\t\t\t\t\t\t<section class=\"elementor-section elementor-top-section elementor-element elementor-element-22d3715 elementor-section-boxed elementor-section-height-default elementor-section-height-default\" data-id=\"22d3715\" data-element_type=\"section\">\n\t\t\t\t\t\t<div class=\"elementor-container elementor-column-gap-default\">\n\t\t\t\t\t<div class=\"elementor-column elementor-col-100 elementor-top-column elementor-element elementor-element-ff0aa13\" data-id=\"ff0aa13\" data-element_type=\"column\">\n\t\t\t<div class=\"elementor-widget-wrap elementor-element-populated\">\n\t\t\t\t\t\t<div class=\"elementor-element elementor-element-cc43271 elementor-widget elementor-widget-heading\" data-id=\"cc43271\" data-element_type=\"widget\" data-widget_type=\"heading.default\">\n\t\t\t\t<div class=\"elementor-widget-container\">\n\t\t\t<h3 class=\"elementor-heading-title elementor-size-default\">Rekister\u00f6idy<\/h3>\t\t<\/div>\n\t\t\t\t<\/div>\n\t\t\t\t\t<\/div>\n\t\t<\/div>\n\t\t\t\t\t<\/div>\n\t\t<\/section>\n\t\t\t\t<section class=\"elementor-section elementor-top-section elementor-element elementor-element-4badef64 elementor-hidden-tablet elementor-hidden-mobile elementor-section-boxed elementor-section-height-default elementor-section-height-default\" data-id=\"4badef64\" data-element_type=\"section\">\n\t\t\t\t\t\t<div class=\"elementor-container elementor-column-gap-default\">\n\t\t\t\t\t<div class=\"elementor-column elementor-col-100 elementor-top-column elementor-element elementor-element-59755f56\" data-id=\"59755f56\" data-element_type=\"column\">\n\t\t\t<div class=\"elementor-widget-wrap elementor-element-populated\">\n\t\t\t\t\t\t<div class=\"elementor-element elementor-element-77eeba2c elementor-widget-tablet__width-initial elementor-widget elementor-widget-text-editor\" data-id=\"77eeba2c\" data-element_type=\"widget\" data-widget_type=\"text-editor.default\">\n\t\t\t\t<div class=\"elementor-widget-container\">\n\t\t\t\t\t\t\t<ol>\n \t<li>Valitse itsellesi k\u00e4ytt\u00e4j\u00e4tunnus, joka n\u00e4kyy oikean nimen sijasta j\u00e4sensivuilla liikkuessasi. Huom! K\u00e4ytt\u00e4j\u00e4tunnuksessa ei saa olla v\u00e4lily\u00f6ntej\u00e4.<\/li>\n \t<br><li>Merkitse sellainen s\u00e4hk\u00f6postiosoite, jota muutenkin k\u00e4yt\u00e4t ja jonka kautta sinuun saa yhteyden.<\/li>\n \t<br><li>Salasanalle ei ole lomakkeessa erityisvaatimuksia, mutta kuten yleens\u00e4kin, kannattaa v\u00e4ltt\u00e4\u00e4 liian ilmeist\u00e4 ratkaisua kuten 12345.<\/li>\n \t<br><li>Etu- ja sukunimi tarvitaan, jotta rekister\u00f6innin hyv\u00e4ksyj\u00e4 voi varmistaa, ett\u00e4 olet Helasin j\u00e4sen. Merkitse n\u00e4ihin kohtiin se nimi, jolla esiinnyt my\u00f6s Helasin j\u00e4senrekisteriss\u00e4.<\/li>\n \t<br><li>Kun kaikki kohdat on t\u00e4ytetty, klikkaa nappia REKISTER\u00d6IDY. Ilmoitus l\u00e4htee hyv\u00e4ksyj\u00e4lle, joka k\u00e4sittelee rekister\u00f6itymisen tiedot eli tarkistaa, ett\u00e4 olet Helasin j\u00e4sen ja siten oikeutettu j\u00e4sensivujen k\u00e4ytt\u00e4j\u00e4ksi.<\/li>\n<\/ol>\n\t\t\t\t\t\t<\/div>\n\t\t\t\t<\/div>\n\t\t\t\t\t<\/div>\n\t\t<\/div>\n\t\t\t\t\t<\/div>\n\t\t<\/section>\n\t\t\t\t<section class=\"elementor-section elementor-top-section elementor-element elementor-element-7211a68 elementor-section-full_width elementor-hidden-desktop elementor-section-height-default elementor-section-height-default\" data-id=\"7211a68\" data-element_type=\"section\">\n\t\t\t\t\t\t<div class=\"elementor-container elementor-column-gap-default\">\n\t\t\t\t\t<div class=\"elementor-column elementor-col-100 elementor-top-column elementor-element elementor-element-aa11c7f\" data-id=\"aa11c7f\" data-element_type=\"column\">\n\t\t\t<div class=\"elementor-widget-wrap elementor-element-populated\">\n\t\t\t\t\t\t<div class=\"elementor-element elementor-element-01df226 elementor-widget-tablet__width-initial elementor-widget elementor-widget-text-editor\" data-id=\"01df226\" data-element_type=\"widget\" data-widget_type=\"text-editor.default\">\n\t\t\t\t<div class=\"elementor-widget-container\">\n\t\t\t\t\t\t\t<ol>\n \t<li>Valitse itsellesi k\u00e4ytt\u00e4j\u00e4tunnus, joka n\u00e4kyy oikean nimen sijasta j\u00e4sensivuilla liikkuessasi. Huom! K\u00e4ytt\u00e4j\u00e4tunnuksessa ei saa olla v\u00e4lily\u00f6ntej\u00e4.<\/li>\n \t<br><li>Merkitse sellainen s\u00e4hk\u00f6postiosoite, jota muutenkin k\u00e4yt\u00e4t ja jonka kautta sinuun saa yhteyden.<\/li>\n \t<br><li>Salasanalle ei ole lomakkeessa erityisvaatimuksia, mutta kuten yleens\u00e4kin, kannattaa v\u00e4ltt\u00e4\u00e4 liian ilmeist\u00e4 ratkaisua kuten 12345.<\/li>\n \t<br><li>Etu- ja sukunimi tarvitaan, jotta rekister\u00f6innin hyv\u00e4ksyj\u00e4 voi varmistaa, ett\u00e4 olet Helasin j\u00e4sen. Merkitse n\u00e4ihin kohtiin se nimi, jolla esiinnyt my\u00f6s Helasin j\u00e4senrekisteriss\u00e4.<\/li>\n \t<br><li>Kun kaikki kohdat on t\u00e4ytetty, klikkaa nappia REKISTER\u00d6IDY. Ilmoitus l\u00e4htee hyv\u00e4ksyj\u00e4lle, joka k\u00e4sittelee rekister\u00f6itymisen tiedot eli tarkistaa, ett\u00e4 olet Helasin j\u00e4sen ja siten oikeutettu j\u00e4sensivujen k\u00e4ytt\u00e4j\u00e4ksi.<\/li>\n<\/ol>\n\t\t\t\t\t\t<\/div>\n\t\t\t\t<\/div>\n\t\t\t\t\t<\/div>\n\t\t<\/div>\n\t\t\t\t\t<\/div>\n\t\t<\/section>\n\t\t\t\t<section class=\"elementor-section elementor-top-section elementor-element elementor-element-77a6d16 elementor-section-boxed elementor-section-height-default elementor-section-height-default\" data-id=\"77a6d16\" data-element_type=\"section\">\n\t\t\t\t\t\t<div class=\"elementor-container elementor-column-gap-default\">\n\t\t\t\t\t<div class=\"elementor-column elementor-col-100 elementor-top-column elementor-element elementor-element-d00600e\" data-id=\"d00600e\" data-element_type=\"column\">\n\t\t\t<div class=\"elementor-widget-wrap elementor-element-populated\">\n\t\t\t\t\t\t<div class=\"elementor-element elementor-element-93104b2 elementor-widget elementor-widget-text-editor\" data-id=\"93104b2\" data-element_type=\"widget\" data-widget_type=\"text-editor.default\">\n\t\t\t\t<div class=\"elementor-widget-container\">\n\t\t\t\t\t\t\t<p>Jos on ongelmia, laita viesti\u00e4 osoitteella info@helas.fi.<\/p>\t\t\t\t\t\t<\/div>\n\t\t\t\t<\/div>\n\t\t\t\t\t<\/div>\n\t\t<\/div>\n\t\t\t\t\t<\/div>\n\t\t<\/section>\n\t\t\t\t<section class=\"elementor-section elementor-top-section elementor-element elementor-element-6556de6 elementor-hidden-mobile elementor-hidden-tablet elementor-section-boxed elementor-section-height-default elementor-section-height-default\" data-id=\"6556de6\" data-element_type=\"section\">\n\t\t\t\t\t\t<div class=\"elementor-container elementor-column-gap-default\">\n\t\t\t\t\t<div class=\"elementor-column elementor-col-100 elementor-top-column elementor-element elementor-element-ef11c2c\" data-id=\"ef11c2c\" data-element_type=\"column\">\n\t\t\t<div class=\"elementor-widget-wrap elementor-element-populated\">\n\t\t\t\t\t\t<div class=\"elementor-element elementor-element-d3f80c1 elementor-widget-tablet__width-initial elementor-widget elementor-widget-shortcode\" data-id=\"d3f80c1\" data-element_type=\"widget\" data-widget_type=\"shortcode.default\">\n\t\t\t\t<div class=\"elementor-widget-container\">\n\t\t\t\t\t<div class=\"elementor-shortcode\"><div class=\"swpm-registration-widget-form\">\n    <form id=\"swpm-registration-form\" class=\"swpm-validate-form\" name=\"swpm-registration-form\" method=\"post\" action=\"\" data-trp-original-action=\"\">\n        <input type =\"hidden\" name=\"level_identifier\" value=\"eccbc87e4b5ce2fe28308fd9f2a7baf3\" \/>\n        <table>\n            <tr class=\"swpm-registration-username-row\" >\n                <td><label for=\"user_name\">Anv\u00e4ndarnamn<\/label><\/td>\n                <td><input type=\"text\" id=\"user_name\" class=\"validate[required,custom[noapostrophe],custom[SWPMUserName],minSize[4],ajax[ajaxUserCall]]\" value=\"\" size=\"50\" name=\"user_name\" \/><\/td>\n            <\/tr>\n            <tr class=\"swpm-registration-email-row\">\n                <td><label for=\"email\">E-post<\/label><\/td>\n                <td><input type=\"text\" autocomplete=\"off\" id=\"email\" class=\"validate[required,custom[email],ajax[ajaxEmailCall]]\" value=\"\" size=\"50\" name=\"email\" \/><\/td>\n            <\/tr>\n            <tr class=\"swpm-registration-password-row\">\n                <td><label for=\"password\">L\u00f6senord<\/label><\/td>\n                <td><input type=\"password\" autocomplete=\"off\" id=\"password\" class=\"\" value=\"\" size=\"50\" name=\"password\" \/><\/td>\n            <\/tr>\n            <tr class=\"swpm-registration-password-retype-row\">\n                <td><label for=\"password_re\">Upprepa l\u00f6senord<\/label><\/td>\n                <td><input type=\"password\" autocomplete=\"off\" id=\"password_re\" value=\"\" size=\"50\" name=\"password_re\" \/><\/td>\n            <\/tr>\n            <tr class=\"swpm-registration-firstname-row\" >\n                <td><label for=\"first_name\">F\u00f6rnamn<\/label><\/td>\n                <td><input type=\"text\" id=\"first_name\" value=\"\" size=\"50\" name=\"first_name\" \/><\/td>\n            <\/tr>\n            <tr class=\"swpm-registration-lastname-row\" >\n                <td><label for=\"last_name\">Efternamn<\/label><\/td>\n                <td><input type=\"text\" id=\"last_name\" value=\"\" size=\"50\" name=\"last_name\" \/><\/td>\n            <\/tr>\n            <tr class=\"swpm-registration-membership-level-row\" >\n                <td><label for=\"membership_level\">Medlemskapsniv\u00e5<\/label><\/td>\n                <td>\n                    J\u00e4sen<input type=\"hidden\" value=\"3\" size=\"50\" name=\"swpm_membership_level\" id=\"membership_level\" \/><input type=\"hidden\" name=\"swpm_level_hash\" value=\"de47ae242a3cd1d5003788bf6aacb53c\" \/>                <\/td>\n            <\/tr>\n                    <\/table>\n\n        <div class=\"swpm-before-registration-submit-section\" align=\"center\"><\/div>\n\n        <div class=\"swpm-registration-submit-section\" align=\"center\">\n            <input type=\"submit\" value=\"Registrera\" class=\"swpm-registration-submit\" name=\"swpm_registration_submit\" \/>\n        <\/div>\n\n        <input type=\"hidden\" name=\"action\" value=\"custom_posts\" \/>\n\n    <input type=\"hidden\" name=\"trp-form-language\" value=\"sv\"\/><\/form>\n<\/div>\n<\/div>\n\t\t\t\t<\/div>\n\t\t\t\t<\/div>\n\t\t\t\t\t<\/div>\n\t\t<\/div>\n\t\t\t\t\t<\/div>\n\t\t<\/section>\n\t\t\t\t<section class=\"elementor-section elementor-top-section elementor-element elementor-element-95fd5d4 elementor-section-full_width elementor-hidden-desktop elementor-section-height-default elementor-section-height-default\" data-id=\"95fd5d4\" data-element_type=\"section\">\n\t\t\t\t\t\t<div class=\"elementor-container elementor-column-gap-default\">\n\t\t\t\t\t<div class=\"elementor-column elementor-col-100 elementor-top-column elementor-element elementor-element-921be07\" data-id=\"921be07\" data-element_type=\"column\">\n\t\t\t<div class=\"elementor-widget-wrap elementor-element-populated\">\n\t\t\t\t\t\t<div class=\"elementor-element elementor-element-553862f elementor-widget-tablet__width-initial elementor-widget elementor-widget-shortcode\" data-id=\"553862f\" data-element_type=\"widget\" data-widget_type=\"shortcode.default\">\n\t\t\t\t<div class=\"elementor-widget-container\">\n\t\t\t\t\t<div class=\"elementor-shortcode\"><div class=\"swpm-registration-widget-form\">\n    <form id=\"swpm-registration-form\" class=\"swpm-validate-form\" name=\"swpm-registration-form\" method=\"post\" action=\"\" data-trp-original-action=\"\">\n        <input type =\"hidden\" name=\"level_identifier\" value=\"eccbc87e4b5ce2fe28308fd9f2a7baf3\" \/>\n        <table>\n            <tr class=\"swpm-registration-username-row\" >\n                <td><label for=\"user_name\">Anv\u00e4ndarnamn<\/label><\/td>\n                <td><input type=\"text\" id=\"user_name\" class=\"validate[required,custom[noapostrophe],custom[SWPMUserName],minSize[4],ajax[ajaxUserCall]]\" value=\"\" size=\"50\" name=\"user_name\" \/><\/td>\n            <\/tr>\n            <tr class=\"swpm-registration-email-row\">\n                <td><label for=\"email\">E-post<\/label><\/td>\n                <td><input type=\"text\" autocomplete=\"off\" id=\"email\" class=\"validate[required,custom[email],ajax[ajaxEmailCall]]\" value=\"\" size=\"50\" name=\"email\" \/><\/td>\n            <\/tr>\n            <tr class=\"swpm-registration-password-row\">\n                <td><label for=\"password\">L\u00f6senord<\/label><\/td>\n                <td><input type=\"password\" autocomplete=\"off\" id=\"password\" class=\"\" value=\"\" size=\"50\" name=\"password\" \/><\/td>\n            <\/tr>\n            <tr class=\"swpm-registration-password-retype-row\">\n                <td><label for=\"password_re\">Upprepa l\u00f6senord<\/label><\/td>\n                <td><input type=\"password\" autocomplete=\"off\" id=\"password_re\" value=\"\" size=\"50\" name=\"password_re\" \/><\/td>\n            <\/tr>\n            <tr class=\"swpm-registration-firstname-row\" >\n                <td><label for=\"first_name\">F\u00f6rnamn<\/label><\/td>\n                <td><input type=\"text\" id=\"first_name\" value=\"\" size=\"50\" name=\"first_name\" \/><\/td>\n            <\/tr>\n            <tr class=\"swpm-registration-lastname-row\" >\n                <td><label for=\"last_name\">Efternamn<\/label><\/td>\n                <td><input type=\"text\" id=\"last_name\" value=\"\" size=\"50\" name=\"last_name\" \/><\/td>\n            <\/tr>\n            <tr class=\"swpm-registration-membership-level-row\" >\n                <td><label for=\"membership_level\">Medlemskapsniv\u00e5<\/label><\/td>\n                <td>\n                    J\u00e4sen<input type=\"hidden\" value=\"3\" size=\"50\" name=\"swpm_membership_level\" id=\"membership_level\" \/><input type=\"hidden\" name=\"swpm_level_hash\" value=\"de47ae242a3cd1d5003788bf6aacb53c\" \/>                <\/td>\n            <\/tr>\n                    <\/table>\n\n        <div class=\"swpm-before-registration-submit-section\" align=\"center\"><\/div>\n\n        <div class=\"swpm-registration-submit-section\" align=\"center\">\n            <input type=\"submit\" value=\"Registrera\" class=\"swpm-registration-submit\" name=\"swpm_registration_submit\" \/>\n        <\/div>\n\n        <input type=\"hidden\" name=\"action\" value=\"custom_posts\" \/>\n\n    <input type=\"hidden\" name=\"trp-form-language\" value=\"sv\"\/><\/form>\n<\/div>\n<\/div>\n\t\t\t\t<\/div>\n\t\t\t\t<\/div>\n\t\t\t\t\t<\/div>\n\t\t<\/div>\n\t\t\t\t\t<\/div>\n\t\t<\/section>\n\t\t\t\t<\/div>","protected":false},"excerpt":{"rendered":"<p>Rekister\u00f6idy Valitse itsellesi k\u00e4ytt\u00e4j\u00e4tunnus, joka n\u00e4kyy oikean nimen sijasta j\u00e4sensivuilla liikkuessasi. Huom! K\u00e4ytt\u00e4j\u00e4tunnuksessa ei saa olla v\u00e4lily\u00f6ntej\u00e4. Merkitse sellainen s\u00e4hk\u00f6postiosoite, jota muutenkin k\u00e4yt\u00e4t ja jonka kautta sinuun saa yhteyden. Salasanalle ei ole lomakkeessa erityisvaatimuksia, mutta kuten yleens\u00e4kin, kannattaa v\u00e4ltt\u00e4\u00e4 liian ilmeist\u00e4 ratkaisua kuten 12345. Etu- ja sukunimi tarvitaan, jotta rekister\u00f6innin hyv\u00e4ksyj\u00e4 voi varmistaa, ett\u00e4 olet [&hellip;]<\/p>","protected":false},"author":73,"featured_media":0,"parent":0,"menu_order":0,"comment_status":"closed","ping_status":"closed","template":"","meta":{"_bbp_topic_count":0,"_bbp_reply_count":0,"_bbp_total_topic_count":0,"_bbp_total_reply_count":0,"_bbp_voice_count":0,"_bbp_anonymous_reply_count":0,"_bbp_topic_count_hidden":0,"_bbp_reply_count_hidden":0,"_bbp_forum_subforum_count":0,"site-sidebar-layout":"default","site-content-layout":"","ast-site-content-layout":"","site-content-style":"default","site-sidebar-style":"default","ast-global-header-display":"","ast-banner-title-visibility":"","ast-main-header-display":"","ast-hfb-above-header-display":"","ast-hfb-below-header-display":"","ast-hfb-mobile-header-display":"","site-post-title":"","ast-breadcrumbs-content":"","ast-featured-img":"","footer-sml-layout":"","theme-transparent-header-meta":"","adv-header-id-meta":"","stick-header-meta":"","header-above-stick-meta":"","header-main-stick-meta":"","header-below-stick-meta":"","astra-migrate-meta-layouts":"default","ast-page-background-enabled":"default","ast-page-background-meta":{"desktop":{"background-color":"var(--ast-global-color-4)","background-image":"","background-repeat":"repeat","background-position":"center center","background-size":"auto","background-attachment":"scroll","background-type":"","background-media":"","overlay-type":"","overlay-color":"","overlay-opacity":"","overlay-gradient":""},"tablet":{"background-color":"","background-image":"","background-repeat":"repeat","background-position":"center center","background-size":"auto","background-attachment":"scroll","background-type":"","background-media":"","overlay-type":"","overlay-color":"","overlay-opacity":"","overlay-gradient":""},"mobile":{"background-color":"","background-image":"","background-repeat":"repeat","background-position":"center center","background-size":"auto","background-attachment":"scroll","background-type":"","background-media":"","overlay-type":"","overlay-color":"","overlay-opacity":"","overlay-gradient":""}},"ast-content-background-meta":{"desktop":{"background-color":"var(--ast-global-color-5)","background-image":"","background-repeat":"repeat","background-position":"center center","background-size":"auto","background-attachment":"scroll","background-type":"","background-media":"","overlay-type":"","overlay-color":"","overlay-opacity":"","overlay-gradient":""},"tablet":{"background-color":"var(--ast-global-color-5)","background-image":"","background-repeat":"repeat","background-position":"center center","background-size":"auto","background-attachment":"scroll","background-type":"","background-media":"","overlay-type":"","overlay-color":"","overlay-opacity":"","overlay-gradient":""},"mobile":{"background-color":"var(--ast-global-color-5)","background-image":"","background-repeat":"repeat","background-position":"center center","background-size":"auto","background-attachment":"scroll","background-type":"","background-media":"","overlay-type":"","overlay-color":"","overlay-opacity":"","overlay-gradient":""}},"iawp_total_views":100,"footnotes":""},"class_list":["post-1668","page","type-page","status-publish","hentry"],"yoast_head":"<!-- This site is optimized with the Yoast SEO plugin v23.7 - https:\/\/yoast.com\/wordpress\/plugins\/seo\/ -->\n<title>Rekister\u00f6idy -<\/title>\n<meta name=\"robots\" content=\"index, follow, max-snippet:-1, max-image-preview:large, max-video-preview:-1\" \/>\n<link rel=\"canonical\" href=\"https:\/\/helas.fi\/sv\/rekisteroidy\/\" \/>\n<meta property=\"og:locale\" content=\"sv_SE\" \/>\n<meta property=\"og:type\" content=\"article\" \/>\n<meta property=\"og:title\" content=\"Rekister\u00f6idy -\" \/>\n<meta property=\"og:description\" content=\"Rekister\u00f6idy Valitse itsellesi k\u00e4ytt\u00e4j\u00e4tunnus, joka n\u00e4kyy oikean nimen sijasta j\u00e4sensivuilla liikkuessasi. Huom! K\u00e4ytt\u00e4j\u00e4tunnuksessa ei saa olla v\u00e4lily\u00f6ntej\u00e4. Merkitse sellainen s\u00e4hk\u00f6postiosoite, jota muutenkin k\u00e4yt\u00e4t ja jonka kautta sinuun saa yhteyden. Salasanalle ei ole lomakkeessa erityisvaatimuksia, mutta kuten yleens\u00e4kin, kannattaa v\u00e4ltt\u00e4\u00e4 liian ilmeist\u00e4 ratkaisua kuten 12345. Etu- ja sukunimi tarvitaan, jotta rekister\u00f6innin hyv\u00e4ksyj\u00e4 voi varmistaa, ett\u00e4 olet [&hellip;]\" \/>\n<meta property=\"og:url\" content=\"https:\/\/helas.fi\/sv\/rekisteroidy\/\" \/>\n<meta property=\"article:modified_time\" content=\"2023-09-02T15:36:56+00:00\" \/>\n<meta name=\"twitter:card\" content=\"summary_large_image\" \/>\n<meta name=\"twitter:label1\" content=\"Ber\u00e4knad l\u00e4stid\" \/>\n\t<meta name=\"twitter:data1\" content=\"2 minuter\" \/>\n<script type=\"application\/ld+json\" class=\"yoast-schema-graph\">{\"@context\":\"https:\/\/schema.org\",\"@graph\":[{\"@type\":\"WebPage\",\"@id\":\"https:\/\/helas.fi\/rekisteroidy\/\",\"url\":\"https:\/\/helas.fi\/rekisteroidy\/\",\"name\":\"Rekister\u00f6idy -\",\"isPartOf\":{\"@id\":\"https:\/\/helas.fi\/#website\"},\"datePublished\":\"2017-04-11T19:07:19+00:00\",\"dateModified\":\"2023-09-02T15:36:56+00:00\",\"breadcrumb\":{\"@id\":\"https:\/\/helas.fi\/rekisteroidy\/#breadcrumb\"},\"inLanguage\":\"sv-SE\",\"potentialAction\":[{\"@type\":\"ReadAction\",\"target\":[\"https:\/\/helas.fi\/rekisteroidy\/\"]}]},{\"@type\":\"BreadcrumbList\",\"@id\":\"https:\/\/helas.fi\/rekisteroidy\/#breadcrumb\",\"itemListElement\":[{\"@type\":\"ListItem\",\"position\":1,\"name\":\"Home\",\"item\":\"https:\/\/helas.fi\/\"},{\"@type\":\"ListItem\",\"position\":2,\"name\":\"Rekister\u00f6idy\"}]},{\"@type\":\"WebSite\",\"@id\":\"https:\/\/helas.fi\/#website\",\"url\":\"https:\/\/helas.fi\/\",\"name\":\"\",\"description\":\"Asumisoikeusasunnot Helsingiss\u00e4, Espoossa, Vantaalla ja Vihdiss\u00e4\",\"potentialAction\":[{\"@type\":\"SearchAction\",\"target\":{\"@type\":\"EntryPoint\",\"urlTemplate\":\"https:\/\/helas.fi\/?s={search_term_string}\"},\"query-input\":{\"@type\":\"PropertyValueSpecification\",\"valueRequired\":true,\"valueName\":\"search_term_string\"}}],\"inLanguage\":\"sv-SE\"}]}<\/script>\n<!-- \/ Yoast SEO plugin. -->","yoast_head_json":{"title":"Rekister\u00f6idy -","robots":{"index":"index","follow":"follow","max-snippet":"max-snippet:-1","max-image-preview":"max-image-preview:large","max-video-preview":"max-video-preview:-1"},"canonical":"https:\/\/helas.fi\/sv\/rekisteroidy\/","og_locale":"sv_SE","og_type":"article","og_title":"Rekister\u00f6idy -","og_description":"Rekister\u00f6idy Valitse itsellesi k\u00e4ytt\u00e4j\u00e4tunnus, joka n\u00e4kyy oikean nimen sijasta j\u00e4sensivuilla liikkuessasi. Huom! K\u00e4ytt\u00e4j\u00e4tunnuksessa ei saa olla v\u00e4lily\u00f6ntej\u00e4. Merkitse sellainen s\u00e4hk\u00f6postiosoite, jota muutenkin k\u00e4yt\u00e4t ja jonka kautta sinuun saa yhteyden. Salasanalle ei ole lomakkeessa erityisvaatimuksia, mutta kuten yleens\u00e4kin, kannattaa v\u00e4ltt\u00e4\u00e4 liian ilmeist\u00e4 ratkaisua kuten 12345. Etu- ja sukunimi tarvitaan, jotta rekister\u00f6innin hyv\u00e4ksyj\u00e4 voi varmistaa, ett\u00e4 olet [&hellip;]","og_url":"https:\/\/helas.fi\/sv\/rekisteroidy\/","article_modified_time":"2023-09-02T15:36:56+00:00","twitter_card":"summary_large_image","twitter_misc":{"Ber\u00e4knad l\u00e4stid":"2 minuter"},"schema":{"@context":"https:\/\/schema.org","@graph":[{"@type":"WebPage","@id":"https:\/\/helas.fi\/rekisteroidy\/","url":"https:\/\/helas.fi\/rekisteroidy\/","name":"Rekister\u00f6idy -","isPartOf":{"@id":"https:\/\/helas.fi\/#website"},"datePublished":"2017-04-11T19:07:19+00:00","dateModified":"2023-09-02T15:36:56+00:00","breadcrumb":{"@id":"https:\/\/helas.fi\/rekisteroidy\/#breadcrumb"},"inLanguage":"sv-SE","potentialAction":[{"@type":"ReadAction","target":["https:\/\/helas.fi\/rekisteroidy\/"]}]},{"@type":"BreadcrumbList","@id":"https:\/\/helas.fi\/rekisteroidy\/#breadcrumb","itemListElement":[{"@type":"ListItem","position":1,"name":"Home","item":"https:\/\/helas.fi\/"},{"@type":"ListItem","position":2,"name":"Rekister\u00f6idy"}]},{"@type":"WebSite","@id":"https:\/\/helas.fi\/#website","url":"https:\/\/helas.fi\/","name":"","description":"Asumisoikeusasunnot Helsingiss\u00e4, Espoossa, Vantaalla ja Vihdiss\u00e4","potentialAction":[{"@type":"SearchAction","target":{"@type":"EntryPoint","urlTemplate":"https:\/\/helas.fi\/?s={search_term_string}"},"query-input":{"@type":"PropertyValueSpecification","valueRequired":true,"valueName":"search_term_string"}}],"inLanguage":"sv-SE"}]}},"_links":{"self":[{"href":"https:\/\/helas.fi\/sv\/wp-json\/wp\/v2\/pages\/1668"}],"collection":[{"href":"https:\/\/helas.fi\/sv\/wp-json\/wp\/v2\/pages"}],"about":[{"href":"https:\/\/helas.fi\/sv\/wp-json\/wp\/v2\/types\/page"}],"author":[{"embeddable":true,"href":"https:\/\/helas.fi\/sv\/wp-json\/wp\/v2\/users\/73"}],"replies":[{"embeddable":true,"href":"https:\/\/helas.fi\/sv\/wp-json\/wp\/v2\/comments?post=1668"}],"version-history":[{"count":20,"href":"https:\/\/helas.fi\/sv\/wp-json\/wp\/v2\/pages\/1668\/revisions"}],"predecessor-version":[{"id":13685,"href":"https:\/\/helas.fi\/sv\/wp-json\/wp\/v2\/pages\/1668\/revisions\/13685"}],"wp:attachment":[{"href":"https:\/\/helas.fi\/sv\/wp-json\/wp\/v2\/media?parent=1668"}],"curies":[{"name":"wp","href":"https:\/\/api.w.org\/{rel}","templated":true}]}}