{"id":2139,"date":"2023-07-09T16:57:44","date_gmt":"2023-07-09T13:57:44","guid":{"rendered":"https:\/\/helas.fi\/?page_id=2139"},"modified":"2026-03-18T14:37:43","modified_gmt":"2026-03-18T12:37:43","slug":"vapautuvia-asuntoja-helasin-kohteissa","status":"publish","type":"page","link":"https:\/\/helas.fi\/sv\/vapautuvia-asuntoja-helasin-kohteissa\/","title":{"rendered":"Vapautuvia asuntoja Helasin kohteissa"},"content":{"rendered":"<div data-elementor-type=\"wp-post\" data-elementor-id=\"2139\" class=\"elementor elementor-2139\">\n\t\t\t\t\t\t<section class=\"elementor-section elementor-top-section elementor-element elementor-element-32d61f51 elementor-section-boxed elementor-section-height-default elementor-section-height-default\" data-id=\"32d61f51\" data-element_type=\"section\">\n\t\t\t\t\t\t<div class=\"elementor-container elementor-column-gap-default\">\n\t\t\t\t\t<div class=\"elementor-column elementor-col-100 elementor-top-column elementor-element elementor-element-2354ca37\" data-id=\"2354ca37\" data-element_type=\"column\">\n\t\t\t<div class=\"elementor-widget-wrap elementor-element-populated\">\n\t\t\t\t\t\t<div class=\"elementor-element elementor-element-3ad25f6b elementor-widget elementor-widget-heading\" data-id=\"3ad25f6b\" data-element_type=\"widget\" data-widget_type=\"heading.default\">\n\t\t\t\t<div class=\"elementor-widget-container\">\n\t\t\t<h1 class=\"elementor-heading-title elementor-size-default\">Objekt till salu<\/h1>\t\t<\/div>\n\t\t\t\t<\/div>\n\t\t\t\t\t<\/div>\n\t\t<\/div>\n\t\t\t\t\t<\/div>\n\t\t<\/section>\n\t\t\t\t<section class=\"elementor-section elementor-top-section elementor-element elementor-element-d8fef32 elementor-section-boxed elementor-section-height-default elementor-section-height-default\" data-id=\"d8fef32\" data-element_type=\"section\">\n\t\t\t\t\t\t<div class=\"elementor-container elementor-column-gap-default\">\n\t\t\t\t\t<div class=\"elementor-column elementor-col-100 elementor-top-column elementor-element elementor-element-f68fb71\" data-id=\"f68fb71\" data-element_type=\"column\">\n\t\t\t<div class=\"elementor-widget-wrap elementor-element-populated\">\n\t\t\t\t\t\t<div class=\"elementor-element elementor-element-f25b52c elementor-widget elementor-widget-text-editor\" data-id=\"f25b52c\" data-element_type=\"widget\" data-widget_type=\"text-editor.default\">\n\t\t\t\t<div class=\"elementor-widget-container\">\n\t\t\t\t\t\t\t<p>Dessa Helas bostadsr\u00e4ttsbost\u00e4der \u00e4r lediga just nu eller blir lediga inom kort. Informationen uppdateras l\u00f6pande.<br \/>OBS! Helas f\u00f6rbeh\u00e5ller sig r\u00e4tten att fr\u00e5n fall till fall besluta vilka l\u00e4genheter som ska annonseras via denna webbplats.<br \/>Om det finns en betydande v\u00e4ntelista f\u00f6r Helas l\u00e4genheter, kommer de inte att marknadsf\u00f6ras separat.<\/p>\t\t\t\t\t\t<\/div>\n\t\t\t\t<\/div>\n\t\t\t\t\t<\/div>\n\t\t<\/div>\n\t\t\t\t\t<\/div>\n\t\t<\/section>\n\t\t\t\t<section class=\"elementor-section elementor-top-section elementor-element elementor-element-4eccc6bb elementor-section-boxed elementor-section-height-default elementor-section-height-default\" data-id=\"4eccc6bb\" data-element_type=\"section\">\n\t\t\t\t\t\t<div class=\"elementor-container elementor-column-gap-default\">\n\t\t\t\t\t<div class=\"elementor-column elementor-col-50 elementor-top-column elementor-element elementor-element-d13dcd9\" data-id=\"d13dcd9\" data-element_type=\"column\">\n\t\t\t<div class=\"elementor-widget-wrap elementor-element-populated\">\n\t\t\t\t\t\t<div class=\"elementor-element elementor-element-de73f2a elementor-widget elementor-widget-text-editor\" data-id=\"de73f2a\" data-element_type=\"widget\" data-widget_type=\"text-editor.default\">\n\t\t\t\t<div class=\"elementor-widget-container\">\n\t\t\t\t\t\t\t<p><strong>Vantaa Martinlaakso, Laajavuorenkuja 12 A 3<br \/><\/strong>(Vapautuu 26.5.2026)<\/p><p>3H+K+P 74,5 m\u00b2<\/p><p>Asumisoikeusmaksu 3 759,00 \u20ac<br \/>Indeksikorotus 3 118,34 \u20ac<br \/>\u00c4ndringar 0,00 \u20ac<br \/>Yhteens\u00e4 <strong>6 877,34\u00a0\u20ac<\/strong><br \/>K\u00e4ytt\u00f6vastike 819,50 \u20ac \/ kk (sis\u00e4lt\u00e4\u00e4 vesimaksun)<\/p>\t\t\t\t\t\t<\/div>\n\t\t\t\t<\/div>\n\t\t\t\t<div class=\"elementor-element elementor-element-fcc8ab6 elementor-widget elementor-widget-button\" data-id=\"fcc8ab6\" data-element_type=\"widget\" data-widget_type=\"button.default\">\n\t\t\t\t<div class=\"elementor-widget-container\">\n\t\t\t\t\t<div class=\"elementor-button-wrapper\">\n\t\t\t<a class=\"elementor-button elementor-button-link elementor-size-sm\" href=\"https:\/\/helas.fi\/sv\/asunnon-hakeminen\/\">\n\t\t\t\t\t\t<span class=\"elementor-button-content-wrapper\">\n\t\t\t\t\t\t\t\t\t<span class=\"elementor-button-text\">Ans\u00f6k om bostad h\u00e4r<\/span>\n\t\t\t\t\t<\/span>\n\t\t\t\t\t<\/a>\n\t\t<\/div>\n\t\t\t\t<\/div>\n\t\t\t\t<\/div>\n\t\t\t\t\t<\/div>\n\t\t<\/div>\n\t\t\t\t<div class=\"elementor-column elementor-col-50 elementor-top-column elementor-element elementor-element-33254321\" data-id=\"33254321\" data-element_type=\"column\">\n\t\t\t<div class=\"elementor-widget-wrap elementor-element-populated\">\n\t\t\t\t\t\t<div class=\"elementor-element elementor-element-616efc54 elementor-widget__width-initial elementor-widget elementor-widget-text-editor\" data-id=\"616efc54\" data-element_type=\"widget\" data-widget_type=\"text-editor.default\">\n\t\t\t\t<div class=\"elementor-widget-container\">\n\t\t\t\t\t\t\t<p><strong>Vantaa Martinlaakso, Laajavuorenkuja 12 D 49<br \/><\/strong>(Vapaa)<\/p><p>4H+K+P 89,5 m\u00b2<\/p><p>Asumisoikeusmaksu 4 515,85 \u20ac<br \/>Indeksikorotus 3 631,39 \u20ac,<br \/>\u00c4ndringar 0,00 \u20ac\u00a0<br \/><span style=\"font-style: inherit; font-weight: inherit;\">Yhteens\u00e4 <strong>8 147,24 \u20ac<\/strong><br \/>K\u00e4ytt\u00f6vastike 984,50<\/span><span style=\"font-style: inherit; font-weight: inherit;\">\u00a0\u20ac \/ kk (sis\u00e4lt\u00e4\u00e4 vesimaksun)<\/span><\/p>\t\t\t\t\t\t<\/div>\n\t\t\t\t<\/div>\n\t\t\t\t<div class=\"elementor-element elementor-element-3b184d7c elementor-widget elementor-widget-button\" data-id=\"3b184d7c\" data-element_type=\"widget\" data-widget_type=\"button.default\">\n\t\t\t\t<div class=\"elementor-widget-container\">\n\t\t\t\t\t<div class=\"elementor-button-wrapper\">\n\t\t\t<a class=\"elementor-button elementor-button-link elementor-size-sm\" href=\"https:\/\/helas.fi\/sv\/asunnon-hakeminen\/\">\n\t\t\t\t\t\t<span class=\"elementor-button-content-wrapper\">\n\t\t\t\t\t\t\t\t\t<span class=\"elementor-button-text\">Ans\u00f6k om bostad h\u00e4r<\/span>\n\t\t\t\t\t<\/span>\n\t\t\t\t\t<\/a>\n\t\t<\/div>\n\t\t\t\t<\/div>\n\t\t\t\t<\/div>\n\t\t\t\t\t<\/div>\n\t\t<\/div>\n\t\t\t\t\t<\/div>\n\t\t<\/section>\n\t\t\t\t<section class=\"elementor-section elementor-top-section elementor-element elementor-element-edfd03b elementor-section-boxed elementor-section-height-default elementor-section-height-default\" data-id=\"edfd03b\" data-element_type=\"section\">\n\t\t\t\t\t\t<div class=\"elementor-container elementor-column-gap-default\">\n\t\t\t\t\t<div class=\"elementor-column elementor-col-50 elementor-top-column elementor-element elementor-element-113d408\" data-id=\"113d408\" data-element_type=\"column\">\n\t\t\t<div class=\"elementor-widget-wrap elementor-element-populated\">\n\t\t\t\t\t\t<div class=\"elementor-element elementor-element-a1d76a0 elementor-widget__width-initial elementor-widget elementor-widget-text-editor\" data-id=\"a1d76a0\" data-element_type=\"widget\" data-widget_type=\"text-editor.default\">\n\t\t\t\t<div class=\"elementor-widget-container\">\n\t\t\t\t\t\t\t<p><b>Vantaa Martinlaakso, Laajavuorenkuja 12 D 42<\/b><br \/>(Vapaa)<\/p><p>3H + K + P 74,5 m\u00b2<\/p><p>Alkup. asomaksu 3 759,00 \u20ac<br \/>Indeksimuutos 2 980,30 \u20ac<br \/>\u00c4ndringar 0,00 \u20ac<br \/>Yhteens\u00e4<strong>\u00a06 739,30 \u20ac<br \/><\/strong>K\u00e4ytt\u00f6vastike 819,50 \u20ac \/ kk (sis\u00e4lt\u00e4\u00e4 vesimaksun)<\/p>\t\t\t\t\t\t<\/div>\n\t\t\t\t<\/div>\n\t\t\t\t<div class=\"elementor-element elementor-element-1b19875 elementor-widget elementor-widget-button\" data-id=\"1b19875\" data-element_type=\"widget\" data-widget_type=\"button.default\">\n\t\t\t\t<div class=\"elementor-widget-container\">\n\t\t\t\t\t<div class=\"elementor-button-wrapper\">\n\t\t\t<a class=\"elementor-button elementor-button-link elementor-size-sm\" href=\"https:\/\/helas.fi\/sv\/asunnon-hakeminen\/\">\n\t\t\t\t\t\t<span class=\"elementor-button-content-wrapper\">\n\t\t\t\t\t\t\t\t\t<span class=\"elementor-button-text\">Ans\u00f6k om bostad h\u00e4r<\/span>\n\t\t\t\t\t<\/span>\n\t\t\t\t\t<\/a>\n\t\t<\/div>\n\t\t\t\t<\/div>\n\t\t\t\t<\/div>\n\t\t\t\t\t<\/div>\n\t\t<\/div>\n\t\t\t\t<div class=\"elementor-column elementor-col-50 elementor-top-column elementor-element elementor-element-25efacd\" data-id=\"25efacd\" data-element_type=\"column\">\n\t\t\t<div class=\"elementor-widget-wrap elementor-element-populated\">\n\t\t\t\t\t\t<div class=\"elementor-element elementor-element-e6623dc elementor-widget elementor-widget-text-editor\" data-id=\"e6623dc\" data-element_type=\"widget\" data-widget_type=\"text-editor.default\">\n\t\t\t\t<div class=\"elementor-widget-container\">\n\t\t\t\t\t\t\t<p><strong>Helsinki Mellunm\u00e4ki, Nupikuja 1-5 A<\/strong><br \/>(Vapautuu 31.3.2026)<\/p><p>3H + K + P + S 96,0 m\u00b2<\/p><p>Alkup. asomaksu 22 006,76 \u20ac<br \/>Indeksimuutos 17 434,72 \u20ac<br \/>\u00c4ndringar 0,00 \u20ac<br \/>Yhteens\u00e4 <strong>39 441,48\u20ac<br \/><\/strong>K\u00e4ytt\u00f6vastike 1 372,80 \u20ac \/ kk (sis\u00e4lt\u00e4\u00e4 vesimaksun)<\/p>\t\t\t\t\t\t<\/div>\n\t\t\t\t<\/div>\n\t\t\t\t<div class=\"elementor-element elementor-element-b3142ae elementor-widget elementor-widget-button\" data-id=\"b3142ae\" data-element_type=\"widget\" data-widget_type=\"button.default\">\n\t\t\t\t<div class=\"elementor-widget-container\">\n\t\t\t\t\t<div class=\"elementor-button-wrapper\">\n\t\t\t<a class=\"elementor-button elementor-button-link elementor-size-sm\" href=\"https:\/\/helas.fi\/sv\/asunnon-hakeminen\/\">\n\t\t\t\t\t\t<span class=\"elementor-button-content-wrapper\">\n\t\t\t\t\t\t\t\t\t<span class=\"elementor-button-text\">Ans\u00f6k om bostad h\u00e4r<\/span>\n\t\t\t\t\t<\/span>\n\t\t\t\t\t<\/a>\n\t\t<\/div>\n\t\t\t\t<\/div>\n\t\t\t\t<\/div>\n\t\t\t\t\t<\/div>\n\t\t<\/div>\n\t\t\t\t\t<\/div>\n\t\t<\/section>\n\t\t\t\t<section class=\"elementor-section elementor-top-section elementor-element elementor-element-b7b30e6 elementor-section-boxed elementor-section-height-default elementor-section-height-default\" data-id=\"b7b30e6\" data-element_type=\"section\">\n\t\t\t\t\t\t<div class=\"elementor-container elementor-column-gap-default\">\n\t\t\t\t\t<div class=\"elementor-column elementor-col-100 elementor-top-column elementor-element elementor-element-6cbd8c1\" data-id=\"6cbd8c1\" data-element_type=\"column\">\n\t\t\t<div class=\"elementor-widget-wrap\">\n\t\t\t\t\t\t\t<\/div>\n\t\t<\/div>\n\t\t\t\t\t<\/div>\n\t\t<\/section>\n\t\t\t\t<\/div>","protected":false},"excerpt":{"rendered":"<p>Vapautuvat asunnot N\u00e4m\u00e4 Helasin kohteiden asunnot ovat vapautuneet tai vapautumassa. Tietoja p\u00e4ivitet\u00e4\u00e4n tilanteen mukaan.HUOM! Helas pid\u00e4tt\u00e4\u00e4 oikeuden ratkaista tapauskohtaisesti, mitk\u00e4 asunnot tulevat haettavaksi t\u00e4m\u00e4n sivuston kautta.Mik\u00e4li Helasin asuntoihin on huomattavasti jonoa, niit\u00e4 ei markkinoida erikseen. Vantaa Martinlaakso, Laajavuorenkuja 12 A 3(Vapautuu 26.5.2026) 3H+K+P 74,5 m\u00b2 Asumisoikeusmaksu 3 759,00 \u20acIndeksikorotus 3 118,34 \u20acMuutosty\u00f6t 0,00 \u20acYhteens\u00e4 6 [&hellip;]<\/p>","protected":false},"author":73,"featured_media":0,"parent":0,"menu_order":0,"comment_status":"closed","ping_status":"closed","template":"","meta":{"_bbp_topic_count":0,"_bbp_reply_count":0,"_bbp_total_topic_count":0,"_bbp_total_reply_count":0,"_bbp_voice_count":0,"_bbp_anonymous_reply_count":0,"_bbp_topic_count_hidden":0,"_bbp_reply_count_hidden":0,"_bbp_forum_subforum_count":0,"site-sidebar-layout":"default","site-content-layout":"plain-container","ast-site-content-layout":"normal-width-container","site-content-style":"unboxed","site-sidebar-style":"unboxed","ast-global-header-display":"","ast-banner-title-visibility":"","ast-main-header-display":"","ast-hfb-above-header-display":"","ast-hfb-below-header-display":"","ast-hfb-mobile-header-display":"","site-post-title":"disabled","ast-breadcrumbs-content":"","ast-featured-img":"","footer-sml-layout":"","theme-transparent-header-meta":"default","adv-header-id-meta":"","stick-header-meta":"","header-above-stick-meta":"","header-main-stick-meta":"","header-below-stick-meta":"","astra-migrate-meta-layouts":"set","ast-page-background-enabled":"default","ast-page-background-meta":{"desktop":{"background-color":"var(--ast-global-color-4)","background-image":"","background-repeat":"repeat","background-position":"center center","background-size":"auto","background-attachment":"scroll","background-type":"","background-media":"","overlay-type":"","overlay-color":"","overlay-opacity":"","overlay-gradient":""},"tablet":{"background-color":"","background-image":"","background-repeat":"repeat","background-position":"center center","background-size":"auto","background-attachment":"scroll","background-type":"","background-media":"","overlay-type":"","overlay-color":"","overlay-opacity":"","overlay-gradient":""},"mobile":{"background-color":"","background-image":"","background-repeat":"repeat","background-position":"center center","background-size":"auto","background-attachment":"scroll","background-type":"","background-media":"","overlay-type":"","overlay-color":"","overlay-opacity":"","overlay-gradient":""}},"ast-content-background-meta":{"desktop":{"background-color":"var(--ast-global-color-5)","background-image":"","background-repeat":"repeat","background-position":"center center","background-size":"auto","background-attachment":"scroll","background-type":"","background-media":"","overlay-type":"","overlay-color":"","overlay-opacity":"","overlay-gradient":""},"tablet":{"background-color":"var(--ast-global-color-5)","background-image":"","background-repeat":"repeat","background-position":"center center","background-size":"auto","background-attachment":"scroll","background-type":"","background-media":"","overlay-type":"","overlay-color":"","overlay-opacity":"","overlay-gradient":""},"mobile":{"background-color":"var(--ast-global-color-5)","background-image":"","background-repeat":"repeat","background-position":"center center","background-size":"auto","background-attachment":"scroll","background-type":"","background-media":"","overlay-type":"","overlay-color":"","overlay-opacity":"","overlay-gradient":""}},"iawp_total_views":9774,"footnotes":""},"class_list":["post-2139","page","type-page","status-publish","hentry"],"yoast_head":"<!-- This site is optimized with the Yoast SEO plugin v23.7 - https:\/\/yoast.com\/wordpress\/plugins\/seo\/ -->\n<title>Vapautuvat asunnot | Helas asumisoikeusasunnot<\/title>\n<meta name=\"description\" content=\"Helsinki, Mellunm\u00e4ki, Nupikuja 2 D (vapautuu aikaisintaan 3.5.2023) Vantaa, Martinlaakso, Laajavuorenkuja 12 B 21 (vapautumassa 13.5.2023)\" \/>\n<meta name=\"robots\" content=\"index, follow, max-snippet:-1, max-image-preview:large, max-video-preview:-1\" \/>\n<link rel=\"canonical\" href=\"https:\/\/helas.fi\/sv\/vapautuvia-asuntoja-helasin-kohteissa\/\" \/>\n<meta property=\"og:locale\" content=\"sv_SE\" \/>\n<meta property=\"og:type\" content=\"article\" \/>\n<meta property=\"og:title\" content=\"Vapautuvat asunnot | Helas asumisoikeusasunnot\" \/>\n<meta property=\"og:description\" content=\"Helsinki, Mellunm\u00e4ki, Nupikuja 2 D (vapautuu aikaisintaan 3.5.2023) Vantaa, Martinlaakso, Laajavuorenkuja 12 B 21 (vapautumassa 13.5.2023)\" \/>\n<meta property=\"og:url\" content=\"https:\/\/helas.fi\/sv\/vapautuvia-asuntoja-helasin-kohteissa\/\" \/>\n<meta property=\"article:modified_time\" content=\"2026-03-18T12:37:43+00:00\" \/>\n<meta name=\"twitter:card\" content=\"summary_large_image\" \/>\n<meta name=\"twitter:label1\" content=\"Ber\u00e4knad l\u00e4stid\" \/>\n\t<meta name=\"twitter:data1\" content=\"2 minuter\" \/>\n<script type=\"application\/ld+json\" class=\"yoast-schema-graph\">{\"@context\":\"https:\/\/schema.org\",\"@graph\":[{\"@type\":\"WebPage\",\"@id\":\"https:\/\/helas.fi\/vapautuvia-asuntoja-helasin-kohteissa\/\",\"url\":\"https:\/\/helas.fi\/vapautuvia-asuntoja-helasin-kohteissa\/\",\"name\":\"Vapautuvat asunnot | Helas asumisoikeusasunnot\",\"isPartOf\":{\"@id\":\"https:\/\/helas.fi\/#website\"},\"datePublished\":\"2023-07-09T13:57:44+00:00\",\"dateModified\":\"2026-03-18T12:37:43+00:00\",\"description\":\"Helsinki, Mellunm\u00e4ki, Nupikuja 2 D (vapautuu aikaisintaan 3.5.2023) Vantaa, Martinlaakso, Laajavuorenkuja 12 B 21 (vapautumassa 13.5.2023)\",\"breadcrumb\":{\"@id\":\"https:\/\/helas.fi\/vapautuvia-asuntoja-helasin-kohteissa\/#breadcrumb\"},\"inLanguage\":\"sv-SE\",\"potentialAction\":[{\"@type\":\"ReadAction\",\"target\":[\"https:\/\/helas.fi\/vapautuvia-asuntoja-helasin-kohteissa\/\"]}]},{\"@type\":\"BreadcrumbList\",\"@id\":\"https:\/\/helas.fi\/vapautuvia-asuntoja-helasin-kohteissa\/#breadcrumb\",\"itemListElement\":[{\"@type\":\"ListItem\",\"position\":1,\"name\":\"Home\",\"item\":\"https:\/\/helas.fi\/\"},{\"@type\":\"ListItem\",\"position\":2,\"name\":\"Vapautuvia asuntoja Helasin kohteissa\"}]},{\"@type\":\"WebSite\",\"@id\":\"https:\/\/helas.fi\/#website\",\"url\":\"https:\/\/helas.fi\/\",\"name\":\"\",\"description\":\"Asumisoikeusasunnot Helsingiss\u00e4, Espoossa, Vantaalla ja Vihdiss\u00e4\",\"potentialAction\":[{\"@type\":\"SearchAction\",\"target\":{\"@type\":\"EntryPoint\",\"urlTemplate\":\"https:\/\/helas.fi\/?s={search_term_string}\"},\"query-input\":{\"@type\":\"PropertyValueSpecification\",\"valueRequired\":true,\"valueName\":\"search_term_string\"}}],\"inLanguage\":\"sv-SE\"}]}<\/script>\n<!-- \/ Yoast SEO plugin. -->","yoast_head_json":{"title":"Vapautuvat asunnot | Helas asumisoikeusasunnot","description":"Helsinki, Mellunm\u00e4ki, Nupikuja 2 D (vapautuu aikaisintaan 3.5.2023) Vantaa, Martinlaakso, Laajavuorenkuja 12 B 21 (vapautumassa 13.5.2023)","robots":{"index":"index","follow":"follow","max-snippet":"max-snippet:-1","max-image-preview":"max-image-preview:large","max-video-preview":"max-video-preview:-1"},"canonical":"https:\/\/helas.fi\/sv\/vapautuvia-asuntoja-helasin-kohteissa\/","og_locale":"sv_SE","og_type":"article","og_title":"Vapautuvat asunnot | Helas asumisoikeusasunnot","og_description":"Helsinki, Mellunm\u00e4ki, Nupikuja 2 D (vapautuu aikaisintaan 3.5.2023) Vantaa, Martinlaakso, Laajavuorenkuja 12 B 21 (vapautumassa 13.5.2023)","og_url":"https:\/\/helas.fi\/sv\/vapautuvia-asuntoja-helasin-kohteissa\/","article_modified_time":"2026-03-18T12:37:43+00:00","twitter_card":"summary_large_image","twitter_misc":{"Ber\u00e4knad l\u00e4stid":"2 minuter"},"schema":{"@context":"https:\/\/schema.org","@graph":[{"@type":"WebPage","@id":"https:\/\/helas.fi\/vapautuvia-asuntoja-helasin-kohteissa\/","url":"https:\/\/helas.fi\/vapautuvia-asuntoja-helasin-kohteissa\/","name":"Vapautuvat asunnot | Helas asumisoikeusasunnot","isPartOf":{"@id":"https:\/\/helas.fi\/#website"},"datePublished":"2023-07-09T13:57:44+00:00","dateModified":"2026-03-18T12:37:43+00:00","description":"Helsinki, Mellunm\u00e4ki, Nupikuja 2 D (vapautuu aikaisintaan 3.5.2023) Vantaa, Martinlaakso, Laajavuorenkuja 12 B 21 (vapautumassa 13.5.2023)","breadcrumb":{"@id":"https:\/\/helas.fi\/vapautuvia-asuntoja-helasin-kohteissa\/#breadcrumb"},"inLanguage":"sv-SE","potentialAction":[{"@type":"ReadAction","target":["https:\/\/helas.fi\/vapautuvia-asuntoja-helasin-kohteissa\/"]}]},{"@type":"BreadcrumbList","@id":"https:\/\/helas.fi\/vapautuvia-asuntoja-helasin-kohteissa\/#breadcrumb","itemListElement":[{"@type":"ListItem","position":1,"name":"Home","item":"https:\/\/helas.fi\/"},{"@type":"ListItem","position":2,"name":"Vapautuvia asuntoja Helasin kohteissa"}]},{"@type":"WebSite","@id":"https:\/\/helas.fi\/#website","url":"https:\/\/helas.fi\/","name":"","description":"Asumisoikeusasunnot Helsingiss\u00e4, Espoossa, Vantaalla ja Vihdiss\u00e4","potentialAction":[{"@type":"SearchAction","target":{"@type":"EntryPoint","urlTemplate":"https:\/\/helas.fi\/?s={search_term_string}"},"query-input":{"@type":"PropertyValueSpecification","valueRequired":true,"valueName":"search_term_string"}}],"inLanguage":"sv-SE"}]}},"_links":{"self":[{"href":"https:\/\/helas.fi\/sv\/wp-json\/wp\/v2\/pages\/2139"}],"collection":[{"href":"https:\/\/helas.fi\/sv\/wp-json\/wp\/v2\/pages"}],"about":[{"href":"https:\/\/helas.fi\/sv\/wp-json\/wp\/v2\/types\/page"}],"author":[{"embeddable":true,"href":"https:\/\/helas.fi\/sv\/wp-json\/wp\/v2\/users\/73"}],"replies":[{"embeddable":true,"href":"https:\/\/helas.fi\/sv\/wp-json\/wp\/v2\/comments?post=2139"}],"version-history":[{"count":20,"href":"https:\/\/helas.fi\/sv\/wp-json\/wp\/v2\/pages\/2139\/revisions"}],"predecessor-version":[{"id":16914,"href":"https:\/\/helas.fi\/sv\/wp-json\/wp\/v2\/pages\/2139\/revisions\/16914"}],"wp:attachment":[{"href":"https:\/\/helas.fi\/sv\/wp-json\/wp\/v2\/media?parent=2139"}],"curies":[{"name":"wp","href":"https:\/\/api.w.org\/{rel}","templated":true}]}}