{"id":63,"date":"2023-01-26T12:51:49","date_gmt":"2023-01-26T10:51:49","guid":{"rendered":"http:\/\/localhost:8888\/Mallisivu\/?page_id=63"},"modified":"2024-10-10T17:45:08","modified_gmt":"2024-10-10T14:45:08","slug":"espoo-leppavaara-impilahdenpiha","status":"publish","type":"page","link":"https:\/\/helas.fi\/sv\/espoo-leppavaara-impilahdenpiha\/","title":{"rendered":"Espoo, Lepp\u00e4vaara, Impilahdenpiha"},"content":{"rendered":"<div data-elementor-type=\"wp-post\" data-elementor-id=\"63\" class=\"elementor elementor-63\">\n\t\t\t\t<div class=\"elementor-element elementor-element-68d7cd22 e-flex e-con-boxed e-con e-parent\" data-id=\"68d7cd22\" data-element_type=\"container\">\n\t\t\t\t\t<div class=\"e-con-inner\">\n\t\t\t\t<div class=\"elementor-element elementor-element-7362ef4d elementor-widget elementor-widget-prime-slider-general\" data-id=\"7362ef4d\" data-element_type=\"widget\" data-widget_type=\"prime-slider-general.default\">\n\t\t\t\t<div class=\"elementor-widget-container\">\n\t\t\t\t\t<div class=\"bdt-prime-slider\">\n\t\t\t<div class=\"bdt-prime-slider-skin-general\">\n\t\t\t\t<div class=\"bdt-position-relative bdt-visible-toggle\" bdt-slideshow=\"{&quot;animation&quot;:&quot;fade&quot;,&quot;ratio&quot;:&quot;16:9&quot;,&quot;min-height&quot;:480,&quot;autoplay&quot;:false,&quot;autoplay-interval&quot;:null,&quot;pause-on-hover&quot;:false,&quot;draggable&quot;:true,&quot;velocity&quot;:1,&quot;finite&quot;:false}\" data-settings=\"{&quot;id&quot;:&quot;#bdt-7362ef4d&quot;,&quot;animation_status&quot;:&quot;no&quot;}\" id=\"bdt-7362ef4d\">\n\t\t\t\t\t<ul class=\"bdt-slideshow-items\">\n\t\t\t\t\t\t\n\t\t\t<li\n\t\t\t\tclass=\"bdt-slideshow-item bdt-flex bdt-flex-middle bdt-flex-center elementor-repeater-item-d7c3046\">\n\t\t\t\t\n\t\t\t\t\t\t\t\t\t\t\t\n\t\t<div class=\"bdt-ps-slide-img\" style=\"background-image: url('https:\/\/helas.fi\/wp-content\/uploads\/helas_impilahdentie_1.jpg')\"><\/div>\n\n\t\t\t\t\t\t\t\n\t\t\t\t\t\n\t\t\t\t\n\t\t\t\t\t\t<div class=\"bdt-position-z-index bdt-position-large\">\n\t\t\t<div class=\"bdt-prime-slider-wrapper\">\n\t\t\t\t<div class=\"bdt-prime-slider-content\">\n\t\t\t\t\t<div class=\"bdt-prime-slider-desc\">\n\n\t\t\t\t\t\t\n\t\t\t\t\t\t\n\t\t\t\t\t\t\n\t\t\t\t\t\t<div data-bdt-slideshow-parallax=\"x: 150,0,-30; opacity: 1,1,0\">\n\t\t\t\t\t\t\t<div class=\"bdt-btn-wrapper\">\n\t\t\t\t\t\t\t\t\t\t\t\t\t\t\t<\/div>\n\t\t\t\t\t\t<\/div>\n\t\t\t\t\t<\/div>\n\n\t\t\t\t\t\n\t\t\t\t<\/div>\n\t\t\t<\/div>\n\t\t<\/div>\n\t\t\t\t\t<\/li>\n\n\t\t\n\t\t\t<li\n\t\t\t\tclass=\"bdt-slideshow-item bdt-flex bdt-flex-middle bdt-flex-center elementor-repeater-item-c5b9008\">\n\t\t\t\t\n\t\t\t\t\t\t\t\t\t\t\t\n\t\t<div class=\"bdt-ps-slide-img\" style=\"background-image: url('https:\/\/helas.fi\/wp-content\/uploads\/helas_impilahdentie_3.jpg')\"><\/div>\n\n\t\t\t\t\t\t\t\n\t\t\t\t\t\n\t\t\t\t\n\t\t\t\t\t\t<div class=\"bdt-position-z-index bdt-position-large\">\n\t\t\t<div class=\"bdt-prime-slider-wrapper\">\n\t\t\t\t<div class=\"bdt-prime-slider-content bdt-prime-slider-content\">\n\t\t\t\t\t<div class=\"bdt-prime-slider-desc\">\n\n\t\t\t\t\t\t\n\t\t\t\t\t\t\n\t\t\t\t\t\t\n\t\t\t\t\t\t<div data-bdt-slideshow-parallax=\"x: 150,0,-30; opacity: 1,1,0\">\n\t\t\t\t\t\t\t<div class=\"bdt-btn-wrapper\">\n\t\t\t\t\t\t\t\t\t\t\t\t\t\t\t<\/div>\n\t\t\t\t\t\t<\/div>\n\t\t\t\t\t<\/div>\n\n\t\t\t\t\t\n\t\t\t\t<\/div>\n\t\t\t<\/div>\n\t\t<\/div>\n\t\t\t\t\t<\/li>\n\n\t\t\n\t\t\t<li\n\t\t\t\tclass=\"bdt-slideshow-item bdt-flex bdt-flex-middle bdt-flex-center elementor-repeater-item-05a3506\">\n\t\t\t\t\n\t\t\t\t\t\t\t\t\t\t\t\n\t\t<div class=\"bdt-ps-slide-img\" style=\"background-image: url('https:\/\/helas.fi\/wp-content\/uploads\/helas_impilahdentie_4.jpg')\"><\/div>\n\n\t\t\t\t\t\t\t\n\t\t\t\t\t\n\t\t\t\t\n\t\t\t\t\t\t<div class=\"bdt-position-z-index bdt-position-large\">\n\t\t\t<div class=\"bdt-prime-slider-wrapper\">\n\t\t\t\t<div class=\"bdt-prime-slider-content bdt-prime-slider-content bdt-prime-slider-content\">\n\t\t\t\t\t<div class=\"bdt-prime-slider-desc\">\n\n\t\t\t\t\t\t\n\t\t\t\t\t\t\n\t\t\t\t\t\t\n\t\t\t\t\t\t<div data-bdt-slideshow-parallax=\"x: 150,0,-30; opacity: 1,1,0\">\n\t\t\t\t\t\t\t<div class=\"bdt-btn-wrapper\">\n\t\t\t\t\t\t\t\t\t\t\t\t\t\t\t<\/div>\n\t\t\t\t\t\t<\/div>\n\t\t\t\t\t<\/div>\n\n\t\t\t\t\t\n\t\t\t\t<\/div>\n\t\t\t<\/div>\n\t\t<\/div>\n\t\t\t\t\t<\/li>\n\n\t\t\n\t\t\t<li\n\t\t\t\tclass=\"bdt-slideshow-item bdt-flex bdt-flex-middle bdt-flex-center elementor-repeater-item-50ed5fe\">\n\t\t\t\t\n\t\t\t\t\t\t\t\t\t\t\t\n\t\t<div class=\"bdt-ps-slide-img\" style=\"background-image: url('https:\/\/helas.fi\/wp-content\/uploads\/helas_impilahdentie_6.jpg')\"><\/div>\n\n\t\t\t\t\t\t\t\n\t\t\t\t\t\n\t\t\t\t\n\t\t\t\t\t\t<div class=\"bdt-position-z-index bdt-position-large\">\n\t\t\t<div class=\"bdt-prime-slider-wrapper\">\n\t\t\t\t<div class=\"bdt-prime-slider-content bdt-prime-slider-content bdt-prime-slider-content bdt-prime-slider-content\">\n\t\t\t\t\t<div class=\"bdt-prime-slider-desc\">\n\n\t\t\t\t\t\t\n\t\t\t\t\t\t\n\t\t\t\t\t\t\n\t\t\t\t\t\t<div data-bdt-slideshow-parallax=\"x: 150,0,-30; opacity: 1,1,0\">\n\t\t\t\t\t\t\t<div class=\"bdt-btn-wrapper\">\n\t\t\t\t\t\t\t\t\t\t\t\t\t\t\t<\/div>\n\t\t\t\t\t\t<\/div>\n\t\t\t\t\t<\/div>\n\n\t\t\t\t\t\n\t\t\t\t<\/div>\n\t\t\t<\/div>\n\t\t<\/div>\n\t\t\t\t\t<\/li>\n\n\t\t\n\t\t\t<li\n\t\t\t\tclass=\"bdt-slideshow-item bdt-flex bdt-flex-middle bdt-flex-center elementor-repeater-item-c2aff83\">\n\t\t\t\t\n\t\t\t\t\t\t\t\t\t\t\t\n\t\t<div class=\"bdt-ps-slide-img\" style=\"background-image: url('https:\/\/helas.fi\/wp-content\/uploads\/helas_impilahdentie_5.jpg')\"><\/div>\n\n\t\t\t\t\t\t\t\n\t\t\t\t\t\n\t\t\t\t\n\t\t\t\t\t\t<div class=\"bdt-position-z-index bdt-position-large\">\n\t\t\t<div class=\"bdt-prime-slider-wrapper\">\n\t\t\t\t<div class=\"bdt-prime-slider-content bdt-prime-slider-content bdt-prime-slider-content bdt-prime-slider-content bdt-prime-slider-content\">\n\t\t\t\t\t<div class=\"bdt-prime-slider-desc\">\n\n\t\t\t\t\t\t\n\t\t\t\t\t\t\n\t\t\t\t\t\t\n\t\t\t\t\t\t<div data-bdt-slideshow-parallax=\"x: 150,0,-30; opacity: 1,1,0\">\n\t\t\t\t\t\t\t<div class=\"bdt-btn-wrapper\">\n\t\t\t\t\t\t\t\t\t\t\t\t\t\t\t<\/div>\n\t\t\t\t\t\t<\/div>\n\t\t\t\t\t<\/div>\n\n\t\t\t\t\t\n\t\t\t\t<\/div>\n\t\t\t<\/div>\n\t\t<\/div>\n\t\t\t\t\t<\/li>\n\n\t\t\n\t\t\t<li\n\t\t\t\tclass=\"bdt-slideshow-item bdt-flex bdt-flex-middle bdt-flex-center elementor-repeater-item-12b8ec9\">\n\t\t\t\t\n\t\t\t\t\t\t\t\t\t\t\t\n\t\t<div class=\"bdt-ps-slide-img\" style=\"background-image: url('https:\/\/helas.fi\/wp-content\/uploads\/helas_impilahdentie_2.jpg')\"><\/div>\n\n\t\t\t\t\t\t\t\n\t\t\t\t\t\n\t\t\t\t\n\t\t\t\t\t\t<div class=\"bdt-position-z-index bdt-position-large\">\n\t\t\t<div class=\"bdt-prime-slider-wrapper\">\n\t\t\t\t<div class=\"bdt-prime-slider-content bdt-prime-slider-content bdt-prime-slider-content bdt-prime-slider-content bdt-prime-slider-content bdt-prime-slider-content\">\n\t\t\t\t\t<div class=\"bdt-prime-slider-desc\">\n\n\t\t\t\t\t\t\n\t\t\t\t\t\t\n\t\t\t\t\t\t\n\t\t\t\t\t\t<div data-bdt-slideshow-parallax=\"x: 150,0,-30; opacity: 1,1,0\">\n\t\t\t\t\t\t\t<div class=\"bdt-btn-wrapper\">\n\t\t\t\t\t\t\t\t\t\t\t\t\t\t\t<\/div>\n\t\t\t\t\t\t<\/div>\n\t\t\t\t\t<\/div>\n\n\t\t\t\t\t\n\t\t\t\t<\/div>\n\t\t\t<\/div>\n\t\t<\/div>\n\t\t\t\t\t<\/li>\n\n\t\t\n\t\t\t\t\t<\/ul>\n\t\t\t\t\t\n\t\t\t\t\t\t\t\t<div class=\"reveal-muted\">\n\t\t\t\t<a class=\"bdt-position-bottom-right bdt-prime-slider-previous\" href=\"#\" bdt-slidenav-previous\n\t\t\t\t\tbdt-slideshow-item=\"previous\"><\/a>\n\t\t\t\t<a class=\"bdt-position-bottom-right bdt-prime-slider-next\" href=\"#\" bdt-slidenav-next bdt-slideshow-item=\"next\"><\/a>\n\t\t\t<\/div>\n\n\t\t\n\t\t\t\t\t\t\t\n\t\t\n\t\t\t\t\t\t<\/div>\n\t\t\t\t\t\t\t\t\t\t\t<\/div>\n\t\t<\/div>\n\t\t\t\t<\/div>\n\t\t\t\t<\/div>\n\t\t\t\t\t<\/div>\n\t\t\t\t<\/div>\n\t\t\t\t<section class=\"elementor-section elementor-top-section elementor-element elementor-element-cdd7fbc elementor-section-boxed elementor-section-height-default elementor-section-height-default\" data-id=\"cdd7fbc\" data-element_type=\"section\">\n\t\t\t\t\t\t<div class=\"elementor-container elementor-column-gap-default\">\n\t\t\t\t\t<div class=\"elementor-column elementor-col-100 elementor-top-column elementor-element elementor-element-46c45817\" data-id=\"46c45817\" data-element_type=\"column\">\n\t\t\t<div class=\"elementor-widget-wrap elementor-element-populated\">\n\t\t\t\t\t\t<div class=\"elementor-element elementor-element-3be052f elementor-widget elementor-widget-text-editor\" data-id=\"3be052f\" data-element_type=\"widget\" data-widget_type=\"text-editor.default\">\n\t\t\t\t<div class=\"elementor-widget-container\">\n\t\t\t\t\t\t\t<p>Fotograf: R\u00e9mi Felicetti, 2023<\/p>\t\t\t\t\t\t<\/div>\n\t\t\t\t<\/div>\n\t\t\t\t<div class=\"elementor-element elementor-element-29d69c9d elementor-widget elementor-widget-heading\" data-id=\"29d69c9d\" data-element_type=\"widget\" data-widget_type=\"heading.default\">\n\t\t\t\t<div class=\"elementor-widget-container\">\n\t\t\t<h1 class=\"elementor-heading-title elementor-size-default\">Impilahdenpiha<\/h1>\t\t<\/div>\n\t\t\t\t<\/div>\n\t\t\t\t<div class=\"elementor-element elementor-element-32832d11 elementor-widget elementor-widget-heading\" data-id=\"32832d11\" data-element_type=\"widget\" data-widget_type=\"heading.default\">\n\t\t\t\t<div class=\"elementor-widget-container\">\n\t\t\t<h2 class=\"elementor-heading-title elementor-size-default\">Tr\u00e4hus i engelsk stil i Alberga, Esbo<\/h2>\t\t<\/div>\n\t\t\t\t<\/div>\n\t\t\t\t\t<\/div>\n\t\t<\/div>\n\t\t\t\t\t<\/div>\n\t\t<\/section>\n\t\t\t\t<section class=\"elementor-section elementor-top-section elementor-element elementor-element-e149727 elementor-section-boxed elementor-section-height-default elementor-section-height-default\" data-id=\"e149727\" data-element_type=\"section\">\n\t\t\t\t\t\t<div class=\"elementor-container elementor-column-gap-default\">\n\t\t\t\t\t<div class=\"elementor-column elementor-col-100 elementor-top-column elementor-element elementor-element-2987578\" data-id=\"2987578\" data-element_type=\"column\">\n\t\t\t<div class=\"elementor-widget-wrap elementor-element-populated\">\n\t\t\t\t\t\t<div class=\"elementor-element elementor-element-898816d elementor-widget elementor-widget-text-editor\" data-id=\"898816d\" data-element_type=\"widget\" data-widget_type=\"text-editor.default\">\n\t\t\t\t<div class=\"elementor-widget-container\">\n\t\t\t\t\t\t\t<p>Impilahdenpiha \u00e4r ett tr\u00e4husobjekt i engelsk stil som f\u00e4rdigst\u00e4lldes 1999, bel\u00e4get vid Eldv\u00e4gen 1 och L\u00e4gerb\u00e5gen 2 i Alberga, Esbo. Byggnadens arkitekt \u00e4r arkitekt SAFA Anneli Lyytikk\u00e4.<\/p><p>Impilahdenpiha ligger i ett lugnt bostadsomr\u00e5de i omedelbar n\u00e4rhet av friluftsleder. De m\u00e5ngsidiga tj\u00e4nsterna i Alberga centrum ligger mindre \u00e4n en kilometer bort, med goda trafikf\u00f6rbindelser. Bussh\u00e5llplatserna i Salmitie ligger i omedelbar n\u00e4rhet av husen. Den nya Sp\u00e5rjokern b\u00f6rjar trafikera i 2023 och den n\u00e4rmaste h\u00e5llplatsen ligger p\u00e5 cirka 500 meters avst\u00e5nd fr\u00e5n Impilahdenpiha.<\/p><p>Det finns en gemensam tv\u00e4ttstuga, ett utomhusf\u00f6rr\u00e5d och ett v\u00e4lutrustat klubbrum i det skyddade omr\u00e5det. Parkeringsplatser finns i n\u00e4rheten framf\u00f6r husen.<\/p><p>Att bo i Impilahdenpiha kr\u00e4ver samarbetsvilja och ett engagemang f\u00f6r de gemensamma uppgifterna och underh\u00e5llet av byggnaderna. Tv\u00e5 g\u00e5nger om \u00e5ret ordnar byggnadskommitt\u00e9n gemensamma serviceevenemang f\u00f6r att underh\u00e5lla tomten och de gemensamma utrymmena.<\/p>\t\t\t\t\t\t<\/div>\n\t\t\t\t<\/div>\n\t\t\t\t\t<\/div>\n\t\t<\/div>\n\t\t\t\t\t<\/div>\n\t\t<\/section>\n\t\t\t\t<section class=\"elementor-section elementor-top-section elementor-element elementor-element-5ba1b0c elementor-reverse-mobile elementor-section-boxed elementor-section-height-default elementor-section-height-default\" data-id=\"5ba1b0c\" data-element_type=\"section\">\n\t\t\t\t\t\t<div class=\"elementor-container elementor-column-gap-default\">\n\t\t\t\t\t<div class=\"elementor-column elementor-col-50 elementor-top-column elementor-element elementor-element-77f9808\" data-id=\"77f9808\" data-element_type=\"column\">\n\t\t\t<div class=\"elementor-widget-wrap elementor-element-populated\">\n\t\t\t\t\t\t<div class=\"elementor-element elementor-element-8189eb9 elementor-widget elementor-widget-google_maps\" data-id=\"8189eb9\" data-element_type=\"widget\" data-widget_type=\"google_maps.default\">\n\t\t\t\t<div class=\"elementor-widget-container\">\n\t\t\t\t\t<div class=\"elementor-custom-embed\">\n\t\t\t<iframe loading=\"lazy\"\n\t\t\t\t\tsrc=\"https:\/\/maps.google.com\/maps?q=impilahdenpiha%20lepp%C3%A4vaara&#038;t=m&#038;z=10&#038;output=embed&#038;iwloc=near\"\n\t\t\t\t\ttitle=\"impilahdenpiha lepp\u00e4vaara\"\n\t\t\t\t\taria-label=\"impilahdenpiha lepp\u00e4vaara\"\n\t\t\t><\/iframe>\n\t\t<\/div>\n\t\t\t\t<\/div>\n\t\t\t\t<\/div>\n\t\t\t\t\t<\/div>\n\t\t<\/div>\n\t\t\t\t<div class=\"elementor-column elementor-col-50 elementor-top-column elementor-element elementor-element-7df2a94\" data-id=\"7df2a94\" data-element_type=\"column\">\n\t\t\t<div class=\"elementor-widget-wrap elementor-element-populated\">\n\t\t\t\t\t\t<div class=\"elementor-element elementor-element-8a8e4ee elementor-widget elementor-widget-heading\" data-id=\"8a8e4ee\" data-element_type=\"widget\" data-widget_type=\"heading.default\">\n\t\t\t\t<div class=\"elementor-widget-container\">\n\t\t\t<h3 class=\"elementor-heading-title elementor-size-default\">Tj\u00e4nster i n\u00e4romr\u00e5det:<\/h3>\t\t<\/div>\n\t\t\t\t<\/div>\n\t\t\t\t<div class=\"elementor-element elementor-element-33d9414 elementor-widget elementor-widget-text-editor\" data-id=\"33d9414\" data-element_type=\"widget\" data-widget_type=\"text-editor.default\">\n\t\t\t\t<div class=\"elementor-widget-container\">\n\t\t\t\t\t\t\t<ul><li>S\u00e4terinmets\u00e4s daghem 100m<\/li><li>Alberga h\u00e4lsocentral 1,3km<\/li><li>Sello k\u00f6pcentrum 800m<\/li><\/ul>\t\t\t\t\t\t<\/div>\n\t\t\t\t<\/div>\n\t\t\t\t\t<\/div>\n\t\t<\/div>\n\t\t\t\t\t<\/div>\n\t\t<\/section>\n\t\t\t\t<section class=\"elementor-section elementor-top-section elementor-element elementor-element-2324a27 elementor-section-boxed elementor-section-height-default elementor-section-height-default\" data-id=\"2324a27\" data-element_type=\"section\">\n\t\t\t\t\t\t<div class=\"elementor-container elementor-column-gap-default\">\n\t\t\t\t\t<div class=\"elementor-column elementor-col-100 elementor-top-column elementor-element elementor-element-716a7c8\" data-id=\"716a7c8\" data-element_type=\"column\">\n\t\t\t<div class=\"elementor-widget-wrap elementor-element-populated\">\n\t\t\t\t\t\t<div class=\"elementor-element elementor-element-042512f elementor-widget elementor-widget-heading\" data-id=\"042512f\" data-element_type=\"widget\" data-widget_type=\"heading.default\">\n\t\t\t\t<div class=\"elementor-widget-container\">\n\t\t\t<h3 class=\"elementor-heading-title elementor-size-default\">Hus och bost\u00e4der:<\/h3>\t\t<\/div>\n\t\t\t\t<\/div>\n\t\t\t\t\t<\/div>\n\t\t<\/div>\n\t\t\t\t\t<\/div>\n\t\t<\/section>\n\t\t\t\t<section class=\"elementor-section elementor-top-section elementor-element elementor-element-1bd5983 elementor-section-boxed elementor-section-height-default elementor-section-height-default\" data-id=\"1bd5983\" data-element_type=\"section\">\n\t\t\t\t\t\t<div class=\"elementor-container elementor-column-gap-default\">\n\t\t\t\t\t<div class=\"elementor-column elementor-col-50 elementor-top-column elementor-element elementor-element-1beb4b0\" data-id=\"1beb4b0\" data-element_type=\"column\">\n\t\t\t<div class=\"elementor-widget-wrap elementor-element-populated\">\n\t\t\t\t\t\t<div class=\"elementor-element elementor-element-8ef8e83 elementor-widget__width-initial elementor-widget elementor-widget-text-editor\" data-id=\"8ef8e83\" data-element_type=\"widget\" data-widget_type=\"text-editor.default\">\n\t\t\t\t<div class=\"elementor-widget-container\">\n\t\t\t\t\t\t\t<p><strong>Eldv\u00e4gen 1<\/strong><\/p><p>1A 110 m2, 5R + tk + B<br \/>1B 92,5 m2, 4R + K + B<br \/>1C 72 m2, 3R+ K + B<br \/>1D 110 m2, 5R+ K + B<br \/>1E 68 m2, 3R + K + B<br \/>1F 92,5 m2, 4R + K+ B<br \/>1G 100 m2, 4R + tk + B<br \/>1H 31 m2, 1R+ tk + B<\/p>\t\t\t\t\t\t<\/div>\n\t\t\t\t<\/div>\n\t\t\t\t\t<\/div>\n\t\t<\/div>\n\t\t\t\t<div class=\"elementor-column elementor-col-50 elementor-top-column elementor-element elementor-element-ff8bcc7\" data-id=\"ff8bcc7\" data-element_type=\"column\">\n\t\t\t<div class=\"elementor-widget-wrap elementor-element-populated\">\n\t\t\t\t\t\t<div class=\"elementor-element elementor-element-586c781 elementor-widget elementor-widget-text-editor\" data-id=\"586c781\" data-element_type=\"widget\" data-widget_type=\"text-editor.default\">\n\t\t\t\t<div class=\"elementor-widget-container\">\n\t\t\t\t\t\t\t<p><strong>L\u00e4gerb\u00e5gen 2<\/strong><\/p><p>2A 128 m2, 6R + tk + B<br \/>2B 92,5 m2, 4R + K + B<br \/>2C 99,5 m2, 5 R+ K + B<br \/>2D 109,5 m2, 5R + K + B<br \/>2E 50 m2, 2R + KV+ B<\/p><p>Entrepren\u00f6r: Vakiorakennus Oy<\/p>\t\t\t\t\t\t<\/div>\n\t\t\t\t<\/div>\n\t\t\t\t\t<\/div>\n\t\t<\/div>\n\t\t\t\t\t<\/div>\n\t\t<\/section>\n\t\t\t\t<\/div>","protected":false},"excerpt":{"rendered":"<p>Valokuvat R\u00e9mi Felicetti, 2023 Impilahdenpiha Englantilaistyylinen puurivitalokohde Espoon Lepp\u00e4vaarassa Impilahdenpiha on Lepp\u00e4vaarassa osoitteissa Nuotiotie 1 ja Leirikaari 2 sijaitseva vuonna 1999 valmistunut englantilaistyylinen puurakenteinen rivitalokohde. Kohteen arkkitehtina on toiminut Arkkitehti SAFA, Anneli Lyytikk\u00e4. Impilahdenpihan kohde sijaitsee rauhallisella pientaloalueella ulkoilureittien v\u00e4litt\u00f6m\u00e4ss\u00e4 l\u00e4heisyydess\u00e4. Vajaan kilometrin p\u00e4\u00e4ss\u00e4 sijaitsevat Lepp\u00e4vaaran keskustan monipuoliset palvelut hyvien liikenneyhteyksien p\u00e4\u00e4ss\u00e4. Uusi Raide-Jokeri -linja [&hellip;]<\/p>","protected":false},"author":73,"featured_media":0,"parent":0,"menu_order":0,"comment_status":"closed","ping_status":"closed","template":"","meta":{"_bbp_topic_count":0,"_bbp_reply_count":0,"_bbp_total_topic_count":0,"_bbp_total_reply_count":0,"_bbp_voice_count":0,"_bbp_anonymous_reply_count":0,"_bbp_topic_count_hidden":0,"_bbp_reply_count_hidden":0,"_bbp_forum_subforum_count":0,"site-sidebar-layout":"no-sidebar","site-content-layout":"plain-container","ast-site-content-layout":"normal-width-container","site-content-style":"unboxed","site-sidebar-style":"unboxed","ast-global-header-display":"","ast-banner-title-visibility":"","ast-main-header-display":"","ast-hfb-above-header-display":"","ast-hfb-below-header-display":"","ast-hfb-mobile-header-display":"","site-post-title":"disabled","ast-breadcrumbs-content":"","ast-featured-img":"disabled","footer-sml-layout":"","theme-transparent-header-meta":"default","adv-header-id-meta":"","stick-header-meta":"","header-above-stick-meta":"","header-main-stick-meta":"","header-below-stick-meta":"","astra-migrate-meta-layouts":"set","ast-page-background-enabled":"default","ast-page-background-meta":{"desktop":{"background-color":"var(--ast-global-color-4)","background-image":"","background-repeat":"repeat","background-position":"center center","background-size":"auto","background-attachment":"scroll","background-type":"","background-media":"","overlay-type":"","overlay-color":"","overlay-opacity":"","overlay-gradient":""},"tablet":{"background-color":"","background-image":"","background-repeat":"repeat","background-position":"center center","background-size":"auto","background-attachment":"scroll","background-type":"","background-media":"","overlay-type":"","overlay-color":"","overlay-opacity":"","overlay-gradient":""},"mobile":{"background-color":"","background-image":"","background-repeat":"repeat","background-position":"center center","background-size":"auto","background-attachment":"scroll","background-type":"","background-media":"","overlay-type":"","overlay-color":"","overlay-opacity":"","overlay-gradient":""}},"ast-content-background-meta":{"desktop":{"background-color":"var(--ast-global-color-5)","background-image":"","background-repeat":"repeat","background-position":"center center","background-size":"auto","background-attachment":"scroll","background-type":"","background-media":"","overlay-type":"","overlay-color":"","overlay-opacity":"","overlay-gradient":""},"tablet":{"background-color":"var(--ast-global-color-5)","background-image":"","background-repeat":"repeat","background-position":"center center","background-size":"auto","background-attachment":"scroll","background-type":"","background-media":"","overlay-type":"","overlay-color":"","overlay-opacity":"","overlay-gradient":""},"mobile":{"background-color":"var(--ast-global-color-5)","background-image":"","background-repeat":"repeat","background-position":"center center","background-size":"auto","background-attachment":"scroll","background-type":"","background-media":"","overlay-type":"","overlay-color":"","overlay-opacity":"","overlay-gradient":""}},"iawp_total_views":1581,"footnotes":""},"class_list":["post-63","page","type-page","status-publish","hentry"],"yoast_head":"<!-- This site is optimized with the Yoast SEO plugin v23.7 - https:\/\/yoast.com\/wordpress\/plugins\/seo\/ -->\n<title>Espoo Lepp\u00e4vaara | Helas asumisoikeusasunnot<\/title>\n<meta name=\"description\" content=\"Espoo Lepp\u00e4vaara. Englantilaistyylinen puurivitalokohde, joka sijaitsee rauhallisella pientaloalueella ulkoilureittien l\u00e4heisyydess\u00e4.\" \/>\n<meta name=\"robots\" content=\"index, follow, max-snippet:-1, max-image-preview:large, max-video-preview:-1\" \/>\n<link rel=\"canonical\" href=\"https:\/\/helas.fi\/sv\/espoo-leppavaara-impilahdenpiha\/\" \/>\n<meta property=\"og:locale\" content=\"sv_SE\" \/>\n<meta property=\"og:type\" content=\"article\" \/>\n<meta property=\"og:title\" content=\"Espoo Lepp\u00e4vaara | Helas asumisoikeusasunnot\" \/>\n<meta property=\"og:description\" content=\"Espoo Lepp\u00e4vaara. Englantilaistyylinen puurivitalokohde, joka sijaitsee rauhallisella pientaloalueella ulkoilureittien l\u00e4heisyydess\u00e4.\" \/>\n<meta property=\"og:url\" content=\"https:\/\/helas.fi\/sv\/espoo-leppavaara-impilahdenpiha\/\" \/>\n<meta property=\"article:modified_time\" content=\"2024-10-10T14:45:08+00:00\" \/>\n<meta name=\"twitter:card\" content=\"summary_large_image\" \/>\n<meta name=\"twitter:label1\" content=\"Ber\u00e4knad l\u00e4stid\" \/>\n\t<meta name=\"twitter:data1\" content=\"2 minuter\" \/>\n<script type=\"application\/ld+json\" class=\"yoast-schema-graph\">{\"@context\":\"https:\/\/schema.org\",\"@graph\":[{\"@type\":\"WebPage\",\"@id\":\"https:\/\/helas.fi\/espoo-leppavaara-impilahdenpiha\/\",\"url\":\"https:\/\/helas.fi\/espoo-leppavaara-impilahdenpiha\/\",\"name\":\"Espoo Lepp\u00e4vaara | Helas asumisoikeusasunnot\",\"isPartOf\":{\"@id\":\"https:\/\/helas.fi\/#website\"},\"datePublished\":\"2023-01-26T10:51:49+00:00\",\"dateModified\":\"2024-10-10T14:45:08+00:00\",\"description\":\"Espoo Lepp\u00e4vaara. Englantilaistyylinen puurivitalokohde, joka sijaitsee rauhallisella pientaloalueella ulkoilureittien l\u00e4heisyydess\u00e4.\",\"breadcrumb\":{\"@id\":\"https:\/\/helas.fi\/espoo-leppavaara-impilahdenpiha\/#breadcrumb\"},\"inLanguage\":\"sv-SE\",\"potentialAction\":[{\"@type\":\"ReadAction\",\"target\":[\"https:\/\/helas.fi\/espoo-leppavaara-impilahdenpiha\/\"]}]},{\"@type\":\"BreadcrumbList\",\"@id\":\"https:\/\/helas.fi\/espoo-leppavaara-impilahdenpiha\/#breadcrumb\",\"itemListElement\":[{\"@type\":\"ListItem\",\"position\":1,\"name\":\"Home\",\"item\":\"https:\/\/helas.fi\/\"},{\"@type\":\"ListItem\",\"position\":2,\"name\":\"Espoo, Lepp\u00e4vaara, Impilahdenpiha\"}]},{\"@type\":\"WebSite\",\"@id\":\"https:\/\/helas.fi\/#website\",\"url\":\"https:\/\/helas.fi\/\",\"name\":\"\",\"description\":\"Asumisoikeusasunnot Helsingiss\u00e4, Espoossa, Vantaalla ja Vihdiss\u00e4\",\"potentialAction\":[{\"@type\":\"SearchAction\",\"target\":{\"@type\":\"EntryPoint\",\"urlTemplate\":\"https:\/\/helas.fi\/?s={search_term_string}\"},\"query-input\":{\"@type\":\"PropertyValueSpecification\",\"valueRequired\":true,\"valueName\":\"search_term_string\"}}],\"inLanguage\":\"sv-SE\"}]}<\/script>\n<!-- \/ Yoast SEO plugin. -->","yoast_head_json":{"title":"Espoo Lepp\u00e4vaara | Helas asumisoikeusasunnot","description":"Espoo Lepp\u00e4vaara. Englantilaistyylinen puurivitalokohde, joka sijaitsee rauhallisella pientaloalueella ulkoilureittien l\u00e4heisyydess\u00e4.","robots":{"index":"index","follow":"follow","max-snippet":"max-snippet:-1","max-image-preview":"max-image-preview:large","max-video-preview":"max-video-preview:-1"},"canonical":"https:\/\/helas.fi\/sv\/espoo-leppavaara-impilahdenpiha\/","og_locale":"sv_SE","og_type":"article","og_title":"Espoo Lepp\u00e4vaara | Helas asumisoikeusasunnot","og_description":"Espoo Lepp\u00e4vaara. Englantilaistyylinen puurivitalokohde, joka sijaitsee rauhallisella pientaloalueella ulkoilureittien l\u00e4heisyydess\u00e4.","og_url":"https:\/\/helas.fi\/sv\/espoo-leppavaara-impilahdenpiha\/","article_modified_time":"2024-10-10T14:45:08+00:00","twitter_card":"summary_large_image","twitter_misc":{"Ber\u00e4knad l\u00e4stid":"2 minuter"},"schema":{"@context":"https:\/\/schema.org","@graph":[{"@type":"WebPage","@id":"https:\/\/helas.fi\/espoo-leppavaara-impilahdenpiha\/","url":"https:\/\/helas.fi\/espoo-leppavaara-impilahdenpiha\/","name":"Espoo Lepp\u00e4vaara | Helas asumisoikeusasunnot","isPartOf":{"@id":"https:\/\/helas.fi\/#website"},"datePublished":"2023-01-26T10:51:49+00:00","dateModified":"2024-10-10T14:45:08+00:00","description":"Espoo Lepp\u00e4vaara. Englantilaistyylinen puurivitalokohde, joka sijaitsee rauhallisella pientaloalueella ulkoilureittien l\u00e4heisyydess\u00e4.","breadcrumb":{"@id":"https:\/\/helas.fi\/espoo-leppavaara-impilahdenpiha\/#breadcrumb"},"inLanguage":"sv-SE","potentialAction":[{"@type":"ReadAction","target":["https:\/\/helas.fi\/espoo-leppavaara-impilahdenpiha\/"]}]},{"@type":"BreadcrumbList","@id":"https:\/\/helas.fi\/espoo-leppavaara-impilahdenpiha\/#breadcrumb","itemListElement":[{"@type":"ListItem","position":1,"name":"Home","item":"https:\/\/helas.fi\/"},{"@type":"ListItem","position":2,"name":"Espoo, Lepp\u00e4vaara, Impilahdenpiha"}]},{"@type":"WebSite","@id":"https:\/\/helas.fi\/#website","url":"https:\/\/helas.fi\/","name":"","description":"Asumisoikeusasunnot Helsingiss\u00e4, Espoossa, Vantaalla ja Vihdiss\u00e4","potentialAction":[{"@type":"SearchAction","target":{"@type":"EntryPoint","urlTemplate":"https:\/\/helas.fi\/?s={search_term_string}"},"query-input":{"@type":"PropertyValueSpecification","valueRequired":true,"valueName":"search_term_string"}}],"inLanguage":"sv-SE"}]}},"_links":{"self":[{"href":"https:\/\/helas.fi\/sv\/wp-json\/wp\/v2\/pages\/63"}],"collection":[{"href":"https:\/\/helas.fi\/sv\/wp-json\/wp\/v2\/pages"}],"about":[{"href":"https:\/\/helas.fi\/sv\/wp-json\/wp\/v2\/types\/page"}],"author":[{"embeddable":true,"href":"https:\/\/helas.fi\/sv\/wp-json\/wp\/v2\/users\/73"}],"replies":[{"embeddable":true,"href":"https:\/\/helas.fi\/sv\/wp-json\/wp\/v2\/comments?post=63"}],"version-history":[{"count":20,"href":"https:\/\/helas.fi\/sv\/wp-json\/wp\/v2\/pages\/63\/revisions"}],"predecessor-version":[{"id":16337,"href":"https:\/\/helas.fi\/sv\/wp-json\/wp\/v2\/pages\/63\/revisions\/16337"}],"wp:attachment":[{"href":"https:\/\/helas.fi\/sv\/wp-json\/wp\/v2\/media?parent=63"}],"curies":[{"name":"wp","href":"https:\/\/api.w.org\/{rel}","templated":true}]}}