{"id":8014,"date":"2022-01-17T11:24:45","date_gmt":"2022-01-17T09:24:45","guid":{"rendered":"https:\/\/helas.fi\/?page_id=8014"},"modified":"2023-09-04T09:11:32","modified_gmt":"2023-09-04T06:11:32","slug":"vuosikokoustiedote-28-8-2018","status":"publish","type":"page","link":"https:\/\/helas.fi\/sv\/vuosikokoustiedote-28-8-2018\/","title":{"rendered":"Vuosikokoustiedote (28.8.2018)"},"content":{"rendered":"<div class=\"swpm-post-not-logged-in-msg\">Du m\u00e5ste logga in f\u00f6r att se detta inneh\u00e5ll. V\u00e4nligen <a class=\"swpm-login-link\" href=\"https:\/\/helas.fi\/membership-login\/?swpm_redirect_to=https:\/\/helas.fi\/sv\/wp-json\/wp\/v2\/pages\/8014\">Logga in<\/a>. Inte medlem? <a href=\"https:\/\/helas.fi\/sv\/rekisteroidy\/\">Bli medlem.<\/a><\/div>","protected":false},"excerpt":{"rendered":"<p>Du m\u00e5ste logga in f\u00f6r att se detta inneh\u00e5ll. V\u00e4nligen Logga in. Inte medlem? Bli medlem.<\/p>","protected":false},"author":73,"featured_media":0,"parent":0,"menu_order":0,"comment_status":"closed","ping_status":"closed","template":"","meta":{"_bbp_topic_count":0,"_bbp_reply_count":0,"_bbp_total_topic_count":0,"_bbp_total_reply_count":0,"_bbp_voice_count":0,"_bbp_anonymous_reply_count":0,"_bbp_topic_count_hidden":0,"_bbp_reply_count_hidden":0,"_bbp_forum_subforum_count":0,"site-sidebar-layout":"default","site-content-layout":"","ast-site-content-layout":"default","site-content-style":"default","site-sidebar-style":"default","ast-global-header-display":"","ast-banner-title-visibility":"","ast-main-header-display":"","ast-hfb-above-header-display":"","ast-hfb-below-header-display":"","ast-hfb-mobile-header-display":"","site-post-title":"","ast-breadcrumbs-content":"","ast-featured-img":"","footer-sml-layout":"","theme-transparent-header-meta":"","adv-header-id-meta":"","stick-header-meta":"","header-above-stick-meta":"","header-main-stick-meta":"","header-below-stick-meta":"","astra-migrate-meta-layouts":"set","ast-page-background-enabled":"default","ast-page-background-meta":{"desktop":{"background-color":"var(--ast-global-color-4)","background-image":"","background-repeat":"repeat","background-position":"center center","background-size":"auto","background-attachment":"scroll","background-type":"","background-media":"","overlay-type":"","overlay-color":"","overlay-opacity":"","overlay-gradient":""},"tablet":{"background-color":"","background-image":"","background-repeat":"repeat","background-position":"center center","background-size":"auto","background-attachment":"scroll","background-type":"","background-media":"","overlay-type":"","overlay-color":"","overlay-opacity":"","overlay-gradient":""},"mobile":{"background-color":"","background-image":"","background-repeat":"repeat","background-position":"center center","background-size":"auto","background-attachment":"scroll","background-type":"","background-media":"","overlay-type":"","overlay-color":"","overlay-opacity":"","overlay-gradient":""}},"ast-content-background-meta":{"desktop":{"background-color":"var(--ast-global-color-5)","background-image":"","background-repeat":"repeat","background-position":"center center","background-size":"auto","background-attachment":"scroll","background-type":"","background-media":"","overlay-type":"","overlay-color":"","overlay-opacity":"","overlay-gradient":""},"tablet":{"background-color":"var(--ast-global-color-5)","background-image":"","background-repeat":"repeat","background-position":"center center","background-size":"auto","background-attachment":"scroll","background-type":"","background-media":"","overlay-type":"","overlay-color":"","overlay-opacity":"","overlay-gradient":""},"mobile":{"background-color":"var(--ast-global-color-5)","background-image":"","background-repeat":"repeat","background-position":"center center","background-size":"auto","background-attachment":"scroll","background-type":"","background-media":"","overlay-type":"","overlay-color":"","overlay-opacity":"","overlay-gradient":""}},"iawp_total_views":5,"footnotes":""},"class_list":["post-8014","page","type-page","status-publish","hentry"],"yoast_head":"<!-- This site is optimized with the Yoast SEO plugin v23.7 - https:\/\/yoast.com\/wordpress\/plugins\/seo\/ -->\n<title>Vuosikokoustiedote (28.8.2018) -<\/title>\n<meta name=\"robots\" content=\"noindex, nofollow\" \/>\n<meta property=\"og:locale\" content=\"sv_SE\" \/>\n<meta property=\"og:type\" content=\"article\" \/>\n<meta property=\"og:title\" content=\"Vuosikokoustiedote (28.8.2018) -\" \/>\n<meta property=\"og:description\" content=\"Du m\u00e5ste logga in f\u00f6r att se detta inneh\u00e5ll. V\u00e4nligen Logga in. Inte medlem? Bli medlem.\" \/>\n<meta property=\"og:url\" content=\"https:\/\/helas.fi\/sv\/vuosikokoustiedote-28-8-2018\/\" \/>\n<meta property=\"article:modified_time\" content=\"2023-09-04T06:11:32+00:00\" \/>\n<meta name=\"twitter:card\" content=\"summary_large_image\" \/>\n<meta name=\"twitter:label1\" content=\"Ber\u00e4knad l\u00e4stid\" \/>\n\t<meta name=\"twitter:data1\" content=\"1 minut\" \/>\n<script type=\"application\/ld+json\" class=\"yoast-schema-graph\">{\"@context\":\"https:\/\/schema.org\",\"@graph\":[{\"@type\":\"WebPage\",\"@id\":\"https:\/\/helas.fi\/vuosikokoustiedote-28-8-2018\/\",\"url\":\"https:\/\/helas.fi\/vuosikokoustiedote-28-8-2018\/\",\"name\":\"Vuosikokoustiedote (28.8.2018) -\",\"isPartOf\":{\"@id\":\"https:\/\/helas.fi\/#website\"},\"datePublished\":\"2022-01-17T09:24:45+00:00\",\"dateModified\":\"2023-09-04T06:11:32+00:00\",\"breadcrumb\":{\"@id\":\"https:\/\/helas.fi\/vuosikokoustiedote-28-8-2018\/#breadcrumb\"},\"inLanguage\":\"sv-SE\",\"potentialAction\":[{\"@type\":\"ReadAction\",\"target\":[\"https:\/\/helas.fi\/vuosikokoustiedote-28-8-2018\/\"]}]},{\"@type\":\"BreadcrumbList\",\"@id\":\"https:\/\/helas.fi\/vuosikokoustiedote-28-8-2018\/#breadcrumb\",\"itemListElement\":[{\"@type\":\"ListItem\",\"position\":1,\"name\":\"Home\",\"item\":\"https:\/\/helas.fi\/\"},{\"@type\":\"ListItem\",\"position\":2,\"name\":\"Vuosikokoustiedote (28.8.2018)\"}]},{\"@type\":\"WebSite\",\"@id\":\"https:\/\/helas.fi\/#website\",\"url\":\"https:\/\/helas.fi\/\",\"name\":\"\",\"description\":\"Asumisoikeusasunnot Helsingiss\u00e4, Espoossa, Vantaalla ja Vihdiss\u00e4\",\"potentialAction\":[{\"@type\":\"SearchAction\",\"target\":{\"@type\":\"EntryPoint\",\"urlTemplate\":\"https:\/\/helas.fi\/?s={search_term_string}\"},\"query-input\":{\"@type\":\"PropertyValueSpecification\",\"valueRequired\":true,\"valueName\":\"search_term_string\"}}],\"inLanguage\":\"sv-SE\"}]}<\/script>\n<!-- \/ Yoast SEO plugin. -->","yoast_head_json":{"title":"Vuosikokoustiedote (28.8.2018) -","robots":{"index":"noindex","follow":"nofollow"},"og_locale":"sv_SE","og_type":"article","og_title":"Vuosikokoustiedote (28.8.2018) -","og_description":"Du m\u00e5ste logga in f\u00f6r att se detta inneh\u00e5ll. V\u00e4nligen Logga in. Inte medlem? Bli medlem.","og_url":"https:\/\/helas.fi\/sv\/vuosikokoustiedote-28-8-2018\/","article_modified_time":"2023-09-04T06:11:32+00:00","twitter_card":"summary_large_image","twitter_misc":{"Ber\u00e4knad l\u00e4stid":"1 minut"},"schema":{"@context":"https:\/\/schema.org","@graph":[{"@type":"WebPage","@id":"https:\/\/helas.fi\/vuosikokoustiedote-28-8-2018\/","url":"https:\/\/helas.fi\/vuosikokoustiedote-28-8-2018\/","name":"Vuosikokoustiedote (28.8.2018) -","isPartOf":{"@id":"https:\/\/helas.fi\/#website"},"datePublished":"2022-01-17T09:24:45+00:00","dateModified":"2023-09-04T06:11:32+00:00","breadcrumb":{"@id":"https:\/\/helas.fi\/vuosikokoustiedote-28-8-2018\/#breadcrumb"},"inLanguage":"sv-SE","potentialAction":[{"@type":"ReadAction","target":["https:\/\/helas.fi\/vuosikokoustiedote-28-8-2018\/"]}]},{"@type":"BreadcrumbList","@id":"https:\/\/helas.fi\/vuosikokoustiedote-28-8-2018\/#breadcrumb","itemListElement":[{"@type":"ListItem","position":1,"name":"Home","item":"https:\/\/helas.fi\/"},{"@type":"ListItem","position":2,"name":"Vuosikokoustiedote (28.8.2018)"}]},{"@type":"WebSite","@id":"https:\/\/helas.fi\/#website","url":"https:\/\/helas.fi\/","name":"","description":"Asumisoikeusasunnot Helsingiss\u00e4, Espoossa, Vantaalla ja Vihdiss\u00e4","potentialAction":[{"@type":"SearchAction","target":{"@type":"EntryPoint","urlTemplate":"https:\/\/helas.fi\/?s={search_term_string}"},"query-input":{"@type":"PropertyValueSpecification","valueRequired":true,"valueName":"search_term_string"}}],"inLanguage":"sv-SE"}]}},"_links":{"self":[{"href":"https:\/\/helas.fi\/sv\/wp-json\/wp\/v2\/pages\/8014"}],"collection":[{"href":"https:\/\/helas.fi\/sv\/wp-json\/wp\/v2\/pages"}],"about":[{"href":"https:\/\/helas.fi\/sv\/wp-json\/wp\/v2\/types\/page"}],"author":[{"embeddable":true,"href":"https:\/\/helas.fi\/sv\/wp-json\/wp\/v2\/users\/73"}],"replies":[{"embeddable":true,"href":"https:\/\/helas.fi\/sv\/wp-json\/wp\/v2\/comments?post=8014"}],"version-history":[{"count":8,"href":"https:\/\/helas.fi\/sv\/wp-json\/wp\/v2\/pages\/8014\/revisions"}],"predecessor-version":[{"id":14031,"href":"https:\/\/helas.fi\/sv\/wp-json\/wp\/v2\/pages\/8014\/revisions\/14031"}],"wp:attachment":[{"href":"https:\/\/helas.fi\/sv\/wp-json\/wp\/v2\/media?parent=8014"}],"curies":[{"name":"wp","href":"https:\/\/api.w.org\/{rel}","templated":true}]}}