{"id":8037,"date":"2022-01-17T11:39:36","date_gmt":"2022-01-17T09:39:36","guid":{"rendered":"https:\/\/helas.fi\/?page_id=8037"},"modified":"2023-08-28T15:57:31","modified_gmt":"2023-08-28T12:57:31","slug":"helasin-hallituksen-kokous-5-10-2017-9-10-2017","status":"publish","type":"page","link":"https:\/\/helas.fi\/sv\/helasin-hallituksen-kokous-5-10-2017-9-10-2017\/","title":{"rendered":"Helasin hallituksen kokous 5.10.2017 (9.10.2017)"},"content":{"rendered":"<div data-elementor-type=\"wp-page\" data-elementor-id=\"8037\" class=\"elementor elementor-8037\">\n\t\t\t\t\t\t<section class=\"elementor-section elementor-top-section elementor-element elementor-element-314ee0d elementor-section-full_width elementor-section-height-default elementor-section-height-default\" data-id=\"314ee0d\" data-element_type=\"section\">\n\t\t\t\t\t\t<div class=\"elementor-container elementor-column-gap-default\">\n\t\t\t\t\t<div class=\"elementor-column elementor-col-100 elementor-top-column elementor-element elementor-element-893cb9a\" data-id=\"893cb9a\" data-element_type=\"column\">\n\t\t\t<div class=\"elementor-widget-wrap elementor-element-populated\">\n\t\t\t\t\t\t<div class=\"elementor-element elementor-element-5318e33 elementor-widget elementor-widget-heading\" data-id=\"5318e33\" data-element_type=\"widget\" data-widget_type=\"heading.default\">\n\t\t\t\t<div class=\"elementor-widget-container\">\n\t\t\t<h1 class=\"elementor-heading-title elementor-size-default\">Helasin hallituksen kokous 5.10.2017<\/h1>\t\t<\/div>\n\t\t\t\t<\/div>\n\t\t\t\t<div class=\"elementor-element elementor-element-899dc7d elementor-widget elementor-widget-text-editor\" data-id=\"899dc7d\" data-element_type=\"widget\" data-widget_type=\"text-editor.default\">\n\t\t\t\t<div class=\"elementor-widget-container\">\n\t\t\t\t\t\t\t<p>9.10.2017<\/p>\t\t\t\t\t\t<\/div>\n\t\t\t\t<\/div>\n\t\t\t\t<div class=\"elementor-element elementor-element-8576f09 elementor-widget elementor-widget-text-editor\" data-id=\"8576f09\" data-element_type=\"widget\" data-widget_type=\"text-editor.default\">\n\t\t\t\t<div class=\"elementor-widget-container\">\n\t\t\t\t\t\t\t<p>Helasin uusi, kes\u00e4kuussa valittu hallitus on pit\u00e4nyt ensimm\u00e4isen kokouksensa 5.10.2017. Kokouksen p\u00f6yt\u00e4kirja l\u00f6ytyy j\u00e4sensivujen dokumenttiarkistosta. Jos olet Helasin j\u00e4sen, mutta et ole viel\u00e4 rekister\u00f6itynyt j\u00e4sensivujen k\u00e4ytt\u00e4j\u00e4ksi, tee se nyt. Kaikki merkitt\u00e4v\u00e4 tiedotus Helasin hallitukselta j\u00e4senille tapahtuu j\u00e4sensivujen kautta.<\/p>\t\t\t\t\t\t<\/div>\n\t\t\t\t<\/div>\n\t\t\t\t\t<\/div>\n\t\t<\/div>\n\t\t\t\t\t<\/div>\n\t\t<\/section>\n\t\t\t\t<\/div>","protected":false},"excerpt":{"rendered":"<p>Helasin hallituksen kokous 5.10.2017 9.10.2017 Helasin uusi, kes\u00e4kuussa valittu hallitus on pit\u00e4nyt ensimm\u00e4isen kokouksensa 5.10.2017. Kokouksen p\u00f6yt\u00e4kirja l\u00f6ytyy j\u00e4sensivujen dokumenttiarkistosta. Jos olet Helasin j\u00e4sen, mutta et ole viel\u00e4 rekister\u00f6itynyt j\u00e4sensivujen k\u00e4ytt\u00e4j\u00e4ksi, tee se nyt. Kaikki merkitt\u00e4v\u00e4 tiedotus Helasin hallitukselta j\u00e4senille tapahtuu j\u00e4sensivujen kautta.<\/p>","protected":false},"author":73,"featured_media":0,"parent":0,"menu_order":0,"comment_status":"closed","ping_status":"closed","template":"","meta":{"_bbp_topic_count":0,"_bbp_reply_count":0,"_bbp_total_topic_count":0,"_bbp_total_reply_count":0,"_bbp_voice_count":0,"_bbp_anonymous_reply_count":0,"_bbp_topic_count_hidden":0,"_bbp_reply_count_hidden":0,"_bbp_forum_subforum_count":0,"site-sidebar-layout":"default","site-content-layout":"","ast-site-content-layout":"","site-content-style":"default","site-sidebar-style":"default","ast-global-header-display":"","ast-banner-title-visibility":"","ast-main-header-display":"","ast-hfb-above-header-display":"","ast-hfb-below-header-display":"","ast-hfb-mobile-header-display":"","site-post-title":"","ast-breadcrumbs-content":"","ast-featured-img":"","footer-sml-layout":"","theme-transparent-header-meta":"","adv-header-id-meta":"","stick-header-meta":"","header-above-stick-meta":"","header-main-stick-meta":"","header-below-stick-meta":"","astra-migrate-meta-layouts":"default","ast-page-background-enabled":"default","ast-page-background-meta":{"desktop":{"background-color":"var(--ast-global-color-4)","background-image":"","background-repeat":"repeat","background-position":"center center","background-size":"auto","background-attachment":"scroll","background-type":"","background-media":"","overlay-type":"","overlay-color":"","overlay-opacity":"","overlay-gradient":""},"tablet":{"background-color":"","background-image":"","background-repeat":"repeat","background-position":"center center","background-size":"auto","background-attachment":"scroll","background-type":"","background-media":"","overlay-type":"","overlay-color":"","overlay-opacity":"","overlay-gradient":""},"mobile":{"background-color":"","background-image":"","background-repeat":"repeat","background-position":"center center","background-size":"auto","background-attachment":"scroll","background-type":"","background-media":"","overlay-type":"","overlay-color":"","overlay-opacity":"","overlay-gradient":""}},"ast-content-background-meta":{"desktop":{"background-color":"var(--ast-global-color-5)","background-image":"","background-repeat":"repeat","background-position":"center center","background-size":"auto","background-attachment":"scroll","background-type":"","background-media":"","overlay-type":"","overlay-color":"","overlay-opacity":"","overlay-gradient":""},"tablet":{"background-color":"var(--ast-global-color-5)","background-image":"","background-repeat":"repeat","background-position":"center center","background-size":"auto","background-attachment":"scroll","background-type":"","background-media":"","overlay-type":"","overlay-color":"","overlay-opacity":"","overlay-gradient":""},"mobile":{"background-color":"var(--ast-global-color-5)","background-image":"","background-repeat":"repeat","background-position":"center center","background-size":"auto","background-attachment":"scroll","background-type":"","background-media":"","overlay-type":"","overlay-color":"","overlay-opacity":"","overlay-gradient":""}},"iawp_total_views":5,"footnotes":""},"class_list":["post-8037","page","type-page","status-publish","hentry"],"yoast_head":"<!-- This site is optimized with the Yoast SEO plugin v23.7 - https:\/\/yoast.com\/wordpress\/plugins\/seo\/ -->\n<title>Helasin hallituksen kokous 5.10.2017 (9.10.2017) -<\/title>\n<meta name=\"robots\" content=\"noindex, nofollow\" \/>\n<meta property=\"og:locale\" content=\"sv_SE\" \/>\n<meta property=\"og:type\" content=\"article\" \/>\n<meta property=\"og:title\" content=\"Helasin hallituksen kokous 5.10.2017 (9.10.2017) -\" \/>\n<meta property=\"og:description\" content=\"Helasin hallituksen kokous 5.10.2017 9.10.2017 Helasin uusi, kes\u00e4kuussa valittu hallitus on pit\u00e4nyt ensimm\u00e4isen kokouksensa 5.10.2017. Kokouksen p\u00f6yt\u00e4kirja l\u00f6ytyy j\u00e4sensivujen dokumenttiarkistosta. Jos olet Helasin j\u00e4sen, mutta et ole viel\u00e4 rekister\u00f6itynyt j\u00e4sensivujen k\u00e4ytt\u00e4j\u00e4ksi, tee se nyt. Kaikki merkitt\u00e4v\u00e4 tiedotus Helasin hallitukselta j\u00e4senille tapahtuu j\u00e4sensivujen kautta.\" \/>\n<meta property=\"og:url\" content=\"https:\/\/helas-fi.hel8.wp-cloud.dev\/helasin-hallituksen-kokous-5-10-2017-9-10-2017\/\" \/>\n<meta property=\"article:modified_time\" content=\"2023-08-28T12:57:31+00:00\" \/>\n<meta name=\"twitter:card\" content=\"summary_large_image\" \/>\n<meta name=\"twitter:label1\" content=\"Ber\u00e4knad l\u00e4stid\" \/>\n\t<meta name=\"twitter:data1\" content=\"1 minut\" \/>\n<script type=\"application\/ld+json\" class=\"yoast-schema-graph\">{\"@context\":\"https:\/\/schema.org\",\"@graph\":[{\"@type\":\"WebPage\",\"@id\":\"https:\/\/helas-fi.hel8.wp-cloud.dev\/helasin-hallituksen-kokous-5-10-2017-9-10-2017\/\",\"url\":\"https:\/\/helas-fi.hel8.wp-cloud.dev\/helasin-hallituksen-kokous-5-10-2017-9-10-2017\/\",\"name\":\"Helasin hallituksen kokous 5.10.2017 (9.10.2017) -\",\"isPartOf\":{\"@id\":\"https:\/\/helas.fi\/#website\"},\"datePublished\":\"2022-01-17T09:39:36+00:00\",\"dateModified\":\"2023-08-28T12:57:31+00:00\",\"breadcrumb\":{\"@id\":\"https:\/\/helas-fi.hel8.wp-cloud.dev\/helasin-hallituksen-kokous-5-10-2017-9-10-2017\/#breadcrumb\"},\"inLanguage\":\"sv-SE\",\"potentialAction\":[{\"@type\":\"ReadAction\",\"target\":[\"https:\/\/helas-fi.hel8.wp-cloud.dev\/helasin-hallituksen-kokous-5-10-2017-9-10-2017\/\"]}]},{\"@type\":\"BreadcrumbList\",\"@id\":\"https:\/\/helas-fi.hel8.wp-cloud.dev\/helasin-hallituksen-kokous-5-10-2017-9-10-2017\/#breadcrumb\",\"itemListElement\":[{\"@type\":\"ListItem\",\"position\":1,\"name\":\"Home\",\"item\":\"https:\/\/helas.fi\/\"},{\"@type\":\"ListItem\",\"position\":2,\"name\":\"Helasin hallituksen kokous 5.10.2017 (9.10.2017)\"}]},{\"@type\":\"WebSite\",\"@id\":\"https:\/\/helas.fi\/#website\",\"url\":\"https:\/\/helas.fi\/\",\"name\":\"\",\"description\":\"Asumisoikeusasunnot Helsingiss\u00e4, Espoossa, Vantaalla ja Vihdiss\u00e4\",\"potentialAction\":[{\"@type\":\"SearchAction\",\"target\":{\"@type\":\"EntryPoint\",\"urlTemplate\":\"https:\/\/helas.fi\/?s={search_term_string}\"},\"query-input\":{\"@type\":\"PropertyValueSpecification\",\"valueRequired\":true,\"valueName\":\"search_term_string\"}}],\"inLanguage\":\"sv-SE\"}]}<\/script>\n<!-- \/ Yoast SEO plugin. -->","yoast_head_json":{"title":"Helasin hallituksen kokous 5.10.2017 (9.10.2017) -","robots":{"index":"noindex","follow":"nofollow"},"og_locale":"sv_SE","og_type":"article","og_title":"Helasin hallituksen kokous 5.10.2017 (9.10.2017) -","og_description":"Helasin hallituksen kokous 5.10.2017 9.10.2017 Helasin uusi, kes\u00e4kuussa valittu hallitus on pit\u00e4nyt ensimm\u00e4isen kokouksensa 5.10.2017. Kokouksen p\u00f6yt\u00e4kirja l\u00f6ytyy j\u00e4sensivujen dokumenttiarkistosta. Jos olet Helasin j\u00e4sen, mutta et ole viel\u00e4 rekister\u00f6itynyt j\u00e4sensivujen k\u00e4ytt\u00e4j\u00e4ksi, tee se nyt. Kaikki merkitt\u00e4v\u00e4 tiedotus Helasin hallitukselta j\u00e4senille tapahtuu j\u00e4sensivujen kautta.","og_url":"https:\/\/helas-fi.hel8.wp-cloud.dev\/helasin-hallituksen-kokous-5-10-2017-9-10-2017\/","article_modified_time":"2023-08-28T12:57:31+00:00","twitter_card":"summary_large_image","twitter_misc":{"Ber\u00e4knad l\u00e4stid":"1 minut"},"schema":{"@context":"https:\/\/schema.org","@graph":[{"@type":"WebPage","@id":"https:\/\/helas-fi.hel8.wp-cloud.dev\/helasin-hallituksen-kokous-5-10-2017-9-10-2017\/","url":"https:\/\/helas-fi.hel8.wp-cloud.dev\/helasin-hallituksen-kokous-5-10-2017-9-10-2017\/","name":"Helasin hallituksen kokous 5.10.2017 (9.10.2017) -","isPartOf":{"@id":"https:\/\/helas.fi\/#website"},"datePublished":"2022-01-17T09:39:36+00:00","dateModified":"2023-08-28T12:57:31+00:00","breadcrumb":{"@id":"https:\/\/helas-fi.hel8.wp-cloud.dev\/helasin-hallituksen-kokous-5-10-2017-9-10-2017\/#breadcrumb"},"inLanguage":"sv-SE","potentialAction":[{"@type":"ReadAction","target":["https:\/\/helas-fi.hel8.wp-cloud.dev\/helasin-hallituksen-kokous-5-10-2017-9-10-2017\/"]}]},{"@type":"BreadcrumbList","@id":"https:\/\/helas-fi.hel8.wp-cloud.dev\/helasin-hallituksen-kokous-5-10-2017-9-10-2017\/#breadcrumb","itemListElement":[{"@type":"ListItem","position":1,"name":"Home","item":"https:\/\/helas.fi\/"},{"@type":"ListItem","position":2,"name":"Helasin hallituksen kokous 5.10.2017 (9.10.2017)"}]},{"@type":"WebSite","@id":"https:\/\/helas.fi\/#website","url":"https:\/\/helas.fi\/","name":"","description":"Asumisoikeusasunnot Helsingiss\u00e4, Espoossa, Vantaalla ja Vihdiss\u00e4","potentialAction":[{"@type":"SearchAction","target":{"@type":"EntryPoint","urlTemplate":"https:\/\/helas.fi\/?s={search_term_string}"},"query-input":{"@type":"PropertyValueSpecification","valueRequired":true,"valueName":"search_term_string"}}],"inLanguage":"sv-SE"}]}},"_links":{"self":[{"href":"https:\/\/helas.fi\/sv\/wp-json\/wp\/v2\/pages\/8037"}],"collection":[{"href":"https:\/\/helas.fi\/sv\/wp-json\/wp\/v2\/pages"}],"about":[{"href":"https:\/\/helas.fi\/sv\/wp-json\/wp\/v2\/types\/page"}],"author":[{"embeddable":true,"href":"https:\/\/helas.fi\/sv\/wp-json\/wp\/v2\/users\/73"}],"replies":[{"embeddable":true,"href":"https:\/\/helas.fi\/sv\/wp-json\/wp\/v2\/comments?post=8037"}],"version-history":[{"count":7,"href":"https:\/\/helas.fi\/sv\/wp-json\/wp\/v2\/pages\/8037\/revisions"}],"predecessor-version":[{"id":12784,"href":"https:\/\/helas.fi\/sv\/wp-json\/wp\/v2\/pages\/8037\/revisions\/12784"}],"wp:attachment":[{"href":"https:\/\/helas.fi\/sv\/wp-json\/wp\/v2\/media?parent=8037"}],"curies":[{"name":"wp","href":"https:\/\/api.w.org\/{rel}","templated":true}]}}