{"id":8064,"date":"2022-01-17T12:02:39","date_gmt":"2022-01-17T10:02:39","guid":{"rendered":"https:\/\/helas.fi\/?page_id=8064"},"modified":"2023-10-01T21:36:18","modified_gmt":"2023-10-01T18:36:18","slug":"tiedotteet-jasenille","status":"publish","type":"page","link":"https:\/\/helas.fi\/sv\/tiedotteet-jasenille\/","title":{"rendered":"Tiedotteet j\u00e4senille"},"content":{"rendered":"<div data-elementor-type=\"wp-page\" data-elementor-id=\"8064\" class=\"elementor elementor-8064\">\n\t\t\t\t\t\t<section class=\"elementor-section elementor-top-section elementor-element elementor-element-1e6ed2e3 elementor-section-full_width elementor-section-height-default elementor-section-height-default\" data-id=\"1e6ed2e3\" data-element_type=\"section\">\n\t\t\t\t\t\t<div class=\"elementor-container elementor-column-gap-default\">\n\t\t\t\t\t<div class=\"elementor-column elementor-col-100 elementor-top-column elementor-element elementor-element-8e6a729\" data-id=\"8e6a729\" data-element_type=\"column\">\n\t\t\t<div class=\"elementor-widget-wrap elementor-element-populated\">\n\t\t\t\t\t\t<div class=\"elementor-element elementor-element-6a5c0306 elementor-widget elementor-widget-heading\" data-id=\"6a5c0306\" data-element_type=\"widget\" data-widget_type=\"heading.default\">\n\t\t\t\t<div class=\"elementor-widget-container\">\n\t\t\t<h1 class=\"elementor-heading-title elementor-size-default\">Tiedotteet asukkaille <\/h1>\t\t<\/div>\n\t\t\t\t<\/div>\n\t\t\t\t\t<\/div>\n\t\t<\/div>\n\t\t\t\t\t<\/div>\n\t\t<\/section>\n\t\t\t\t<section class=\"elementor-section elementor-top-section elementor-element elementor-element-c57d945 elementor-section-full_width elementor-section-height-default elementor-section-height-default\" data-id=\"c57d945\" data-element_type=\"section\">\n\t\t\t\t\t\t<div class=\"elementor-container elementor-column-gap-default\">\n\t\t\t\t\t<div class=\"elementor-column elementor-col-100 elementor-top-column elementor-element elementor-element-783e399\" data-id=\"783e399\" data-element_type=\"column\">\n\t\t\t<div class=\"elementor-widget-wrap elementor-element-populated\">\n\t\t\t\t\t\t<div class=\"elementor-element elementor-element-790e48e elementor-widget elementor-widget-heading\" data-id=\"790e48e\" data-element_type=\"widget\" data-widget_type=\"heading.default\">\n\t\t\t\t<div class=\"elementor-widget-container\">\n\t\t\t<h4 class=\"elementor-heading-title elementor-size-default\">2023<\/h4>\t\t<\/div>\n\t\t\t\t<\/div>\n\t\t\t\t<div class=\"elementor-element elementor-element-29eb436 elementor-widget elementor-widget-text-editor\" data-id=\"29eb436\" data-element_type=\"widget\" data-widget_type=\"text-editor.default\">\n\t\t\t\t<div class=\"elementor-widget-container\">\n\t\t\t\t\t\t\t<p>1.10.2023<br \/><strong>Is\u00e4nn\u00f6innin yhteystiedot muuttuvat:<\/strong><\/p><p>Is\u00e4nn\u00f6itsij\u00e4 Matinkyl\u00e4n huolto Oy \/ Heli Packal\u00e9n<br \/><a href=\"mailto:isannointi@matinkylanhuolto.fi\">isannointi@matinkylanhuolto.fi<\/a> (is\u00e4nn\u00f6intiin liittyv\u00e4t asiat)<br \/><a href=\"mailto:vastikevalvonta@matinkylanhuolto.fi\">vastikevalvonta@matinkylanhuolto.fi<\/a> (vederlags- och hyresregleringsfr\u00e5gor)<\/p>\t\t\t\t\t\t<\/div>\n\t\t\t\t<\/div>\n\t\t\t\t\t<\/div>\n\t\t<\/div>\n\t\t\t\t\t<\/div>\n\t\t<\/section>\n\t\t\t\t<section class=\"elementor-section elementor-top-section elementor-element elementor-element-2a13b8f elementor-section-full_width elementor-section-height-default elementor-section-height-default\" data-id=\"2a13b8f\" data-element_type=\"section\">\n\t\t\t\t\t\t<div class=\"elementor-container elementor-column-gap-default\">\n\t\t\t\t\t<div class=\"elementor-column elementor-col-100 elementor-top-column elementor-element elementor-element-7fa387c\" data-id=\"7fa387c\" data-element_type=\"column\">\n\t\t\t<div class=\"elementor-widget-wrap elementor-element-populated\">\n\t\t\t\t\t\t<div class=\"elementor-element elementor-element-d49ffa7 elementor-widget elementor-widget-heading\" data-id=\"d49ffa7\" data-element_type=\"widget\" data-widget_type=\"heading.default\">\n\t\t\t\t<div class=\"elementor-widget-container\">\n\t\t\t<h4 class=\"elementor-heading-title elementor-size-default\">2022<\/h4>\t\t<\/div>\n\t\t\t\t<\/div>\n\t\t\t\t<div class=\"elementor-element elementor-element-cb3c19e elementor-widget elementor-widget-text-editor\" data-id=\"cb3c19e\" data-element_type=\"widget\" data-widget_type=\"text-editor.default\">\n\t\t\t\t<div class=\"elementor-widget-container\">\n\t\t\t\t\t\t\t<p><a href=\"https:\/\/helas.fi\/wp-content\/uploads\/2022\/04\/Helas-kevatkokouskutsu-2022.pdf\" target=\"_blank\" rel=\"noopener\">11.4.2022 Helasin kev\u00e4tkokous 28.4.2022 klo 18<\/a><\/p>\t\t\t\t\t\t<\/div>\n\t\t\t\t<\/div>\n\t\t\t\t\t<\/div>\n\t\t<\/div>\n\t\t\t\t\t<\/div>\n\t\t<\/section>\n\t\t\t\t<section class=\"elementor-section elementor-top-section elementor-element elementor-element-135a38a elementor-section-full_width elementor-section-height-default elementor-section-height-default\" data-id=\"135a38a\" data-element_type=\"section\">\n\t\t\t\t\t\t<div class=\"elementor-container elementor-column-gap-default\">\n\t\t\t\t\t<div class=\"elementor-column elementor-col-100 elementor-top-column elementor-element elementor-element-4eb8a7b\" data-id=\"4eb8a7b\" data-element_type=\"column\">\n\t\t\t<div class=\"elementor-widget-wrap elementor-element-populated\">\n\t\t\t\t\t\t<div class=\"elementor-element elementor-element-6d86d12 elementor-widget elementor-widget-heading\" data-id=\"6d86d12\" data-element_type=\"widget\" data-widget_type=\"heading.default\">\n\t\t\t\t<div class=\"elementor-widget-container\">\n\t\t\t<h4 class=\"elementor-heading-title elementor-size-default\">2021<\/h4>\t\t<\/div>\n\t\t\t\t<\/div>\n\t\t\t\t<div class=\"elementor-element elementor-element-968aee9 elementor-widget elementor-widget-text-editor\" data-id=\"968aee9\" data-element_type=\"widget\" data-widget_type=\"text-editor.default\">\n\t\t\t\t<div class=\"elementor-widget-container\">\n\t\t\t\t\t\t\t<p><a href=\"https:\/\/helas.fi\/sv\/helasin-syyskokouksen-paatoksia\/\">21.12.2021 Helasin syyskokouksen p\u00e4\u00e4t\u00f6ksi\u00e4<\/a><br \/><a href=\"https:\/\/helas.fi\/sv\/helasin-syyskokous-maanantaina-29-11-klo-18-14-11-2021\/\">14.11.2021 Helasin syyskokous 29.11 klo 18<\/a><br \/><a href=\"https:\/\/helas.fi\/sv\/helasin-vuosikokouksen-paatoksia-28-6-2021\/\">28.6.2021 Helasin vuosikokouksen p\u00e4\u00e4t\u00f6ksi\u00e4<\/a><br \/><a href=\"https:\/\/helas.fi\/sv\/isannoitsija-vaihtunut-ja-nupikujalla-uusi-huoltoyhtio-29-4-2021\/\">29.4.2021 Is\u00e4nn\u00f6itsij\u00e4 vaihtunut ja Nupikujalla uusi huoltoyhti\u00f6<\/a><br \/><a href=\"https:\/\/helas.fi\/sv\/helasin-vuosikokous-siirtyy-pidettavaksi-ma-10-5-20-4-2021\/\">20.4.2021 Helasin vuosikokous siirtyy pidett\u00e4v\u00e4ksi ma 10.5<\/a><br \/><a href=\"https:\/\/helas.fi\/sv\/vuosikokouskutsu-korjattu-9-4-2021-8-4-2021\/\">8.4.2021 Vuosikokouskutsu (korjattu 9.4.2021)<\/a><\/p>\t\t\t\t\t\t<\/div>\n\t\t\t\t<\/div>\n\t\t\t\t\t<\/div>\n\t\t<\/div>\n\t\t\t\t\t<\/div>\n\t\t<\/section>\n\t\t\t\t<section class=\"elementor-section elementor-top-section elementor-element elementor-element-6fad322 elementor-section-full_width elementor-section-height-default elementor-section-height-default\" data-id=\"6fad322\" data-element_type=\"section\">\n\t\t\t\t\t\t<div class=\"elementor-container elementor-column-gap-default\">\n\t\t\t\t\t<div class=\"elementor-column elementor-col-100 elementor-top-column elementor-element elementor-element-270b851\" data-id=\"270b851\" data-element_type=\"column\">\n\t\t\t<div class=\"elementor-widget-wrap elementor-element-populated\">\n\t\t\t\t\t\t<div class=\"elementor-element elementor-element-d1316eb elementor-widget elementor-widget-heading\" data-id=\"d1316eb\" data-element_type=\"widget\" data-widget_type=\"heading.default\">\n\t\t\t\t<div class=\"elementor-widget-container\">\n\t\t\t<h4 class=\"elementor-heading-title elementor-size-default\">2020<\/h4>\t\t<\/div>\n\t\t\t\t<\/div>\n\t\t\t\t<div class=\"elementor-element elementor-element-37c8207 elementor-widget elementor-widget-text-editor\" data-id=\"37c8207\" data-element_type=\"widget\" data-widget_type=\"text-editor.default\">\n\t\t\t\t<div class=\"elementor-widget-container\">\n\t\t\t\t\t\t\t<p><a href=\"https:\/\/helas.fi\/sv\/helasin-hallitus-v-2020-2021-11-11-2020\/\">11.11.2020 Helasin hallitus v.2020\u20132021<\/a><br \/><a href=\"https:\/\/helas.fi\/sv\/vuosikokous-lahestyy-3-8-2020\/\">3.8.2020 Vuosikokous l\u00e4hestyy<\/a><\/p>\t\t\t\t\t\t<\/div>\n\t\t\t\t<\/div>\n\t\t\t\t\t<\/div>\n\t\t<\/div>\n\t\t\t\t\t<\/div>\n\t\t<\/section>\n\t\t\t\t<section class=\"elementor-section elementor-top-section elementor-element elementor-element-f7f5b30 elementor-section-full_width elementor-section-height-default elementor-section-height-default\" data-id=\"f7f5b30\" data-element_type=\"section\">\n\t\t\t\t\t\t<div class=\"elementor-container elementor-column-gap-default\">\n\t\t\t\t\t<div class=\"elementor-column elementor-col-100 elementor-top-column elementor-element elementor-element-f8dff7c\" data-id=\"f8dff7c\" data-element_type=\"column\">\n\t\t\t<div class=\"elementor-widget-wrap elementor-element-populated\">\n\t\t\t\t\t\t<div class=\"elementor-element elementor-element-88b6698 elementor-widget elementor-widget-heading\" data-id=\"88b6698\" data-element_type=\"widget\" data-widget_type=\"heading.default\">\n\t\t\t\t<div class=\"elementor-widget-container\">\n\t\t\t<h4 class=\"elementor-heading-title elementor-size-default\">2019<\/h4>\t\t<\/div>\n\t\t\t\t<\/div>\n\t\t\t\t<div class=\"elementor-element elementor-element-afabf6b elementor-widget elementor-widget-text-editor\" data-id=\"afabf6b\" data-element_type=\"widget\" data-widget_type=\"text-editor.default\">\n\t\t\t\t<div class=\"elementor-widget-container\">\n\t\t\t\t\t\t\t<p><a href=\"https:\/\/helas.fi\/sv\/ylimaaraisen-jasenkokouksen-poytakirja-14-11-2019\/\">19.12.2019 Ylim\u00e4\u00e4r\u00e4isen j\u00e4senkokouksen p\u00f6yt\u00e4kirja 14.11.2019<\/a><br \/><a href=\"https:\/\/helas.fi\/sv\/tupakointikielto-nuppukuja-10-12-2019\/\">10.12.2019 Tupakointikielto, Nuppukuja<\/a><br \/><a href=\"https:\/\/helas.fi\/sv\/vuosikokousmateriaali-korjattu-8-11-2019\/\">8.11.2019 Vuosikokousmateriaali (korjattu)<\/a><br \/><a href=\"https:\/\/helas.fi\/sv\/ylimaarainen-jasenkokouskutsu-2-11-2019\/\">2.11.2019 Ylim\u00e4\u00e4r\u00e4inen j\u00e4senkokouskutsu<\/a><\/p>\t\t\t\t\t\t<\/div>\n\t\t\t\t<\/div>\n\t\t\t\t\t<\/div>\n\t\t<\/div>\n\t\t\t\t\t<\/div>\n\t\t<\/section>\n\t\t\t\t<section class=\"elementor-section elementor-top-section elementor-element elementor-element-354a81c elementor-section-full_width elementor-section-height-default elementor-section-height-default\" data-id=\"354a81c\" data-element_type=\"section\">\n\t\t\t\t\t\t<div class=\"elementor-container elementor-column-gap-default\">\n\t\t\t\t\t<div class=\"elementor-column elementor-col-100 elementor-top-column elementor-element elementor-element-0611318\" data-id=\"0611318\" data-element_type=\"column\">\n\t\t\t<div class=\"elementor-widget-wrap elementor-element-populated\">\n\t\t\t\t\t\t<div class=\"elementor-element elementor-element-f6c21f0 elementor-widget elementor-widget-heading\" data-id=\"f6c21f0\" data-element_type=\"widget\" data-widget_type=\"heading.default\">\n\t\t\t\t<div class=\"elementor-widget-container\">\n\t\t\t<h4 class=\"elementor-heading-title elementor-size-default\">2018<\/h4>\t\t<\/div>\n\t\t\t\t<\/div>\n\t\t\t\t<div class=\"elementor-element elementor-element-bb9b9b6 elementor-widget elementor-widget-text-editor\" data-id=\"bb9b9b6\" data-element_type=\"widget\" data-widget_type=\"text-editor.default\">\n\t\t\t\t<div class=\"elementor-widget-container\">\n\t\t\t\t\t\t\t<p><a href=\"https:\/\/helas.fi\/sv\/vuosikokoustiedote-28-8-2018\/\">28.8.2018 Vuosikokoustiedote<\/a><br \/><a href=\"https:\/\/helas.fi\/sv\/talousarvio-vuodelle-2018-29-6-2018\/\">29.6.2018 Talousarvio vuodelle 2018<\/a><br \/><a href=\"https:\/\/helas.fi\/sv\/vastikkeiden-maaraytyminen-2018-29-6-2018\/\">29.6.2018 Vastikkeiden m\u00e4\u00e4r\u00e4ytyminen<\/a><br \/><a href=\"https:\/\/helas.fi\/sv\/hallitus-tiedottaa-yhdistyksen-varsinainen-kokous-23-8-2018\/\">29.6.2018 Hallitus tiedottaa: Yhdistyksen varsinainen kokous 23.8.2018<\/a><\/p>\t\t\t\t\t\t<\/div>\n\t\t\t\t<\/div>\n\t\t\t\t\t<\/div>\n\t\t<\/div>\n\t\t\t\t\t<\/div>\n\t\t<\/section>\n\t\t\t\t<section class=\"elementor-section elementor-top-section elementor-element elementor-element-55097d7 elementor-section-full_width elementor-section-height-default elementor-section-height-default\" data-id=\"55097d7\" data-element_type=\"section\">\n\t\t\t\t\t\t<div class=\"elementor-container elementor-column-gap-default\">\n\t\t\t\t\t<div class=\"elementor-column elementor-col-100 elementor-top-column elementor-element elementor-element-3fe796b\" data-id=\"3fe796b\" data-element_type=\"column\">\n\t\t\t<div class=\"elementor-widget-wrap elementor-element-populated\">\n\t\t\t\t\t\t<div class=\"elementor-element elementor-element-31e43a1 elementor-widget elementor-widget-heading\" data-id=\"31e43a1\" data-element_type=\"widget\" data-widget_type=\"heading.default\">\n\t\t\t\t<div class=\"elementor-widget-container\">\n\t\t\t<h4 class=\"elementor-heading-title elementor-size-default\">2017<\/h4>\t\t<\/div>\n\t\t\t\t<\/div>\n\t\t\t\t<div class=\"elementor-element elementor-element-10408c0 elementor-widget elementor-widget-text-editor\" data-id=\"10408c0\" data-element_type=\"widget\" data-widget_type=\"text-editor.default\">\n\t\t\t\t<div class=\"elementor-widget-container\">\n\t\t\t\t\t\t\t<p><a href=\"https:\/\/helas.fi\/sv\/helasin-hallituksen-kokous-5-10-2017-9-10-2017\/\">9.10.2017 Helasin hallituksen kokous 5.10.2017<\/a><br \/><a href=\"https:\/\/helas.fi\/sv\/vastikelaskuissa-vanhaa-tietoa\/\">30.6.2017 Vastikelaskuissa vanhaa tietoa<\/a><br \/><a href=\"https:\/\/helas.fi\/sv\/helasille-uusi-hallitus-22-6-2017\/\">22.6.2017 Helasille uusi hallitus<\/a><br \/><a href=\"https:\/\/helas.fi\/sv\/hallitus-tiedottaa-yhdistyksen-varsinainen-kokous-keskiviikkona-14-6-2017-14-5-2017\/\">14.5.2017 Hallitus tiedottaa: Yhdistyksen varsinainen kokous keskiviikkona 14.6.2017<\/a><\/p>\t\t\t\t\t\t<\/div>\n\t\t\t\t<\/div>\n\t\t\t\t\t<\/div>\n\t\t<\/div>\n\t\t\t\t\t<\/div>\n\t\t<\/section>\n\t\t\t\t<\/div>","protected":false},"excerpt":{"rendered":"<p>Tiedotteet asukkaille 2023 1.10.2023Is\u00e4nn\u00f6innin yhteystiedot muuttuvat: Is\u00e4nn\u00f6itsij\u00e4 Matinkyl\u00e4n huolto Oy \/ Heli Packal\u00e9nisannointi@matinkylanhuolto.fi (is\u00e4nn\u00f6intiin liittyv\u00e4t asiat)vastikevalvonta@matinkylanhuolto.fi (vastike- ja vuokravalvonnan asiat) 2022 11.4.2022 Helasin kev\u00e4tkokous 28.4.2022 klo 18 2021 21.12.2021 Helasin syyskokouksen p\u00e4\u00e4t\u00f6ksi\u00e414.11.2021 Helasin syyskokous 29.11 klo 1828.6.2021 Helasin vuosikokouksen p\u00e4\u00e4t\u00f6ksi\u00e429.4.2021 Is\u00e4nn\u00f6itsij\u00e4 vaihtunut ja Nupikujalla uusi huoltoyhti\u00f620.4.2021 Helasin vuosikokous siirtyy pidett\u00e4v\u00e4ksi ma 10.58.4.2021 Vuosikokouskutsu (korjattu 9.4.2021) [&hellip;]<\/p>","protected":false},"author":73,"featured_media":0,"parent":0,"menu_order":0,"comment_status":"closed","ping_status":"closed","template":"","meta":{"_bbp_topic_count":0,"_bbp_reply_count":0,"_bbp_total_topic_count":0,"_bbp_total_reply_count":0,"_bbp_voice_count":0,"_bbp_anonymous_reply_count":0,"_bbp_topic_count_hidden":0,"_bbp_reply_count_hidden":0,"_bbp_forum_subforum_count":0,"site-sidebar-layout":"default","site-content-layout":"","ast-site-content-layout":"","site-content-style":"default","site-sidebar-style":"default","ast-global-header-display":"","ast-banner-title-visibility":"","ast-main-header-display":"","ast-hfb-above-header-display":"","ast-hfb-below-header-display":"","ast-hfb-mobile-header-display":"","site-post-title":"","ast-breadcrumbs-content":"","ast-featured-img":"","footer-sml-layout":"","theme-transparent-header-meta":"","adv-header-id-meta":"","stick-header-meta":"","header-above-stick-meta":"","header-main-stick-meta":"","header-below-stick-meta":"","astra-migrate-meta-layouts":"default","ast-page-background-enabled":"default","ast-page-background-meta":{"desktop":{"background-color":"var(--ast-global-color-4)","background-image":"","background-repeat":"repeat","background-position":"center center","background-size":"auto","background-attachment":"scroll","background-type":"","background-media":"","overlay-type":"","overlay-color":"","overlay-opacity":"","overlay-gradient":""},"tablet":{"background-color":"","background-image":"","background-repeat":"repeat","background-position":"center center","background-size":"auto","background-attachment":"scroll","background-type":"","background-media":"","overlay-type":"","overlay-color":"","overlay-opacity":"","overlay-gradient":""},"mobile":{"background-color":"","background-image":"","background-repeat":"repeat","background-position":"center center","background-size":"auto","background-attachment":"scroll","background-type":"","background-media":"","overlay-type":"","overlay-color":"","overlay-opacity":"","overlay-gradient":""}},"ast-content-background-meta":{"desktop":{"background-color":"var(--ast-global-color-5)","background-image":"","background-repeat":"repeat","background-position":"center center","background-size":"auto","background-attachment":"scroll","background-type":"","background-media":"","overlay-type":"","overlay-color":"","overlay-opacity":"","overlay-gradient":""},"tablet":{"background-color":"var(--ast-global-color-5)","background-image":"","background-repeat":"repeat","background-position":"center center","background-size":"auto","background-attachment":"scroll","background-type":"","background-media":"","overlay-type":"","overlay-color":"","overlay-opacity":"","overlay-gradient":""},"mobile":{"background-color":"var(--ast-global-color-5)","background-image":"","background-repeat":"repeat","background-position":"center center","background-size":"auto","background-attachment":"scroll","background-type":"","background-media":"","overlay-type":"","overlay-color":"","overlay-opacity":"","overlay-gradient":""}},"iawp_total_views":17,"footnotes":""},"class_list":["post-8064","page","type-page","status-publish","hentry"],"yoast_head":"<!-- This site is optimized with the Yoast SEO plugin v23.7 - https:\/\/yoast.com\/wordpress\/plugins\/seo\/ -->\n<title>Tiedotteet j\u00e4senille -<\/title>\n<meta name=\"robots\" content=\"noindex, nofollow\" \/>\n<meta property=\"og:locale\" content=\"sv_SE\" \/>\n<meta property=\"og:type\" content=\"article\" \/>\n<meta property=\"og:title\" content=\"Tiedotteet j\u00e4senille -\" \/>\n<meta property=\"og:description\" content=\"Tiedotteet asukkaille 2023 1.10.2023Is\u00e4nn\u00f6innin yhteystiedot muuttuvat: Is\u00e4nn\u00f6itsij\u00e4 Matinkyl\u00e4n huolto Oy \/ Heli Packal\u00e9nisannointi@matinkylanhuolto.fi (is\u00e4nn\u00f6intiin liittyv\u00e4t asiat)vastikevalvonta@matinkylanhuolto.fi (vastike- ja vuokravalvonnan asiat) 2022 11.4.2022 Helasin kev\u00e4tkokous 28.4.2022 klo 18 2021 21.12.2021 Helasin syyskokouksen p\u00e4\u00e4t\u00f6ksi\u00e414.11.2021 Helasin syyskokous 29.11 klo 1828.6.2021 Helasin vuosikokouksen p\u00e4\u00e4t\u00f6ksi\u00e429.4.2021 Is\u00e4nn\u00f6itsij\u00e4 vaihtunut ja Nupikujalla uusi huoltoyhti\u00f620.4.2021 Helasin vuosikokous siirtyy pidett\u00e4v\u00e4ksi ma 10.58.4.2021 Vuosikokouskutsu (korjattu 9.4.2021) [&hellip;]\" \/>\n<meta property=\"og:url\" content=\"https:\/\/helas.fi\/sv\/tiedotteet-jasenille\/\" \/>\n<meta property=\"article:modified_time\" content=\"2023-10-01T18:36:18+00:00\" \/>\n<meta name=\"twitter:card\" content=\"summary_large_image\" \/>\n<meta name=\"twitter:label1\" content=\"Ber\u00e4knad l\u00e4stid\" \/>\n\t<meta name=\"twitter:data1\" content=\"1 minut\" \/>\n<script type=\"application\/ld+json\" class=\"yoast-schema-graph\">{\"@context\":\"https:\/\/schema.org\",\"@graph\":[{\"@type\":\"WebPage\",\"@id\":\"https:\/\/helas.fi\/tiedotteet-jasenille\/\",\"url\":\"https:\/\/helas.fi\/tiedotteet-jasenille\/\",\"name\":\"Tiedotteet j\u00e4senille -\",\"isPartOf\":{\"@id\":\"https:\/\/helas.fi\/#website\"},\"datePublished\":\"2022-01-17T10:02:39+00:00\",\"dateModified\":\"2023-10-01T18:36:18+00:00\",\"breadcrumb\":{\"@id\":\"https:\/\/helas.fi\/tiedotteet-jasenille\/#breadcrumb\"},\"inLanguage\":\"sv-SE\",\"potentialAction\":[{\"@type\":\"ReadAction\",\"target\":[\"https:\/\/helas.fi\/tiedotteet-jasenille\/\"]}]},{\"@type\":\"BreadcrumbList\",\"@id\":\"https:\/\/helas.fi\/tiedotteet-jasenille\/#breadcrumb\",\"itemListElement\":[{\"@type\":\"ListItem\",\"position\":1,\"name\":\"Home\",\"item\":\"https:\/\/helas.fi\/\"},{\"@type\":\"ListItem\",\"position\":2,\"name\":\"Tiedotteet j\u00e4senille\"}]},{\"@type\":\"WebSite\",\"@id\":\"https:\/\/helas.fi\/#website\",\"url\":\"https:\/\/helas.fi\/\",\"name\":\"\",\"description\":\"Asumisoikeusasunnot Helsingiss\u00e4, Espoossa, Vantaalla ja Vihdiss\u00e4\",\"potentialAction\":[{\"@type\":\"SearchAction\",\"target\":{\"@type\":\"EntryPoint\",\"urlTemplate\":\"https:\/\/helas.fi\/?s={search_term_string}\"},\"query-input\":{\"@type\":\"PropertyValueSpecification\",\"valueRequired\":true,\"valueName\":\"search_term_string\"}}],\"inLanguage\":\"sv-SE\"}]}<\/script>\n<!-- \/ Yoast SEO plugin. -->","yoast_head_json":{"title":"Tiedotteet j\u00e4senille -","robots":{"index":"noindex","follow":"nofollow"},"og_locale":"sv_SE","og_type":"article","og_title":"Tiedotteet j\u00e4senille -","og_description":"Tiedotteet asukkaille 2023 1.10.2023Is\u00e4nn\u00f6innin yhteystiedot muuttuvat: Is\u00e4nn\u00f6itsij\u00e4 Matinkyl\u00e4n huolto Oy \/ Heli Packal\u00e9nisannointi@matinkylanhuolto.fi (is\u00e4nn\u00f6intiin liittyv\u00e4t asiat)vastikevalvonta@matinkylanhuolto.fi (vastike- ja vuokravalvonnan asiat) 2022 11.4.2022 Helasin kev\u00e4tkokous 28.4.2022 klo 18 2021 21.12.2021 Helasin syyskokouksen p\u00e4\u00e4t\u00f6ksi\u00e414.11.2021 Helasin syyskokous 29.11 klo 1828.6.2021 Helasin vuosikokouksen p\u00e4\u00e4t\u00f6ksi\u00e429.4.2021 Is\u00e4nn\u00f6itsij\u00e4 vaihtunut ja Nupikujalla uusi huoltoyhti\u00f620.4.2021 Helasin vuosikokous siirtyy pidett\u00e4v\u00e4ksi ma 10.58.4.2021 Vuosikokouskutsu (korjattu 9.4.2021) [&hellip;]","og_url":"https:\/\/helas.fi\/sv\/tiedotteet-jasenille\/","article_modified_time":"2023-10-01T18:36:18+00:00","twitter_card":"summary_large_image","twitter_misc":{"Ber\u00e4knad l\u00e4stid":"1 minut"},"schema":{"@context":"https:\/\/schema.org","@graph":[{"@type":"WebPage","@id":"https:\/\/helas.fi\/tiedotteet-jasenille\/","url":"https:\/\/helas.fi\/tiedotteet-jasenille\/","name":"Tiedotteet j\u00e4senille -","isPartOf":{"@id":"https:\/\/helas.fi\/#website"},"datePublished":"2022-01-17T10:02:39+00:00","dateModified":"2023-10-01T18:36:18+00:00","breadcrumb":{"@id":"https:\/\/helas.fi\/tiedotteet-jasenille\/#breadcrumb"},"inLanguage":"sv-SE","potentialAction":[{"@type":"ReadAction","target":["https:\/\/helas.fi\/tiedotteet-jasenille\/"]}]},{"@type":"BreadcrumbList","@id":"https:\/\/helas.fi\/tiedotteet-jasenille\/#breadcrumb","itemListElement":[{"@type":"ListItem","position":1,"name":"Home","item":"https:\/\/helas.fi\/"},{"@type":"ListItem","position":2,"name":"Tiedotteet j\u00e4senille"}]},{"@type":"WebSite","@id":"https:\/\/helas.fi\/#website","url":"https:\/\/helas.fi\/","name":"","description":"Asumisoikeusasunnot Helsingiss\u00e4, Espoossa, Vantaalla ja Vihdiss\u00e4","potentialAction":[{"@type":"SearchAction","target":{"@type":"EntryPoint","urlTemplate":"https:\/\/helas.fi\/?s={search_term_string}"},"query-input":{"@type":"PropertyValueSpecification","valueRequired":true,"valueName":"search_term_string"}}],"inLanguage":"sv-SE"}]}},"_links":{"self":[{"href":"https:\/\/helas.fi\/sv\/wp-json\/wp\/v2\/pages\/8064"}],"collection":[{"href":"https:\/\/helas.fi\/sv\/wp-json\/wp\/v2\/pages"}],"about":[{"href":"https:\/\/helas.fi\/sv\/wp-json\/wp\/v2\/types\/page"}],"author":[{"embeddable":true,"href":"https:\/\/helas.fi\/sv\/wp-json\/wp\/v2\/users\/73"}],"replies":[{"embeddable":true,"href":"https:\/\/helas.fi\/sv\/wp-json\/wp\/v2\/comments?post=8064"}],"version-history":[{"count":20,"href":"https:\/\/helas.fi\/sv\/wp-json\/wp\/v2\/pages\/8064\/revisions"}],"predecessor-version":[{"id":14292,"href":"https:\/\/helas.fi\/sv\/wp-json\/wp\/v2\/pages\/8064\/revisions\/14292"}],"wp:attachment":[{"href":"https:\/\/helas.fi\/sv\/wp-json\/wp\/v2\/media?parent=8064"}],"curies":[{"name":"wp","href":"https:\/\/api.w.org\/{rel}","templated":true}]}}