{"id":9339,"date":"2023-04-07T12:27:15","date_gmt":"2023-04-07T09:27:15","guid":{"rendered":"https:\/\/helas.fi\/?page_id=9339"},"modified":"2023-09-01T09:53:29","modified_gmt":"2023-09-01T06:53:29","slug":"asuinkohteet","status":"publish","type":"page","link":"https:\/\/helas.fi\/sv\/asuinkohteet\/","title":{"rendered":"V\u00e5ra objekt"},"content":{"rendered":"<div data-elementor-type=\"wp-page\" data-elementor-id=\"9339\" class=\"elementor elementor-9339\">\n\t\t\t\t\t\t<section class=\"elementor-section elementor-top-section elementor-element elementor-element-43d7db4f elementor-section-full_width elementor-section-height-default elementor-section-height-default\" data-id=\"43d7db4f\" data-element_type=\"section\">\n\t\t\t\t\t\t<div class=\"elementor-container elementor-column-gap-default\">\n\t\t\t\t\t<div class=\"elementor-column elementor-col-100 elementor-top-column elementor-element elementor-element-356c8ff1\" data-id=\"356c8ff1\" data-element_type=\"column\">\n\t\t\t<div class=\"elementor-widget-wrap elementor-element-populated\">\n\t\t\t\t\t\t<div class=\"elementor-element elementor-element-22de1710 elementor-widget elementor-widget-heading\" data-id=\"22de1710\" data-element_type=\"widget\" data-widget_type=\"heading.default\">\n\t\t\t\t<div class=\"elementor-widget-container\">\n\t\t\t<h1 class=\"elementor-heading-title elementor-size-default\">V\u00e5ra objekt<\/h1>\t\t<\/div>\n\t\t\t\t<\/div>\n\t\t\t\t\t<\/div>\n\t\t<\/div>\n\t\t\t\t\t<\/div>\n\t\t<\/section>\n\t\t\t\t<section class=\"elementor-section elementor-top-section elementor-element elementor-element-3e45f6c elementor-section-full_width elementor-section-height-default elementor-section-height-default\" data-id=\"3e45f6c\" data-element_type=\"section\">\n\t\t\t\t\t\t<div class=\"elementor-container elementor-column-gap-default\">\n\t\t\t\t\t<div class=\"elementor-column elementor-col-25 elementor-top-column elementor-element elementor-element-31cef5fa\" data-id=\"31cef5fa\" data-element_type=\"column\">\n\t\t\t<div class=\"elementor-widget-wrap elementor-element-populated\">\n\t\t\t\t\t\t<div class=\"elementor-element elementor-element-83a9a14 elementor-widget elementor-widget-image\" data-id=\"83a9a14\" data-element_type=\"widget\" data-widget_type=\"image.default\">\n\t\t\t\t<div class=\"elementor-widget-container\">\n\t\t\t\t\t\t\t\t\t\t\t\t\t<img fetchpriority=\"high\" decoding=\"async\" width=\"500\" height=\"400\" src=\"https:\/\/helas.fi\/wp-content\/uploads\/Veljestenpiha.webp\" class=\"attachment-full size-full wp-image-12058\" alt=\"Veljestenpihan asuntokohde\" \/>\t\t\t\t\t\t\t\t\t\t\t\t\t<\/div>\n\t\t\t\t<\/div>\n\t\t\t\t<div class=\"elementor-element elementor-element-3087ec1 elementor-widget elementor-widget-heading\" data-id=\"3087ec1\" data-element_type=\"widget\" data-widget_type=\"heading.default\">\n\t\t\t\t<div class=\"elementor-widget-container\">\n\t\t\t<h3 class=\"elementor-heading-title elementor-size-default\">Helsingfors<\/h3>\t\t<\/div>\n\t\t\t\t<\/div>\n\t\t\t\t<div class=\"elementor-element elementor-element-7b7a0259 elementor-widget elementor-widget-text-editor\" data-id=\"7b7a0259\" data-element_type=\"widget\" data-widget_type=\"text-editor.default\">\n\t\t\t\t<div class=\"elementor-widget-container\">\n\t\t\t\t\t\t\t<p><strong><a href=\"https:\/\/helas.fi\/sv\/helsinki-konala-hilatie\/\">K\u00e5nala, Ledv\u00e4gen<\/a><\/strong><br \/><strong><a href=\"https:\/\/helas.fi\/sv\/helsinki-tapanila-liiketie\/\">Staffansby, Liiketie<\/a><\/strong><br \/><a href=\"https:\/\/helas.fi\/sv\/helsinki-tapanila-veljestenpiha\/\"><strong>Staffansby, Br\u00f6drag\u00e5rden<\/strong><\/a><br \/><strong><a href=\"https:\/\/helas.fi\/sv\/helsinki-mellunmaki-nupikuja\/\">Mellungsbacka, Nubbgr\u00e4nden<\/a><\/strong><br \/><strong><a href=\"https:\/\/helas.fi\/sv\/helsinki-viikki-nuppukuja\/\">Vik, Knoppgr\u00e4nden<\/a><\/strong><\/p>\t\t\t\t\t\t<\/div>\n\t\t\t\t<\/div>\n\t\t\t\t\t<\/div>\n\t\t<\/div>\n\t\t\t\t<div class=\"elementor-column elementor-col-25 elementor-top-column elementor-element elementor-element-4f2dacf\" data-id=\"4f2dacf\" data-element_type=\"column\">\n\t\t\t<div class=\"elementor-widget-wrap elementor-element-populated\">\n\t\t\t\t\t\t<div class=\"elementor-element elementor-element-eda85ae elementor-widget elementor-widget-image\" data-id=\"eda85ae\" data-element_type=\"widget\" data-widget_type=\"image.default\">\n\t\t\t\t<div class=\"elementor-widget-container\">\n\t\t\t\t\t\t\t\t\t\t\t\t\t<img decoding=\"async\" width=\"500\" height=\"400\" src=\"https:\/\/helas.fi\/wp-content\/uploads\/Impilahdenpiha.webp\" class=\"attachment-full size-full wp-image-12056\" alt=\"Impilahdenpihan asunnon julkisivua\" \/>\t\t\t\t\t\t\t\t\t\t\t\t\t<\/div>\n\t\t\t\t<\/div>\n\t\t\t\t<div class=\"elementor-element elementor-element-1bca3fe0 elementor-widget elementor-widget-heading\" data-id=\"1bca3fe0\" data-element_type=\"widget\" data-widget_type=\"heading.default\">\n\t\t\t\t<div class=\"elementor-widget-container\">\n\t\t\t<h3 class=\"elementor-heading-title elementor-size-default\">Esbo<\/h3>\t\t<\/div>\n\t\t\t\t<\/div>\n\t\t\t\t<div class=\"elementor-element elementor-element-1bb6fd78 elementor-widget elementor-widget-text-editor\" data-id=\"1bb6fd78\" data-element_type=\"widget\" data-widget_type=\"text-editor.default\">\n\t\t\t\t<div class=\"elementor-widget-container\">\n\t\t\t\t\t\t\t<p><a href=\"https:\/\/helas.fi\/sv\/espoo-leppavaara-impilahdenpiha\/\"><strong>Alberga, Impilahdenpiha<\/strong><\/a><\/p>\t\t\t\t\t\t<\/div>\n\t\t\t\t<\/div>\n\t\t\t\t\t<\/div>\n\t\t<\/div>\n\t\t\t\t<div class=\"elementor-column elementor-col-25 elementor-top-column elementor-element elementor-element-41d66db\" data-id=\"41d66db\" data-element_type=\"column\">\n\t\t\t<div class=\"elementor-widget-wrap elementor-element-populated\">\n\t\t\t\t\t\t<div class=\"elementor-element elementor-element-5a57526 elementor-widget elementor-widget-image\" data-id=\"5a57526\" data-element_type=\"widget\" data-widget_type=\"image.default\">\n\t\t\t\t<div class=\"elementor-widget-container\">\n\t\t\t\t\t\t\t\t\t\t\t\t\t<img decoding=\"async\" width=\"500\" height=\"400\" src=\"https:\/\/helas.fi\/wp-content\/uploads\/Laajavuorenkuja.webp\" class=\"attachment-full size-full wp-image-12059\" alt=\"Laajavuorenkujan talo\" \/>\t\t\t\t\t\t\t\t\t\t\t\t\t<\/div>\n\t\t\t\t<\/div>\n\t\t\t\t<div class=\"elementor-element elementor-element-72fe6015 elementor-widget elementor-widget-heading\" data-id=\"72fe6015\" data-element_type=\"widget\" data-widget_type=\"heading.default\">\n\t\t\t\t<div class=\"elementor-widget-container\">\n\t\t\t<h3 class=\"elementor-heading-title elementor-size-default\">Vanda<\/h3>\t\t<\/div>\n\t\t\t\t<\/div>\n\t\t\t\t<div class=\"elementor-element elementor-element-581043f elementor-widget elementor-widget-text-editor\" data-id=\"581043f\" data-element_type=\"widget\" data-widget_type=\"text-editor.default\">\n\t\t\t\t<div class=\"elementor-widget-container\">\n\t\t\t\t\t\t\t<p><strong><a href=\"https:\/\/helas.fi\/sv\/vantaa-martinlaakso-laajavuorenkuja\/\">M\u00e5rtensdal, Bredbergsgr\u00e4nden<\/a><\/strong><\/p>\t\t\t\t\t\t<\/div>\n\t\t\t\t<\/div>\n\t\t\t\t\t<\/div>\n\t\t<\/div>\n\t\t\t\t<div class=\"elementor-column elementor-col-25 elementor-top-column elementor-element elementor-element-b9f21af\" data-id=\"b9f21af\" data-element_type=\"column\">\n\t\t\t<div class=\"elementor-widget-wrap elementor-element-populated\">\n\t\t\t\t\t\t<div class=\"elementor-element elementor-element-a2c6312 elementor-widget elementor-widget-image\" data-id=\"a2c6312\" data-element_type=\"widget\" data-widget_type=\"image.default\">\n\t\t\t\t<div class=\"elementor-widget-container\">\n\t\t\t\t\t\t\t\t\t\t\t\t\t<img loading=\"lazy\" decoding=\"async\" width=\"500\" height=\"400\" src=\"https:\/\/helas.fi\/wp-content\/uploads\/kyostinpolku_1.webp\" class=\"attachment-large size-large wp-image-12057\" alt=\"Ky\u00f6stinpolun talo kadulta p\u00e4in\" \/>\t\t\t\t\t\t\t\t\t\t\t\t\t<\/div>\n\t\t\t\t<\/div>\n\t\t\t\t<div class=\"elementor-element elementor-element-59b42bb3 elementor-widget elementor-widget-heading\" data-id=\"59b42bb3\" data-element_type=\"widget\" data-widget_type=\"heading.default\">\n\t\t\t\t<div class=\"elementor-widget-container\">\n\t\t\t<h3 class=\"elementor-heading-title elementor-size-default\">Vichtis<\/h3>\t\t<\/div>\n\t\t\t\t<\/div>\n\t\t\t\t<div class=\"elementor-element elementor-element-13ba2329 elementor-widget elementor-widget-text-editor\" data-id=\"13ba2329\" data-element_type=\"widget\" data-widget_type=\"text-editor.default\">\n\t\t\t\t<div class=\"elementor-widget-container\">\n\t\t\t\t\t\t\t<p><strong><a href=\"https:\/\/helas.fi\/sv\/vihti-huhdanmaki-kyostinpolku\/\">Huhdanm\u00e4ki, Ky\u00f6stinpolku<\/a><\/strong><\/p>\t\t\t\t\t\t<\/div>\n\t\t\t\t<\/div>\n\t\t\t\t\t<\/div>\n\t\t<\/div>\n\t\t\t\t\t<\/div>\n\t\t<\/section>\n\t\t\t\t<\/div>","protected":false},"excerpt":{"rendered":"<p>Asuinkohteet Helsinki Konala, Hilatie Tapanila, Liiketie Tapanila, Veljestenpiha Mellunm\u00e4ki, Nupikuja Viikki, Nuppukuja Espoo Lepp\u00e4vaara, Impilahdenpiha Vantaa Martinlaakso, Laajavuorenkuja Vihti Huhdanm\u00e4ki, Ky\u00f6stinpolku<\/p>","protected":false},"author":73,"featured_media":0,"parent":0,"menu_order":0,"comment_status":"closed","ping_status":"closed","template":"","meta":{"_bbp_topic_count":0,"_bbp_reply_count":0,"_bbp_total_topic_count":0,"_bbp_total_reply_count":0,"_bbp_voice_count":0,"_bbp_anonymous_reply_count":0,"_bbp_topic_count_hidden":0,"_bbp_reply_count_hidden":0,"_bbp_forum_subforum_count":0,"site-sidebar-layout":"no-sidebar","site-content-layout":"plain-container","ast-site-content-layout":"normal-width-container","site-content-style":"unboxed","site-sidebar-style":"unboxed","ast-global-header-display":"","ast-banner-title-visibility":"","ast-main-header-display":"","ast-hfb-above-header-display":"","ast-hfb-below-header-display":"","ast-hfb-mobile-header-display":"","site-post-title":"","ast-breadcrumbs-content":"","ast-featured-img":"","footer-sml-layout":"","theme-transparent-header-meta":"default","adv-header-id-meta":"","stick-header-meta":"","header-above-stick-meta":"","header-main-stick-meta":"","header-below-stick-meta":"","astra-migrate-meta-layouts":"set","ast-page-background-enabled":"default","ast-page-background-meta":{"desktop":{"background-color":"var(--ast-global-color-4)","background-image":"","background-repeat":"repeat","background-position":"center center","background-size":"auto","background-attachment":"scroll","background-type":"","background-media":"","overlay-type":"","overlay-color":"","overlay-opacity":"","overlay-gradient":""},"tablet":{"background-color":"","background-image":"","background-repeat":"repeat","background-position":"center center","background-size":"auto","background-attachment":"scroll","background-type":"","background-media":"","overlay-type":"","overlay-color":"","overlay-opacity":"","overlay-gradient":""},"mobile":{"background-color":"","background-image":"","background-repeat":"repeat","background-position":"center center","background-size":"auto","background-attachment":"scroll","background-type":"","background-media":"","overlay-type":"","overlay-color":"","overlay-opacity":"","overlay-gradient":""}},"ast-content-background-meta":{"desktop":{"background-color":"var(--ast-global-color-5)","background-image":"","background-repeat":"repeat","background-position":"center center","background-size":"auto","background-attachment":"scroll","background-type":"","background-media":"","overlay-type":"","overlay-color":"","overlay-opacity":"","overlay-gradient":""},"tablet":{"background-color":"var(--ast-global-color-5)","background-image":"","background-repeat":"repeat","background-position":"center center","background-size":"auto","background-attachment":"scroll","background-type":"","background-media":"","overlay-type":"","overlay-color":"","overlay-opacity":"","overlay-gradient":""},"mobile":{"background-color":"var(--ast-global-color-5)","background-image":"","background-repeat":"repeat","background-position":"center center","background-size":"auto","background-attachment":"scroll","background-type":"","background-media":"","overlay-type":"","overlay-color":"","overlay-opacity":"","overlay-gradient":""}},"iawp_total_views":4477,"footnotes":""},"class_list":["post-9339","page","type-page","status-publish","hentry"],"yoast_head":"<!-- This site is optimized with the Yoast SEO plugin v23.7 - https:\/\/yoast.com\/wordpress\/plugins\/seo\/ -->\n<title>Asuinkohteet | Helas asumisoikeusasunnot<\/title>\n<meta name=\"description\" content=\"HELASin toiminnan l\u00e4ht\u00f6kohtia ovat viihtyisien ja toiminnallisesti monipuolisten asuinymp\u00e4rist\u00f6jen luominen, ymp\u00e4rist\u00f6yst\u00e4v\u00e4llisyys, energian ja luonnonvarojen s\u00e4\u00e4st\u00e4minen sek\u00e4 asukkaiden aktiivisen yhteistoiminnan edist\u00e4minen.\" \/>\n<meta name=\"robots\" content=\"index, follow, max-snippet:-1, max-image-preview:large, max-video-preview:-1\" \/>\n<link rel=\"canonical\" href=\"https:\/\/helas-fi.hel8.wp-cloud.dev\/asuinkohteet\/\" \/>\n<meta property=\"og:locale\" content=\"sv_SE\" \/>\n<meta property=\"og:type\" content=\"article\" \/>\n<meta property=\"og:title\" content=\"Asuinkohteet | Helas asumisoikeusasunnot\" \/>\n<meta property=\"og:description\" content=\"HELASin toiminnan l\u00e4ht\u00f6kohtia ovat viihtyisien ja toiminnallisesti monipuolisten asuinymp\u00e4rist\u00f6jen luominen, ymp\u00e4rist\u00f6yst\u00e4v\u00e4llisyys, energian ja luonnonvarojen s\u00e4\u00e4st\u00e4minen sek\u00e4 asukkaiden aktiivisen yhteistoiminnan edist\u00e4minen.\" \/>\n<meta property=\"og:url\" content=\"https:\/\/helas-fi.hel8.wp-cloud.dev\/asuinkohteet\/\" \/>\n<meta property=\"article:modified_time\" content=\"2023-09-01T06:53:29+00:00\" \/>\n<meta property=\"og:image\" content=\"https:\/\/helas-fi.hel8.wp-cloud.dev\/wp-content\/uploads\/Veljestenpiha.webp\" \/>\n<meta name=\"twitter:card\" content=\"summary_large_image\" \/>\n<meta name=\"twitter:label1\" content=\"Ber\u00e4knad l\u00e4stid\" \/>\n\t<meta name=\"twitter:data1\" content=\"1 minut\" \/>\n<script type=\"application\/ld+json\" class=\"yoast-schema-graph\">{\"@context\":\"https:\/\/schema.org\",\"@graph\":[{\"@type\":\"WebPage\",\"@id\":\"https:\/\/helas-fi.hel8.wp-cloud.dev\/asuinkohteet\/\",\"url\":\"https:\/\/helas-fi.hel8.wp-cloud.dev\/asuinkohteet\/\",\"name\":\"Asuinkohteet | Helas asumisoikeusasunnot\",\"isPartOf\":{\"@id\":\"https:\/\/helas.fi\/#website\"},\"primaryImageOfPage\":{\"@id\":\"https:\/\/helas-fi.hel8.wp-cloud.dev\/asuinkohteet\/#primaryimage\"},\"image\":{\"@id\":\"https:\/\/helas-fi.hel8.wp-cloud.dev\/asuinkohteet\/#primaryimage\"},\"thumbnailUrl\":\"https:\/\/helas.fi\/wp-content\/uploads\/Veljestenpiha.webp\",\"datePublished\":\"2023-04-07T09:27:15+00:00\",\"dateModified\":\"2023-09-01T06:53:29+00:00\",\"description\":\"HELASin toiminnan l\u00e4ht\u00f6kohtia ovat viihtyisien ja toiminnallisesti monipuolisten asuinymp\u00e4rist\u00f6jen luominen, ymp\u00e4rist\u00f6yst\u00e4v\u00e4llisyys, energian ja luonnonvarojen s\u00e4\u00e4st\u00e4minen sek\u00e4 asukkaiden aktiivisen yhteistoiminnan edist\u00e4minen.\",\"breadcrumb\":{\"@id\":\"https:\/\/helas-fi.hel8.wp-cloud.dev\/asuinkohteet\/#breadcrumb\"},\"inLanguage\":\"sv-SE\",\"potentialAction\":[{\"@type\":\"ReadAction\",\"target\":[\"https:\/\/helas-fi.hel8.wp-cloud.dev\/asuinkohteet\/\"]}]},{\"@type\":\"ImageObject\",\"inLanguage\":\"sv-SE\",\"@id\":\"https:\/\/helas-fi.hel8.wp-cloud.dev\/asuinkohteet\/#primaryimage\",\"url\":\"https:\/\/helas.fi\/wp-content\/uploads\/Veljestenpiha.webp\",\"contentUrl\":\"https:\/\/helas.fi\/wp-content\/uploads\/Veljestenpiha.webp\"},{\"@type\":\"BreadcrumbList\",\"@id\":\"https:\/\/helas-fi.hel8.wp-cloud.dev\/asuinkohteet\/#breadcrumb\",\"itemListElement\":[{\"@type\":\"ListItem\",\"position\":1,\"name\":\"Home\",\"item\":\"https:\/\/helas.fi\/\"},{\"@type\":\"ListItem\",\"position\":2,\"name\":\"Asuinkohteet\"}]},{\"@type\":\"WebSite\",\"@id\":\"https:\/\/helas.fi\/#website\",\"url\":\"https:\/\/helas.fi\/\",\"name\":\"\",\"description\":\"Asumisoikeusasunnot Helsingiss\u00e4, Espoossa, Vantaalla ja Vihdiss\u00e4\",\"potentialAction\":[{\"@type\":\"SearchAction\",\"target\":{\"@type\":\"EntryPoint\",\"urlTemplate\":\"https:\/\/helas.fi\/?s={search_term_string}\"},\"query-input\":{\"@type\":\"PropertyValueSpecification\",\"valueRequired\":true,\"valueName\":\"search_term_string\"}}],\"inLanguage\":\"sv-SE\"}]}<\/script>\n<!-- \/ Yoast SEO plugin. -->","yoast_head_json":{"title":"Asuinkohteet | Helas asumisoikeusasunnot","description":"HELASin toiminnan l\u00e4ht\u00f6kohtia ovat viihtyisien ja toiminnallisesti monipuolisten asuinymp\u00e4rist\u00f6jen luominen, ymp\u00e4rist\u00f6yst\u00e4v\u00e4llisyys, energian ja luonnonvarojen s\u00e4\u00e4st\u00e4minen sek\u00e4 asukkaiden aktiivisen yhteistoiminnan edist\u00e4minen.","robots":{"index":"index","follow":"follow","max-snippet":"max-snippet:-1","max-image-preview":"max-image-preview:large","max-video-preview":"max-video-preview:-1"},"canonical":"https:\/\/helas-fi.hel8.wp-cloud.dev\/asuinkohteet\/","og_locale":"sv_SE","og_type":"article","og_title":"Asuinkohteet | Helas asumisoikeusasunnot","og_description":"HELASin toiminnan l\u00e4ht\u00f6kohtia ovat viihtyisien ja toiminnallisesti monipuolisten asuinymp\u00e4rist\u00f6jen luominen, ymp\u00e4rist\u00f6yst\u00e4v\u00e4llisyys, energian ja luonnonvarojen s\u00e4\u00e4st\u00e4minen sek\u00e4 asukkaiden aktiivisen yhteistoiminnan edist\u00e4minen.","og_url":"https:\/\/helas-fi.hel8.wp-cloud.dev\/asuinkohteet\/","article_modified_time":"2023-09-01T06:53:29+00:00","og_image":[{"url":"https:\/\/helas-fi.hel8.wp-cloud.dev\/wp-content\/uploads\/Veljestenpiha.webp"}],"twitter_card":"summary_large_image","twitter_misc":{"Ber\u00e4knad l\u00e4stid":"1 minut"},"schema":{"@context":"https:\/\/schema.org","@graph":[{"@type":"WebPage","@id":"https:\/\/helas-fi.hel8.wp-cloud.dev\/asuinkohteet\/","url":"https:\/\/helas-fi.hel8.wp-cloud.dev\/asuinkohteet\/","name":"Asuinkohteet | Helas asumisoikeusasunnot","isPartOf":{"@id":"https:\/\/helas.fi\/#website"},"primaryImageOfPage":{"@id":"https:\/\/helas-fi.hel8.wp-cloud.dev\/asuinkohteet\/#primaryimage"},"image":{"@id":"https:\/\/helas-fi.hel8.wp-cloud.dev\/asuinkohteet\/#primaryimage"},"thumbnailUrl":"https:\/\/helas.fi\/wp-content\/uploads\/Veljestenpiha.webp","datePublished":"2023-04-07T09:27:15+00:00","dateModified":"2023-09-01T06:53:29+00:00","description":"HELASin toiminnan l\u00e4ht\u00f6kohtia ovat viihtyisien ja toiminnallisesti monipuolisten asuinymp\u00e4rist\u00f6jen luominen, ymp\u00e4rist\u00f6yst\u00e4v\u00e4llisyys, energian ja luonnonvarojen s\u00e4\u00e4st\u00e4minen sek\u00e4 asukkaiden aktiivisen yhteistoiminnan edist\u00e4minen.","breadcrumb":{"@id":"https:\/\/helas-fi.hel8.wp-cloud.dev\/asuinkohteet\/#breadcrumb"},"inLanguage":"sv-SE","potentialAction":[{"@type":"ReadAction","target":["https:\/\/helas-fi.hel8.wp-cloud.dev\/asuinkohteet\/"]}]},{"@type":"ImageObject","inLanguage":"sv-SE","@id":"https:\/\/helas-fi.hel8.wp-cloud.dev\/asuinkohteet\/#primaryimage","url":"https:\/\/helas.fi\/wp-content\/uploads\/Veljestenpiha.webp","contentUrl":"https:\/\/helas.fi\/wp-content\/uploads\/Veljestenpiha.webp"},{"@type":"BreadcrumbList","@id":"https:\/\/helas-fi.hel8.wp-cloud.dev\/asuinkohteet\/#breadcrumb","itemListElement":[{"@type":"ListItem","position":1,"name":"Home","item":"https:\/\/helas.fi\/"},{"@type":"ListItem","position":2,"name":"Asuinkohteet"}]},{"@type":"WebSite","@id":"https:\/\/helas.fi\/#website","url":"https:\/\/helas.fi\/","name":"","description":"Asumisoikeusasunnot Helsingiss\u00e4, Espoossa, Vantaalla ja Vihdiss\u00e4","potentialAction":[{"@type":"SearchAction","target":{"@type":"EntryPoint","urlTemplate":"https:\/\/helas.fi\/?s={search_term_string}"},"query-input":{"@type":"PropertyValueSpecification","valueRequired":true,"valueName":"search_term_string"}}],"inLanguage":"sv-SE"}]}},"_links":{"self":[{"href":"https:\/\/helas.fi\/sv\/wp-json\/wp\/v2\/pages\/9339"}],"collection":[{"href":"https:\/\/helas.fi\/sv\/wp-json\/wp\/v2\/pages"}],"about":[{"href":"https:\/\/helas.fi\/sv\/wp-json\/wp\/v2\/types\/page"}],"author":[{"embeddable":true,"href":"https:\/\/helas.fi\/sv\/wp-json\/wp\/v2\/users\/73"}],"replies":[{"embeddable":true,"href":"https:\/\/helas.fi\/sv\/wp-json\/wp\/v2\/comments?post=9339"}],"version-history":[{"count":20,"href":"https:\/\/helas.fi\/sv\/wp-json\/wp\/v2\/pages\/9339\/revisions"}],"predecessor-version":[{"id":13601,"href":"https:\/\/helas.fi\/sv\/wp-json\/wp\/v2\/pages\/9339\/revisions\/13601"}],"wp:attachment":[{"href":"https:\/\/helas.fi\/sv\/wp-json\/wp\/v2\/media?parent=9339"}],"curies":[{"name":"wp","href":"https:\/\/api.w.org\/{rel}","templated":true}]}}